{"id":9576,"date":"2025-12-21T17:43:27","date_gmt":"2025-12-21T22:43:27","guid":{"rendered":"https:\/\/www.lescreationskline.com\/?post_type=product&#038;p=9576"},"modified":"2026-04-25T17:10:28","modified_gmt":"2026-04-25T21:10:28","slug":"impression-de-patrons-plans-de-travail-papier-bond-economy","status":"publish","type":"product","link":"https:\/\/www.lescreationskline.com\/en\/magasiner\/vinyle-logos\/decorations-publicitaires-commerces\/impression-de-patrons-plans-de-travail-papier-bond-economy\/","title":{"rendered":"Impression de Patrons \/ Plans de Travail \u2013 Papier Bond \/ Economy"},"content":{"rendered":"<h2 data-start=\"141\" data-end=\"221\">\ud83d\udda8\ufe0f <strong data-start=\"148\" data-end=\"216\">Impression de Patrons \/ Plans de Travail \u2013 Papier Bond \/ Economy<\/strong> \ud83d\udca1<\/h2>\n<p data-start=\"223\" data-end=\"396\">Vous avez besoin d\u2019imprimer vos patrons, plans de travail ou supports p\u00e9dagogiques rapidement et \u00e0 moindre co\u00fbt ? Nous vous proposons une solution \u00e9conomique et pratique !<\/p>\n<p data-start=\"398\" data-end=\"800\">\u2705 <strong data-start=\"400\" data-end=\"416\">Id\u00e9al pour :<\/strong> tests, \u00e9preuves, brouillons, impressions en grande quantit\u00e9 ou lorsque le co\u00fbt est un facteur<br data-start=\"510\" data-end=\"513\" \/>\u2705 <strong data-start=\"515\" data-end=\"532\">Utilisation :<\/strong> patrons de couture, plans de travail, sch\u00e9mas techniques, exercices scolaires ou designs simples<br data-start=\"629\" data-end=\"632\" \/>\u2705 <strong data-start=\"634\" data-end=\"662\">Papier pratique et l\u00e9ger<\/strong> \u2013 facile \u00e0 manipuler et \u00e0 transporter<br data-start=\"700\" data-end=\"703\" \/>\u2705 <strong data-start=\"705\" data-end=\"730\">Formats disponibles :<\/strong> 8.5\u00d711 \u2192 24\u00d732 pouces (ou sur demande pour des tailles sp\u00e9cifiques)<\/p>\n<p data-start=\"802\" data-end=\"1049\">\ud83d\udcda <strong data-start=\"805\" data-end=\"831\">Pour les professeurs :<\/strong><br data-start=\"831\" data-end=\"834\" \/>Imprimez vos fiches de travail, plans de cours, exercices, sch\u00e9mas ou affiches \u00e9ducatives rapidement et \u00e9conomiquement. Id\u00e9al pour pr\u00e9parer vos activit\u00e9s en classe ou cr\u00e9er des supports p\u00e9dagogiques personnalis\u00e9s.<\/p>\n<p data-start=\"1051\" data-end=\"1084\">\ud83d\udcb0 <strong data-start=\"1054\" data-end=\"1082\">Tarifs selon la taille :<\/strong><\/p>\n<div class=\"TyagGW_tableContainer\">\n<div class=\"group TyagGW_tableWrapper flex w-fit flex-col-reverse\" tabindex=\"-1\">\n<table class=\"w-fit min-w-(--thread-content-width)\" data-start=\"1085\" data-end=\"1270\">\n<thead data-start=\"1085\" data-end=\"1110\">\n<tr data-start=\"1085\" data-end=\"1110\">\n<th data-start=\"1085\" data-end=\"1094\" data-col-size=\"sm\">Taille<\/th>\n<th data-start=\"1094\" data-end=\"1110\" data-col-size=\"sm\">Prix sugg\u00e9r\u00e9<\/th>\n<\/tr>\n<\/thead>\n<tbody data-start=\"1137\" data-end=\"1270\">\n<tr data-start=\"1137\" data-end=\"1156\">\n<td data-start=\"1137\" data-end=\"1146\" data-col-size=\"sm\">8.5\u00d711<\/td>\n<td data-start=\"1146\" data-end=\"1156\" data-col-size=\"sm\">2,50 $<\/td>\n<\/tr>\n<tr data-start=\"1157\" data-end=\"1175\">\n<td data-start=\"1157\" data-end=\"1165\" data-col-size=\"sm\">11\u00d717<\/td>\n<td data-start=\"1165\" data-end=\"1175\" data-col-size=\"sm\">3,50 $<\/td>\n<\/tr>\n<tr data-start=\"1176\" data-end=\"1191\">\n<td data-start=\"1176\" data-end=\"1184\" data-col-size=\"sm\">16\u00d720<\/td>\n<td data-start=\"1184\" data-end=\"1191\" data-col-size=\"sm\">5 $<\/td>\n<\/tr>\n<tr data-start=\"1192\" data-end=\"1213\">\n<td data-start=\"1192\" data-end=\"1200\" data-col-size=\"sm\">18\u00d724<\/td>\n<td data-start=\"1200\" data-end=\"1213\" data-col-size=\"sm\">6 $<\/td>\n<\/tr>\n<tr data-start=\"1214\" data-end=\"1236\">\n<td data-start=\"1214\" data-end=\"1222\" data-col-size=\"sm\">20\u00d730<\/td>\n<td data-col-size=\"sm\" data-start=\"1222\" data-end=\"1236\">8 $ \u2013 10 $<\/td>\n<\/tr>\n<tr data-start=\"1237\" data-end=\"1253\">\n<td data-start=\"1237\" data-end=\"1245\" data-col-size=\"sm\">22\u00d728<\/td>\n<td data-start=\"1245\" data-end=\"1253\" data-col-size=\"sm\">10 $<\/td>\n<\/tr>\n<tr data-start=\"1254\" data-end=\"1270\">\n<td data-start=\"1254\" data-end=\"1262\" data-col-size=\"sm\">24\u00d732<\/td>\n<td data-start=\"1262\" data-end=\"1270\" data-col-size=\"sm\">12 $<\/td>\n<\/tr>\n<\/tbody>\n<\/table>\n<\/div>\n<\/div>\n<p data-start=\"1272\" data-end=\"1522\">\ud83d\udca1 <strong data-start=\"1275\" data-end=\"1289\">Remarque :<\/strong> Ce papier est con\u00e7u pour des impressions \u00e9conomiques et fonctionnelles. Pour des projets d\u00e9coratifs ou des affiches \u00e0 forte valeur ajout\u00e9e, nous recommandons nos <strong data-start=\"1452\" data-end=\"1486\">papiers Premium \/ Photo Finish<\/strong> ou <strong data-start=\"1490\" data-end=\"1519\">panneaux en carton-mousse<\/strong>.<\/p>\n<p data-start=\"1524\" data-end=\"1623\">\ud83d\udce6 <strong data-start=\"1527\" data-end=\"1558\">Livraison \/ remise locale :<\/strong> protection incluse pour que vos impressions arrivent intactes.<\/p>\n<p data-start=\"1625\" data-end=\"1774\">\ud83d\udce2 <strong data-start=\"1628\" data-end=\"1656\">Commandez d\u00e8s maintenant<\/strong> et obtenez vos patrons, plans de travail ou supports p\u00e9dagogiques imprim\u00e9s rapidement, proprement et \u00e0 petit prix !<\/p>\n<p data-start=\"1178\" data-end=\"1304\">\n","protected":false},"excerpt":{"rendered":"<p>\ud83d\udda8\ufe0f Impression de Patrons \/ Plans de Travail \u2013 Papier Bond \/ Economy \ud83d\udca1 Vous avez besoin d\u2019imprimer vos patrons, plans de travail ou supports p\u00e9dagogiques rapidement et \u00e0 moindre co\u00fbt ? Nous vous proposons une solution \u00e9conomique et pratique ! \u2705 Id\u00e9al pour : tests, \u00e9preuves, brouillons, impressions en grande quantit\u00e9 ou lorsque le [&hellip;]<\/p>\n","protected":false},"featured_media":9577,"comment_status":"open","ping_status":"closed","template":"","meta":{"_et_pb_use_builder":"","_et_pb_old_content":"","_et_gb_content_width":""},"product_brand":[],"product_cat":[3097,2876],"product_tag":[3096],"occasion":[],"class_list":{"0":"post-9576","1":"product","2":"type-product","3":"status-publish","4":"has-post-thumbnail","6":"product_cat-vinyle-logos","7":"product_cat-decorations-publicitaires-commerces","8":"product_tag-impressions","9":"pa_grandeur-11x17","10":"pa_grandeur-16x20","11":"pa_grandeur-18x24","12":"pa_grandeur-20x30","13":"pa_grandeur-22x28","14":"pa_grandeur-24x32","15":"pa_grandeur-8x11","17":"first","18":"instock","19":"shipping-taxable","20":"purchasable","21":"product-type-variable"},"yoast_head":"<!-- This site is optimized with the Yoast SEO plugin v27.2 - https:\/\/yoast.com\/product\/yoast-seo-wordpress\/ -->\n<title>Impression de Patrons \/ Plans de Travail \u2013 Papier Bond \/ Economy - Les Cr\u00e9ations Kline<\/title>\n<meta name=\"description\" content=\"Besoin d\u2019imprimer vos patrons, plans de travail rapidement et \u00e0 moindre co\u00fbt ? Nous vous proposons une solution \u00e9conomique et pratique !\" \/>\n<meta name=\"robots\" content=\"index, follow, max-snippet:-1, max-image-preview:large, max-video-preview:-1\" \/>\n<link rel=\"canonical\" href=\"https:\/\/www.lescreationskline.com\/en\/magasiner\/vinyle-logos\/decorations-publicitaires-commerces\/impression-de-patrons-plans-de-travail-papier-bond-economy\/\" \/>\n<meta property=\"og:locale\" content=\"en_US\" \/>\n<meta property=\"og:type\" content=\"article\" \/>\n<meta property=\"og:title\" content=\"Impression de Patrons \/ Plans de Travail \u2013 Papier Bond \/ Economy - Les Cr\u00e9ations Kline\" \/>\n<meta property=\"og:description\" content=\"Besoin d\u2019imprimer vos patrons, plans de travail rapidement et \u00e0 moindre co\u00fbt ? Nous vous proposons une solution \u00e9conomique et pratique !\" \/>\n<meta property=\"og:url\" content=\"https:\/\/www.lescreationskline.com\/en\/magasiner\/vinyle-logos\/decorations-publicitaires-commerces\/impression-de-patrons-plans-de-travail-papier-bond-economy\/\" \/>\n<meta property=\"og:site_name\" content=\"Les Cr\u00e9ations Kline\" \/>\n<meta property=\"article:modified_time\" content=\"2026-04-25T21:10:28+00:00\" \/>\n<meta property=\"og:image\" content=\"https:\/\/www.lescreationskline.com\/wp-content\/uploads\/2025\/12\/Blueprints-and-patterns-for-design-work.png\" \/>\n\t<meta property=\"og:image:width\" content=\"1024\" \/>\n\t<meta property=\"og:image:height\" content=\"1024\" \/>\n\t<meta property=\"og:image:type\" content=\"image\/png\" \/>\n<meta name=\"twitter:label1\" content=\"Est. reading time\" \/>\n\t<meta name=\"twitter:data1\" content=\"2 minutes\" \/>\n<script type=\"application\/ld+json\" class=\"yoast-schema-graph\">{\"@context\":\"https:\/\/schema.org\",\"@graph\":[{\"@type\":\"WebPage\",\"@id\":\"https:\/\/www.lescreationskline.com\/en\/magasiner\/vinyle-logos\/decorations-publicitaires-commerces\/impression-de-patrons-plans-de-travail-papier-bond-economy\/\",\"url\":\"https:\/\/www.lescreationskline.com\/en\/magasiner\/vinyle-logos\/decorations-publicitaires-commerces\/impression-de-patrons-plans-de-travail-papier-bond-economy\/\",\"name\":\"Impression de Patrons \/ Plans de Travail \u2013 Papier Bond \/ Economy - Les Cr\u00e9ations Kline\",\"isPartOf\":{\"@id\":\"https:\/\/www.lescreationskline.com\/en\/#website\"},\"primaryImageOfPage\":{\"@id\":\"https:\/\/www.lescreationskline.com\/en\/magasiner\/vinyle-logos\/decorations-publicitaires-commerces\/impression-de-patrons-plans-de-travail-papier-bond-economy\/#primaryimage\"},\"image\":{\"@id\":\"https:\/\/www.lescreationskline.com\/en\/magasiner\/vinyle-logos\/decorations-publicitaires-commerces\/impression-de-patrons-plans-de-travail-papier-bond-economy\/#primaryimage\"},\"thumbnailUrl\":\"https:\/\/www.lescreationskline.com\/wp-content\/uploads\/2025\/12\/Blueprints-and-patterns-for-design-work.png\",\"datePublished\":\"2025-12-21T22:43:27+00:00\",\"dateModified\":\"2026-04-25T21:10:28+00:00\",\"description\":\"Besoin d\u2019imprimer vos patrons, plans de travail rapidement et \u00e0 moindre co\u00fbt ? Nous vous proposons une solution \u00e9conomique et pratique !\",\"breadcrumb\":{\"@id\":\"https:\/\/www.lescreationskline.com\/en\/magasiner\/vinyle-logos\/decorations-publicitaires-commerces\/impression-de-patrons-plans-de-travail-papier-bond-economy\/#breadcrumb\"},\"inLanguage\":\"en-US\",\"potentialAction\":[{\"@type\":\"ReadAction\",\"target\":[\"https:\/\/www.lescreationskline.com\/en\/magasiner\/vinyle-logos\/decorations-publicitaires-commerces\/impression-de-patrons-plans-de-travail-papier-bond-economy\/\"]}]},{\"@type\":\"ImageObject\",\"inLanguage\":\"en-US\",\"@id\":\"https:\/\/www.lescreationskline.com\/en\/magasiner\/vinyle-logos\/decorations-publicitaires-commerces\/impression-de-patrons-plans-de-travail-papier-bond-economy\/#primaryimage\",\"url\":\"https:\/\/www.lescreationskline.com\/wp-content\/uploads\/2025\/12\/Blueprints-and-patterns-for-design-work.png\",\"contentUrl\":\"https:\/\/www.lescreationskline.com\/wp-content\/uploads\/2025\/12\/Blueprints-and-patterns-for-design-work.png\",\"width\":1024,\"height\":1024},{\"@type\":\"BreadcrumbList\",\"@id\":\"https:\/\/www.lescreationskline.com\/en\/magasiner\/vinyle-logos\/decorations-publicitaires-commerces\/impression-de-patrons-plans-de-travail-papier-bond-economy\/#breadcrumb\",\"itemListElement\":[{\"@type\":\"ListItem\",\"position\":1,\"name\":\"Accueil\",\"item\":\"https:\/\/www.lescreationskline.com\/en\/reception\/\"},{\"@type\":\"ListItem\",\"position\":2,\"name\":\"Shop\",\"item\":\"https:\/\/www.lescreationskline.com\/en\/shop\/\"},{\"@type\":\"ListItem\",\"position\":3,\"name\":\"Vinyle &amp; logos\",\"item\":\"https:\/\/www.lescreationskline.com\/categorie-produit\/vinyle-logos\/\"},{\"@type\":\"ListItem\",\"position\":4,\"name\":\"D\u00e9corations Publicitaires &amp; Commerces\",\"item\":\"https:\/\/www.lescreationskline.com\/categorie-produit\/vinyle-logos\/decorations-publicitaires-commerces\/\"},{\"@type\":\"ListItem\",\"position\":5,\"name\":\"Impression de Patrons \/ Plans de Travail \u2013 Papier Bond \/ Economy\"}]},{\"@type\":\"WebSite\",\"@id\":\"https:\/\/www.lescreationskline.com\/en\/#website\",\"url\":\"https:\/\/www.lescreationskline.com\/en\/\",\"name\":\"Les Cr\u00e9ations Kline\",\"description\":\"Fabriqu\u00e9s \u00e0 la main\",\"potentialAction\":[{\"@type\":\"SearchAction\",\"target\":{\"@type\":\"EntryPoint\",\"urlTemplate\":\"https:\/\/www.lescreationskline.com\/en\/?s={search_term_string}\"},\"query-input\":{\"@type\":\"PropertyValueSpecification\",\"valueRequired\":true,\"valueName\":\"search_term_string\"}}],\"inLanguage\":\"en-US\"}]}<\/script>\n<!-- \/ Yoast SEO plugin. -->","yoast_head_json":{"title":"Impression de Patrons \/ Plans de Travail \u2013 Papier Bond \/ Economy - Les Cr\u00e9ations Kline","description":"Besoin d\u2019imprimer vos patrons, plans de travail rapidement et \u00e0 moindre co\u00fbt ? Nous vous proposons une solution \u00e9conomique et pratique !","robots":{"index":"index","follow":"follow","max-snippet":"max-snippet:-1","max-image-preview":"max-image-preview:large","max-video-preview":"max-video-preview:-1"},"canonical":"https:\/\/www.lescreationskline.com\/en\/magasiner\/vinyle-logos\/decorations-publicitaires-commerces\/impression-de-patrons-plans-de-travail-papier-bond-economy\/","og_locale":"en_US","og_type":"article","og_title":"Impression de Patrons \/ Plans de Travail \u2013 Papier Bond \/ Economy - Les Cr\u00e9ations Kline","og_description":"Besoin d\u2019imprimer vos patrons, plans de travail rapidement et \u00e0 moindre co\u00fbt ? Nous vous proposons une solution \u00e9conomique et pratique !","og_url":"https:\/\/www.lescreationskline.com\/en\/magasiner\/vinyle-logos\/decorations-publicitaires-commerces\/impression-de-patrons-plans-de-travail-papier-bond-economy\/","og_site_name":"Les Cr\u00e9ations Kline","article_modified_time":"2026-04-25T21:10:28+00:00","og_image":[{"width":1024,"height":1024,"url":"https:\/\/www.lescreationskline.com\/wp-content\/uploads\/2025\/12\/Blueprints-and-patterns-for-design-work.png","type":"image\/png"}],"twitter_misc":{"Est. reading time":"2 minutes"},"schema":{"@context":"https:\/\/schema.org","@graph":[{"@type":"WebPage","@id":"https:\/\/www.lescreationskline.com\/en\/magasiner\/vinyle-logos\/decorations-publicitaires-commerces\/impression-de-patrons-plans-de-travail-papier-bond-economy\/","url":"https:\/\/www.lescreationskline.com\/en\/magasiner\/vinyle-logos\/decorations-publicitaires-commerces\/impression-de-patrons-plans-de-travail-papier-bond-economy\/","name":"Impression de Patrons \/ Plans de Travail \u2013 Papier Bond \/ Economy - Les Cr\u00e9ations Kline","isPartOf":{"@id":"https:\/\/www.lescreationskline.com\/en\/#website"},"primaryImageOfPage":{"@id":"https:\/\/www.lescreationskline.com\/en\/magasiner\/vinyle-logos\/decorations-publicitaires-commerces\/impression-de-patrons-plans-de-travail-papier-bond-economy\/#primaryimage"},"image":{"@id":"https:\/\/www.lescreationskline.com\/en\/magasiner\/vinyle-logos\/decorations-publicitaires-commerces\/impression-de-patrons-plans-de-travail-papier-bond-economy\/#primaryimage"},"thumbnailUrl":"https:\/\/www.lescreationskline.com\/wp-content\/uploads\/2025\/12\/Blueprints-and-patterns-for-design-work.png","datePublished":"2025-12-21T22:43:27+00:00","dateModified":"2026-04-25T21:10:28+00:00","description":"Besoin d\u2019imprimer vos patrons, plans de travail rapidement et \u00e0 moindre co\u00fbt ? Nous vous proposons une solution \u00e9conomique et pratique !","breadcrumb":{"@id":"https:\/\/www.lescreationskline.com\/en\/magasiner\/vinyle-logos\/decorations-publicitaires-commerces\/impression-de-patrons-plans-de-travail-papier-bond-economy\/#breadcrumb"},"inLanguage":"en-US","potentialAction":[{"@type":"ReadAction","target":["https:\/\/www.lescreationskline.com\/en\/magasiner\/vinyle-logos\/decorations-publicitaires-commerces\/impression-de-patrons-plans-de-travail-papier-bond-economy\/"]}]},{"@type":"ImageObject","inLanguage":"en-US","@id":"https:\/\/www.lescreationskline.com\/en\/magasiner\/vinyle-logos\/decorations-publicitaires-commerces\/impression-de-patrons-plans-de-travail-papier-bond-economy\/#primaryimage","url":"https:\/\/www.lescreationskline.com\/wp-content\/uploads\/2025\/12\/Blueprints-and-patterns-for-design-work.png","contentUrl":"https:\/\/www.lescreationskline.com\/wp-content\/uploads\/2025\/12\/Blueprints-and-patterns-for-design-work.png","width":1024,"height":1024},{"@type":"BreadcrumbList","@id":"https:\/\/www.lescreationskline.com\/en\/magasiner\/vinyle-logos\/decorations-publicitaires-commerces\/impression-de-patrons-plans-de-travail-papier-bond-economy\/#breadcrumb","itemListElement":[{"@type":"ListItem","position":1,"name":"Accueil","item":"https:\/\/www.lescreationskline.com\/en\/reception\/"},{"@type":"ListItem","position":2,"name":"Shop","item":"https:\/\/www.lescreationskline.com\/en\/shop\/"},{"@type":"ListItem","position":3,"name":"Vinyle &amp; logos","item":"https:\/\/www.lescreationskline.com\/categorie-produit\/vinyle-logos\/"},{"@type":"ListItem","position":4,"name":"D\u00e9corations Publicitaires &amp; Commerces","item":"https:\/\/www.lescreationskline.com\/categorie-produit\/vinyle-logos\/decorations-publicitaires-commerces\/"},{"@type":"ListItem","position":5,"name":"Impression de Patrons \/ Plans de Travail \u2013 Papier Bond \/ Economy"}]},{"@type":"WebSite","@id":"https:\/\/www.lescreationskline.com\/en\/#website","url":"https:\/\/www.lescreationskline.com\/en\/","name":"Les Cr\u00e9ations Kline","description":"Fabriqu\u00e9s \u00e0 la main","potentialAction":[{"@type":"SearchAction","target":{"@type":"EntryPoint","urlTemplate":"https:\/\/www.lescreationskline.com\/en\/?s={search_term_string}"},"query-input":{"@type":"PropertyValueSpecification","valueRequired":true,"valueName":"search_term_string"}}],"inLanguage":"en-US"}]}},"_links":{"self":[{"href":"https:\/\/www.lescreationskline.com\/en\/wp-json\/wp\/v2\/product\/9576","targetHints":{"allow":["GET"]}}],"collection":[{"href":"https:\/\/www.lescreationskline.com\/en\/wp-json\/wp\/v2\/product"}],"about":[{"href":"https:\/\/www.lescreationskline.com\/en\/wp-json\/wp\/v2\/types\/product"}],"replies":[{"embeddable":true,"href":"https:\/\/www.lescreationskline.com\/en\/wp-json\/wp\/v2\/comments?post=9576"}],"wp:featuredmedia":[{"embeddable":true,"href":"https:\/\/www.lescreationskline.com\/en\/wp-json\/wp\/v2\/media\/9577"}],"wp:attachment":[{"href":"https:\/\/www.lescreationskline.com\/en\/wp-json\/wp\/v2\/media?parent=9576"}],"wp:term":[{"taxonomy":"product_brand","embeddable":true,"href":"https:\/\/www.lescreationskline.com\/en\/wp-json\/wp\/v2\/product_brand?post=9576"},{"taxonomy":"product_cat","embeddable":true,"href":"https:\/\/www.lescreationskline.com\/en\/wp-json\/wp\/v2\/product_cat?post=9576"},{"taxonomy":"product_tag","embeddable":true,"href":"https:\/\/www.lescreationskline.com\/en\/wp-json\/wp\/v2\/product_tag?post=9576"},{"taxonomy":"occasion","embeddable":true,"href":"https:\/\/www.lescreationskline.com\/en\/wp-json\/wp\/v2\/occasion?post=9576"}],"curies":[{"name":"wp","href":"https:\/\/api.w.org\/{rel}","templated":true}]}}