{"id":8235,"date":"2025-03-29T17:59:13","date_gmt":"2025-03-29T21:59:13","guid":{"rendered":"https:\/\/www.lescreationskline.com\/produit\/t-shirt-mom-inspirational-message\/"},"modified":"2025-03-29T17:59:13","modified_gmt":"2025-03-29T21:59:13","slug":"t-shirt-mom-inspirational-message","status":"publish","type":"product","link":"https:\/\/www.lescreationskline.com\/en\/magasiner\/shop\/womens-clothing\/t-shirt-mom-inspirational-message\/","title":{"rendered":"T-shirt &#8220;MOM&#8221; Inspirational Message"},"content":{"rendered":"<p class=\"\" data-start=\"0\" data-end=\"59\">\ud83c\udf38 <strong data-start=\"3\" data-end=\"56\">T-shirt &#8220;MOM&#8221; Inspirational<\/strong> \ud83c\udf38 Message<\/p>\n<p class=\"\" data-start=\"61\" data-end=\"330\">This t-shirt is a tribute to strong, determined, independent and loyal moms! \ud83d\udcaa\ud83d\udc96 With its elegant pink flower design and inspiring message, it&#8217;s perfect for all moms who are hard workers and steadfast sources of love. <\/p>\n<p class=\"\" data-start=\"332\" data-end=\"540\">\u2728 <strong data-start=\"334\" data-end=\"354\">Features<\/strong> : \u2714\ufe0f Sublimated design for vibrant and long-lasting \u2714\ufe0f colors Quality T-shirt, comfortable and soft \u2714\ufe0f Perfect for all admirable \u2714\ufe0f moms Available in different sizes<\/p>\n<p class=\"\" data-start=\"542\" data-end=\"620\">\ud83c\udf81 <strong data-start=\"545\" data-end=\"564\">An ideal gift<\/strong> to celebrate the strength and determination of moms!<\/p>\n<p class=\"\" data-start=\"622\" data-end=\"735\">\ud83d\udce6 <strong data-start=\"625\" data-end=\"647\">Limited Quantities<\/strong> \u2013 Order now to gift this inspiring t-shirt to an exceptional mom.<\/p>\n<p class=\"\" data-start=\"737\" data-end=\"792\">\ud83d\udce9 For more information or to order, contact us.<\/p>\n<p class=\"\" data-start=\"794\" data-end=\"830\">\ud83d\ude9a <strong data-start=\"797\" data-end=\"830\" data-is-last-node=\"\">Fast delivery available!<\/strong><\/p>\n","protected":false},"excerpt":{"rendered":"<p>\ud83c\udf38 T-shirt &#8220;MOM&#8221; Inspirational \ud83c\udf38 Message This t-shirt is a tribute to strong, determined, independent and loyal moms! \ud83d\udcaa\ud83d\udc96 With its elegant pink flower design and inspiring message, it&#8217;s perfect for all moms who are hard workers and steadfast sources of love. \u2728 Features : \u2714\ufe0f Sublimated design for vibrant and long-lasting \u2714\ufe0f colors Quality [&hellip;]<\/p>\n","protected":false},"featured_media":7713,"comment_status":"open","ping_status":"closed","template":"","meta":{"_et_pb_use_builder":"","_et_pb_old_content":"","_et_gb_content_width":""},"product_brand":[],"product_cat":[1358,1628],"product_tag":[],"occasion":[],"class_list":{"0":"post-8235","1":"product","2":"type-product","3":"status-publish","4":"has-post-thumbnail","6":"product_cat-clothing-for-the-whole-family","7":"product_cat-womens-clothing","8":"product_shipping_class-cp-standard-free-envelope","10":"first","11":"instock","12":"shipping-taxable","13":"purchasable","14":"product-type-simple"},"yoast_head":"<!-- This site is optimized with the Yoast SEO plugin v27.2 - https:\/\/yoast.com\/product\/yoast-seo-wordpress\/ -->\n<title>T-shirt &quot;MOM&quot; Inspirational Message - Les Cr\u00e9ations Kline<\/title>\n<meta name=\"description\" content=\"T-shirt &quot;MOM&quot; inspiring message. A tribute to strong, determined, independent and loyal mothers. Inspirational message, it is perfect for all moms.\" \/>\n<meta name=\"robots\" content=\"index, follow, max-snippet:-1, max-image-preview:large, max-video-preview:-1\" \/>\n<link rel=\"canonical\" href=\"https:\/\/www.lescreationskline.com\/en\/magasiner\/shop\/womens-clothing\/t-shirt-mom-inspirational-message\/\" \/>\n<meta property=\"og:locale\" content=\"en_US\" \/>\n<meta property=\"og:type\" content=\"article\" \/>\n<meta property=\"og:title\" content=\"T-shirt &quot;MOM&quot; Inspirational Message - Les Cr\u00e9ations Kline\" \/>\n<meta property=\"og:description\" content=\"T-shirt &quot;MOM&quot; inspiring message. A tribute to strong, determined, independent and loyal mothers. Inspirational message, it is perfect for all moms.\" \/>\n<meta property=\"og:url\" content=\"https:\/\/www.lescreationskline.com\/en\/magasiner\/shop\/womens-clothing\/t-shirt-mom-inspirational-message\/\" \/>\n<meta property=\"og:site_name\" content=\"Les Cr\u00e9ations Kline\" \/>\n<meta property=\"og:image\" content=\"https:\/\/www.lescreationskline.com\/wp-content\/uploads\/2025\/03\/CATALOG-FACEBOOK-PUB-59.png\" \/>\n\t<meta property=\"og:image:width\" content=\"940\" \/>\n\t<meta property=\"og:image:height\" content=\"788\" \/>\n\t<meta property=\"og:image:type\" content=\"image\/png\" \/>\n<script type=\"application\/ld+json\" class=\"yoast-schema-graph\">{\"@context\":\"https:\/\/schema.org\",\"@graph\":[{\"@type\":\"WebPage\",\"@id\":\"https:\/\/www.lescreationskline.com\/en\/magasiner\/shop\/womens-clothing\/t-shirt-mom-inspirational-message\/\",\"url\":\"https:\/\/www.lescreationskline.com\/en\/magasiner\/shop\/womens-clothing\/t-shirt-mom-inspirational-message\/\",\"name\":\"T-shirt \\\"MOM\\\" Inspirational Message - Les Cr\u00e9ations Kline\",\"isPartOf\":{\"@id\":\"https:\/\/www.lescreationskline.com\/en\/#website\"},\"primaryImageOfPage\":{\"@id\":\"https:\/\/www.lescreationskline.com\/en\/magasiner\/shop\/womens-clothing\/t-shirt-mom-inspirational-message\/#primaryimage\"},\"image\":{\"@id\":\"https:\/\/www.lescreationskline.com\/en\/magasiner\/shop\/womens-clothing\/t-shirt-mom-inspirational-message\/#primaryimage\"},\"thumbnailUrl\":\"https:\/\/www.lescreationskline.com\/wp-content\/uploads\/2025\/03\/CATALOG-FACEBOOK-PUB-59.png\",\"datePublished\":\"2025-03-29T21:59:13+00:00\",\"description\":\"T-shirt \\\"MOM\\\" inspiring message. A tribute to strong, determined, independent and loyal mothers. Inspirational message, it is perfect for all moms.\",\"breadcrumb\":{\"@id\":\"https:\/\/www.lescreationskline.com\/en\/magasiner\/shop\/womens-clothing\/t-shirt-mom-inspirational-message\/#breadcrumb\"},\"inLanguage\":\"en-US\",\"potentialAction\":[{\"@type\":\"ReadAction\",\"target\":[\"https:\/\/www.lescreationskline.com\/en\/magasiner\/shop\/womens-clothing\/t-shirt-mom-inspirational-message\/\"]}]},{\"@type\":\"ImageObject\",\"inLanguage\":\"en-US\",\"@id\":\"https:\/\/www.lescreationskline.com\/en\/magasiner\/shop\/womens-clothing\/t-shirt-mom-inspirational-message\/#primaryimage\",\"url\":\"https:\/\/www.lescreationskline.com\/wp-content\/uploads\/2025\/03\/CATALOG-FACEBOOK-PUB-59.png\",\"contentUrl\":\"https:\/\/www.lescreationskline.com\/wp-content\/uploads\/2025\/03\/CATALOG-FACEBOOK-PUB-59.png\",\"width\":940,\"height\":788,\"caption\":\"\\\"MOM\\\" T-Shirt Inspirational Message\"},{\"@type\":\"BreadcrumbList\",\"@id\":\"https:\/\/www.lescreationskline.com\/en\/magasiner\/shop\/womens-clothing\/t-shirt-mom-inspirational-message\/#breadcrumb\",\"itemListElement\":[{\"@type\":\"ListItem\",\"position\":1,\"name\":\"Accueil\",\"item\":\"https:\/\/www.lescreationskline.com\/en\/reception\/\"},{\"@type\":\"ListItem\",\"position\":2,\"name\":\"Shop\",\"item\":\"https:\/\/www.lescreationskline.com\/en\/shop\/\"},{\"@type\":\"ListItem\",\"position\":3,\"name\":\"Shop\",\"item\":\"https:\/\/www.lescreationskline.com\/en\/categorie-produit\/shop\/\"},{\"@type\":\"ListItem\",\"position\":4,\"name\":\"Women's Clothing\",\"item\":\"https:\/\/www.lescreationskline.com\/en\/categorie-produit\/shop\/womens-clothing\/\"},{\"@type\":\"ListItem\",\"position\":5,\"name\":\"T-shirt \u00ab\u00a0MOM\u00a0\u00bb Inspirational Message\"}]},{\"@type\":\"WebSite\",\"@id\":\"https:\/\/www.lescreationskline.com\/en\/#website\",\"url\":\"https:\/\/www.lescreationskline.com\/en\/\",\"name\":\"Les Cr\u00e9ations Kline\",\"description\":\"Fabriqu\u00e9s \u00e0 la main\",\"potentialAction\":[{\"@type\":\"SearchAction\",\"target\":{\"@type\":\"EntryPoint\",\"urlTemplate\":\"https:\/\/www.lescreationskline.com\/en\/?s={search_term_string}\"},\"query-input\":{\"@type\":\"PropertyValueSpecification\",\"valueRequired\":true,\"valueName\":\"search_term_string\"}}],\"inLanguage\":\"en-US\"}]}<\/script>\n<!-- \/ Yoast SEO plugin. -->","yoast_head_json":{"title":"T-shirt \"MOM\" Inspirational Message - Les Cr\u00e9ations Kline","description":"T-shirt \"MOM\" inspiring message. A tribute to strong, determined, independent and loyal mothers. Inspirational message, it is perfect for all moms.","robots":{"index":"index","follow":"follow","max-snippet":"max-snippet:-1","max-image-preview":"max-image-preview:large","max-video-preview":"max-video-preview:-1"},"canonical":"https:\/\/www.lescreationskline.com\/en\/magasiner\/shop\/womens-clothing\/t-shirt-mom-inspirational-message\/","og_locale":"en_US","og_type":"article","og_title":"T-shirt \"MOM\" Inspirational Message - Les Cr\u00e9ations Kline","og_description":"T-shirt \"MOM\" inspiring message. A tribute to strong, determined, independent and loyal mothers. Inspirational message, it is perfect for all moms.","og_url":"https:\/\/www.lescreationskline.com\/en\/magasiner\/shop\/womens-clothing\/t-shirt-mom-inspirational-message\/","og_site_name":"Les Cr\u00e9ations Kline","og_image":[{"width":940,"height":788,"url":"https:\/\/www.lescreationskline.com\/wp-content\/uploads\/2025\/03\/CATALOG-FACEBOOK-PUB-59.png","type":"image\/png"}],"schema":{"@context":"https:\/\/schema.org","@graph":[{"@type":"WebPage","@id":"https:\/\/www.lescreationskline.com\/en\/magasiner\/shop\/womens-clothing\/t-shirt-mom-inspirational-message\/","url":"https:\/\/www.lescreationskline.com\/en\/magasiner\/shop\/womens-clothing\/t-shirt-mom-inspirational-message\/","name":"T-shirt \"MOM\" Inspirational Message - Les Cr\u00e9ations Kline","isPartOf":{"@id":"https:\/\/www.lescreationskline.com\/en\/#website"},"primaryImageOfPage":{"@id":"https:\/\/www.lescreationskline.com\/en\/magasiner\/shop\/womens-clothing\/t-shirt-mom-inspirational-message\/#primaryimage"},"image":{"@id":"https:\/\/www.lescreationskline.com\/en\/magasiner\/shop\/womens-clothing\/t-shirt-mom-inspirational-message\/#primaryimage"},"thumbnailUrl":"https:\/\/www.lescreationskline.com\/wp-content\/uploads\/2025\/03\/CATALOG-FACEBOOK-PUB-59.png","datePublished":"2025-03-29T21:59:13+00:00","description":"T-shirt \"MOM\" inspiring message. A tribute to strong, determined, independent and loyal mothers. Inspirational message, it is perfect for all moms.","breadcrumb":{"@id":"https:\/\/www.lescreationskline.com\/en\/magasiner\/shop\/womens-clothing\/t-shirt-mom-inspirational-message\/#breadcrumb"},"inLanguage":"en-US","potentialAction":[{"@type":"ReadAction","target":["https:\/\/www.lescreationskline.com\/en\/magasiner\/shop\/womens-clothing\/t-shirt-mom-inspirational-message\/"]}]},{"@type":"ImageObject","inLanguage":"en-US","@id":"https:\/\/www.lescreationskline.com\/en\/magasiner\/shop\/womens-clothing\/t-shirt-mom-inspirational-message\/#primaryimage","url":"https:\/\/www.lescreationskline.com\/wp-content\/uploads\/2025\/03\/CATALOG-FACEBOOK-PUB-59.png","contentUrl":"https:\/\/www.lescreationskline.com\/wp-content\/uploads\/2025\/03\/CATALOG-FACEBOOK-PUB-59.png","width":940,"height":788,"caption":"\"MOM\" T-Shirt Inspirational Message"},{"@type":"BreadcrumbList","@id":"https:\/\/www.lescreationskline.com\/en\/magasiner\/shop\/womens-clothing\/t-shirt-mom-inspirational-message\/#breadcrumb","itemListElement":[{"@type":"ListItem","position":1,"name":"Accueil","item":"https:\/\/www.lescreationskline.com\/en\/reception\/"},{"@type":"ListItem","position":2,"name":"Shop","item":"https:\/\/www.lescreationskline.com\/en\/shop\/"},{"@type":"ListItem","position":3,"name":"Shop","item":"https:\/\/www.lescreationskline.com\/en\/categorie-produit\/shop\/"},{"@type":"ListItem","position":4,"name":"Women's Clothing","item":"https:\/\/www.lescreationskline.com\/en\/categorie-produit\/shop\/womens-clothing\/"},{"@type":"ListItem","position":5,"name":"T-shirt \u00ab\u00a0MOM\u00a0\u00bb Inspirational Message"}]},{"@type":"WebSite","@id":"https:\/\/www.lescreationskline.com\/en\/#website","url":"https:\/\/www.lescreationskline.com\/en\/","name":"Les Cr\u00e9ations Kline","description":"Fabriqu\u00e9s \u00e0 la main","potentialAction":[{"@type":"SearchAction","target":{"@type":"EntryPoint","urlTemplate":"https:\/\/www.lescreationskline.com\/en\/?s={search_term_string}"},"query-input":{"@type":"PropertyValueSpecification","valueRequired":true,"valueName":"search_term_string"}}],"inLanguage":"en-US"}]}},"_links":{"self":[{"href":"https:\/\/www.lescreationskline.com\/en\/wp-json\/wp\/v2\/product\/8235","targetHints":{"allow":["GET"]}}],"collection":[{"href":"https:\/\/www.lescreationskline.com\/en\/wp-json\/wp\/v2\/product"}],"about":[{"href":"https:\/\/www.lescreationskline.com\/en\/wp-json\/wp\/v2\/types\/product"}],"replies":[{"embeddable":true,"href":"https:\/\/www.lescreationskline.com\/en\/wp-json\/wp\/v2\/comments?post=8235"}],"wp:featuredmedia":[{"embeddable":true,"href":"https:\/\/www.lescreationskline.com\/en\/wp-json\/wp\/v2\/media\/7713"}],"wp:attachment":[{"href":"https:\/\/www.lescreationskline.com\/en\/wp-json\/wp\/v2\/media?parent=8235"}],"wp:term":[{"taxonomy":"product_brand","embeddable":true,"href":"https:\/\/www.lescreationskline.com\/en\/wp-json\/wp\/v2\/product_brand?post=8235"},{"taxonomy":"product_cat","embeddable":true,"href":"https:\/\/www.lescreationskline.com\/en\/wp-json\/wp\/v2\/product_cat?post=8235"},{"taxonomy":"product_tag","embeddable":true,"href":"https:\/\/www.lescreationskline.com\/en\/wp-json\/wp\/v2\/product_tag?post=8235"},{"taxonomy":"occasion","embeddable":true,"href":"https:\/\/www.lescreationskline.com\/en\/wp-json\/wp\/v2\/occasion?post=8235"}],"curies":[{"name":"wp","href":"https:\/\/api.w.org\/{rel}","templated":true}]}}