{"id":8233,"date":"2025-03-29T17:50:08","date_gmt":"2025-03-29T21:50:08","guid":{"rendered":"https:\/\/www.lescreationskline.com\/produit\/t-shirt-let-that-shit-go\/"},"modified":"2025-03-29T17:50:08","modified_gmt":"2025-03-29T21:50:08","slug":"t-shirt-let-that-shit-go","status":"publish","type":"product","link":"https:\/\/www.lescreationskline.com\/en\/magasiner\/shop\/womens-clothing\/t-shirt-let-that-shit-go\/","title":{"rendered":"T-Shirt LET THAT SHIT GO"},"content":{"rendered":"<p class=\"\" data-start=\"0\" data-end=\"34\">\ud83c\udf1f <strong data-start=\"3\" data-end=\"31\">LET THAT SHIT GO<\/strong> \ud83c\udf1f T-Shirt<\/p>\n<p class=\"\" data-start=\"36\" data-end=\"283\">Let go of what&#8217;s weighing you down with this &#8220;LET THAT SHIT GO&#8221; t-shirt! This bold design full of character reminds you not to take life too seriously. Perfect for those who like a little humor and lightness in their daily lives.<\/p>\n<p class=\"\" data-start=\"285\" data-end=\"471\">\u2714\ufe0f Sublimation print for vibrant, long-lasting colors<br data-start=\"353\" data-end=\"356\">\u2714\ufe0f Soft and comfortable cotton T-shirt<br data-start=\"395\" data-end=\"398\">\u2714\ufe0f An inspiring and fun message<br data-start=\"432\" data-end=\"435\">\u2714\ufe0f Available in different sizes<\/p>\n<p class=\"\" data-start=\"473\" data-end=\"579\">\ud83c\udf81 Ideal for gifting to a friend, or to treat yourself by adding a little humor to your wardrobe!<\/p>\n<p class=\"\" data-start=\"581\" data-end=\"653\">\ud83d\udce6 Limited stock \u2013 Order now and spread the word!<\/p>\n<p class=\"\" data-start=\"655\" data-end=\"745\">\ud83d\udce9 For more information or to order, contact us.<br data-start=\"710\" data-end=\"713\">\ud83d\ude9a Fast delivery available!<\/p>\n","protected":false},"excerpt":{"rendered":"<p>\ud83c\udf1f LET THAT SHIT GO \ud83c\udf1f T-Shirt Let go of what&#8217;s weighing you down with this &#8220;LET THAT SHIT GO&#8221; t-shirt! This bold design full of character reminds you not to take life too seriously. Perfect for those who like a little humor and lightness in their daily lives. \u2714\ufe0f Sublimation print for vibrant, long-lasting [&hellip;]<\/p>\n","protected":false},"featured_media":7715,"comment_status":"open","ping_status":"closed","template":"","meta":{"_et_pb_use_builder":"","_et_pb_old_content":"","_et_gb_content_width":""},"product_brand":[],"product_cat":[1358,1628],"product_tag":[],"occasion":[],"class_list":{"0":"post-8233","1":"product","2":"type-product","3":"status-publish","4":"has-post-thumbnail","6":"product_cat-clothing-for-the-whole-family","7":"product_cat-womens-clothing","8":"product_shipping_class-cp-standard-free-envelope","10":"first","11":"instock","12":"shipping-taxable","13":"purchasable","14":"product-type-simple"},"yoast_head":"<!-- This site is optimized with the Yoast SEO plugin v27.2 - https:\/\/yoast.com\/product\/yoast-seo-wordpress\/ -->\n<title>T-Shirt LET THAT SHIT GO - Les Cr\u00e9ations Kline<\/title>\n<meta name=\"description\" content=\"LET THAT SHIT GO t-shirt! This design reminds you not to take life too seriously. Perfect for those who like a bit of humor.\" \/>\n<meta name=\"robots\" content=\"index, follow, max-snippet:-1, max-image-preview:large, max-video-preview:-1\" \/>\n<link rel=\"canonical\" href=\"https:\/\/www.lescreationskline.com\/en\/magasiner\/shop\/womens-clothing\/t-shirt-let-that-shit-go\/\" \/>\n<meta property=\"og:locale\" content=\"en_US\" \/>\n<meta property=\"og:type\" content=\"article\" \/>\n<meta property=\"og:title\" content=\"T-Shirt LET THAT SHIT GO - Les Cr\u00e9ations Kline\" \/>\n<meta property=\"og:description\" content=\"LET THAT SHIT GO t-shirt! This design reminds you not to take life too seriously. Perfect for those who like a bit of humor.\" \/>\n<meta property=\"og:url\" content=\"https:\/\/www.lescreationskline.com\/en\/magasiner\/shop\/womens-clothing\/t-shirt-let-that-shit-go\/\" \/>\n<meta property=\"og:site_name\" content=\"Les Cr\u00e9ations Kline\" \/>\n<meta property=\"og:image\" content=\"https:\/\/www.lescreationskline.com\/wp-content\/uploads\/2025\/03\/CATALOG-FACEBOOK-PUB-62.png\" \/>\n\t<meta property=\"og:image:width\" content=\"940\" \/>\n\t<meta property=\"og:image:height\" content=\"788\" \/>\n\t<meta property=\"og:image:type\" content=\"image\/png\" \/>\n<meta name=\"twitter:label1\" content=\"Est. reading time\" \/>\n\t<meta name=\"twitter:data1\" content=\"1 minute\" \/>\n<script type=\"application\/ld+json\" class=\"yoast-schema-graph\">{\"@context\":\"https:\/\/schema.org\",\"@graph\":[{\"@type\":\"WebPage\",\"@id\":\"https:\/\/www.lescreationskline.com\/en\/magasiner\/shop\/womens-clothing\/t-shirt-let-that-shit-go\/\",\"url\":\"https:\/\/www.lescreationskline.com\/en\/magasiner\/shop\/womens-clothing\/t-shirt-let-that-shit-go\/\",\"name\":\"T-Shirt LET THAT SHIT GO - Les Cr\u00e9ations Kline\",\"isPartOf\":{\"@id\":\"https:\/\/www.lescreationskline.com\/en\/#website\"},\"primaryImageOfPage\":{\"@id\":\"https:\/\/www.lescreationskline.com\/en\/magasiner\/shop\/womens-clothing\/t-shirt-let-that-shit-go\/#primaryimage\"},\"image\":{\"@id\":\"https:\/\/www.lescreationskline.com\/en\/magasiner\/shop\/womens-clothing\/t-shirt-let-that-shit-go\/#primaryimage\"},\"thumbnailUrl\":\"https:\/\/www.lescreationskline.com\/wp-content\/uploads\/2025\/03\/CATALOG-FACEBOOK-PUB-62.png\",\"datePublished\":\"2025-03-29T21:50:08+00:00\",\"description\":\"LET THAT SHIT GO t-shirt! This design reminds you not to take life too seriously. Perfect for those who like a bit of humor.\",\"breadcrumb\":{\"@id\":\"https:\/\/www.lescreationskline.com\/en\/magasiner\/shop\/womens-clothing\/t-shirt-let-that-shit-go\/#breadcrumb\"},\"inLanguage\":\"en-US\",\"potentialAction\":[{\"@type\":\"ReadAction\",\"target\":[\"https:\/\/www.lescreationskline.com\/en\/magasiner\/shop\/womens-clothing\/t-shirt-let-that-shit-go\/\"]}]},{\"@type\":\"ImageObject\",\"inLanguage\":\"en-US\",\"@id\":\"https:\/\/www.lescreationskline.com\/en\/magasiner\/shop\/womens-clothing\/t-shirt-let-that-shit-go\/#primaryimage\",\"url\":\"https:\/\/www.lescreationskline.com\/wp-content\/uploads\/2025\/03\/CATALOG-FACEBOOK-PUB-62.png\",\"contentUrl\":\"https:\/\/www.lescreationskline.com\/wp-content\/uploads\/2025\/03\/CATALOG-FACEBOOK-PUB-62.png\",\"width\":940,\"height\":788,\"caption\":\"T-Shirt LET THAT SHIT GO\"},{\"@type\":\"BreadcrumbList\",\"@id\":\"https:\/\/www.lescreationskline.com\/en\/magasiner\/shop\/womens-clothing\/t-shirt-let-that-shit-go\/#breadcrumb\",\"itemListElement\":[{\"@type\":\"ListItem\",\"position\":1,\"name\":\"Accueil\",\"item\":\"https:\/\/www.lescreationskline.com\/en\/reception\/\"},{\"@type\":\"ListItem\",\"position\":2,\"name\":\"Shop\",\"item\":\"https:\/\/www.lescreationskline.com\/en\/shop\/\"},{\"@type\":\"ListItem\",\"position\":3,\"name\":\"Shop\",\"item\":\"https:\/\/www.lescreationskline.com\/en\/categorie-produit\/shop\/\"},{\"@type\":\"ListItem\",\"position\":4,\"name\":\"Women's Clothing\",\"item\":\"https:\/\/www.lescreationskline.com\/en\/categorie-produit\/shop\/womens-clothing\/\"},{\"@type\":\"ListItem\",\"position\":5,\"name\":\"T-Shirt LET THAT SHIT GO\"}]},{\"@type\":\"WebSite\",\"@id\":\"https:\/\/www.lescreationskline.com\/en\/#website\",\"url\":\"https:\/\/www.lescreationskline.com\/en\/\",\"name\":\"Les Cr\u00e9ations Kline\",\"description\":\"Fabriqu\u00e9s \u00e0 la main\",\"potentialAction\":[{\"@type\":\"SearchAction\",\"target\":{\"@type\":\"EntryPoint\",\"urlTemplate\":\"https:\/\/www.lescreationskline.com\/en\/?s={search_term_string}\"},\"query-input\":{\"@type\":\"PropertyValueSpecification\",\"valueRequired\":true,\"valueName\":\"search_term_string\"}}],\"inLanguage\":\"en-US\"}]}<\/script>\n<!-- \/ Yoast SEO plugin. -->","yoast_head_json":{"title":"T-Shirt LET THAT SHIT GO - Les Cr\u00e9ations Kline","description":"LET THAT SHIT GO t-shirt! This design reminds you not to take life too seriously. Perfect for those who like a bit of humor.","robots":{"index":"index","follow":"follow","max-snippet":"max-snippet:-1","max-image-preview":"max-image-preview:large","max-video-preview":"max-video-preview:-1"},"canonical":"https:\/\/www.lescreationskline.com\/en\/magasiner\/shop\/womens-clothing\/t-shirt-let-that-shit-go\/","og_locale":"en_US","og_type":"article","og_title":"T-Shirt LET THAT SHIT GO - Les Cr\u00e9ations Kline","og_description":"LET THAT SHIT GO t-shirt! This design reminds you not to take life too seriously. Perfect for those who like a bit of humor.","og_url":"https:\/\/www.lescreationskline.com\/en\/magasiner\/shop\/womens-clothing\/t-shirt-let-that-shit-go\/","og_site_name":"Les Cr\u00e9ations Kline","og_image":[{"width":940,"height":788,"url":"https:\/\/www.lescreationskline.com\/wp-content\/uploads\/2025\/03\/CATALOG-FACEBOOK-PUB-62.png","type":"image\/png"}],"twitter_misc":{"Est. reading time":"1 minute"},"schema":{"@context":"https:\/\/schema.org","@graph":[{"@type":"WebPage","@id":"https:\/\/www.lescreationskline.com\/en\/magasiner\/shop\/womens-clothing\/t-shirt-let-that-shit-go\/","url":"https:\/\/www.lescreationskline.com\/en\/magasiner\/shop\/womens-clothing\/t-shirt-let-that-shit-go\/","name":"T-Shirt LET THAT SHIT GO - Les Cr\u00e9ations Kline","isPartOf":{"@id":"https:\/\/www.lescreationskline.com\/en\/#website"},"primaryImageOfPage":{"@id":"https:\/\/www.lescreationskline.com\/en\/magasiner\/shop\/womens-clothing\/t-shirt-let-that-shit-go\/#primaryimage"},"image":{"@id":"https:\/\/www.lescreationskline.com\/en\/magasiner\/shop\/womens-clothing\/t-shirt-let-that-shit-go\/#primaryimage"},"thumbnailUrl":"https:\/\/www.lescreationskline.com\/wp-content\/uploads\/2025\/03\/CATALOG-FACEBOOK-PUB-62.png","datePublished":"2025-03-29T21:50:08+00:00","description":"LET THAT SHIT GO t-shirt! This design reminds you not to take life too seriously. Perfect for those who like a bit of humor.","breadcrumb":{"@id":"https:\/\/www.lescreationskline.com\/en\/magasiner\/shop\/womens-clothing\/t-shirt-let-that-shit-go\/#breadcrumb"},"inLanguage":"en-US","potentialAction":[{"@type":"ReadAction","target":["https:\/\/www.lescreationskline.com\/en\/magasiner\/shop\/womens-clothing\/t-shirt-let-that-shit-go\/"]}]},{"@type":"ImageObject","inLanguage":"en-US","@id":"https:\/\/www.lescreationskline.com\/en\/magasiner\/shop\/womens-clothing\/t-shirt-let-that-shit-go\/#primaryimage","url":"https:\/\/www.lescreationskline.com\/wp-content\/uploads\/2025\/03\/CATALOG-FACEBOOK-PUB-62.png","contentUrl":"https:\/\/www.lescreationskline.com\/wp-content\/uploads\/2025\/03\/CATALOG-FACEBOOK-PUB-62.png","width":940,"height":788,"caption":"T-Shirt LET THAT SHIT GO"},{"@type":"BreadcrumbList","@id":"https:\/\/www.lescreationskline.com\/en\/magasiner\/shop\/womens-clothing\/t-shirt-let-that-shit-go\/#breadcrumb","itemListElement":[{"@type":"ListItem","position":1,"name":"Accueil","item":"https:\/\/www.lescreationskline.com\/en\/reception\/"},{"@type":"ListItem","position":2,"name":"Shop","item":"https:\/\/www.lescreationskline.com\/en\/shop\/"},{"@type":"ListItem","position":3,"name":"Shop","item":"https:\/\/www.lescreationskline.com\/en\/categorie-produit\/shop\/"},{"@type":"ListItem","position":4,"name":"Women's Clothing","item":"https:\/\/www.lescreationskline.com\/en\/categorie-produit\/shop\/womens-clothing\/"},{"@type":"ListItem","position":5,"name":"T-Shirt LET THAT SHIT GO"}]},{"@type":"WebSite","@id":"https:\/\/www.lescreationskline.com\/en\/#website","url":"https:\/\/www.lescreationskline.com\/en\/","name":"Les Cr\u00e9ations Kline","description":"Fabriqu\u00e9s \u00e0 la main","potentialAction":[{"@type":"SearchAction","target":{"@type":"EntryPoint","urlTemplate":"https:\/\/www.lescreationskline.com\/en\/?s={search_term_string}"},"query-input":{"@type":"PropertyValueSpecification","valueRequired":true,"valueName":"search_term_string"}}],"inLanguage":"en-US"}]}},"_links":{"self":[{"href":"https:\/\/www.lescreationskline.com\/en\/wp-json\/wp\/v2\/product\/8233","targetHints":{"allow":["GET"]}}],"collection":[{"href":"https:\/\/www.lescreationskline.com\/en\/wp-json\/wp\/v2\/product"}],"about":[{"href":"https:\/\/www.lescreationskline.com\/en\/wp-json\/wp\/v2\/types\/product"}],"replies":[{"embeddable":true,"href":"https:\/\/www.lescreationskline.com\/en\/wp-json\/wp\/v2\/comments?post=8233"}],"wp:featuredmedia":[{"embeddable":true,"href":"https:\/\/www.lescreationskline.com\/en\/wp-json\/wp\/v2\/media\/7715"}],"wp:attachment":[{"href":"https:\/\/www.lescreationskline.com\/en\/wp-json\/wp\/v2\/media?parent=8233"}],"wp:term":[{"taxonomy":"product_brand","embeddable":true,"href":"https:\/\/www.lescreationskline.com\/en\/wp-json\/wp\/v2\/product_brand?post=8233"},{"taxonomy":"product_cat","embeddable":true,"href":"https:\/\/www.lescreationskline.com\/en\/wp-json\/wp\/v2\/product_cat?post=8233"},{"taxonomy":"product_tag","embeddable":true,"href":"https:\/\/www.lescreationskline.com\/en\/wp-json\/wp\/v2\/product_tag?post=8233"},{"taxonomy":"occasion","embeddable":true,"href":"https:\/\/www.lescreationskline.com\/en\/wp-json\/wp\/v2\/occasion?post=8233"}],"curies":[{"name":"wp","href":"https:\/\/api.w.org\/{rel}","templated":true}]}}