{"id":8229,"date":"2025-03-29T17:14:52","date_gmt":"2025-03-29T21:14:52","guid":{"rendered":"https:\/\/www.lescreationskline.com\/produit\/t-shirt-just-a-girl-who-loves-fall\/"},"modified":"2025-03-29T17:14:52","modified_gmt":"2025-03-29T21:14:52","slug":"t-shirt-just-a-girl-who-loves-fall","status":"publish","type":"product","link":"https:\/\/www.lescreationskline.com\/en\/magasiner\/shop\/womens-clothing\/t-shirt-just-a-girl-who-loves-fall\/","title":{"rendered":"T-Shirt \u2013 Just a Girl Who Loves Fall"},"content":{"rendered":"<article class=\"w-full text-token-text-primary\" dir=\"auto\" data-testid=\"conversation-turn-1799\" data-scroll-anchor=\"false\">\n<div class=\"text-base my-auto mx-auto py-5 px-6\">\n<div class=\"mx-auto flex flex-1 text-base gap-4 md:gap-5 lg:gap-6 md:max-w-3xl lg:max-w-[40rem] xl:max-w-[48rem] group\/turn-messages focus-visible:outline-none\" tabindex=\"-1\">\n<div class=\"group\/conversation-turn relative flex w-full min-w-0 flex-col @xs\/thread:px-0 @sm\/thread:px-1.5 @md\/thread:px-4\">\n<div class=\"relative flex-col gap-1 md:gap-3\">\n<div class=\"flex max-w-full flex-col flex-grow\">\n<div class=\"min-h-8 text-message relative flex w-full flex-col items-end gap-2 whitespace-normal break-words text-start [.text-message+&amp;]:mt-5\" dir=\"auto\" data-message-author-role=\"user\" data-message-id=\"c26e1ef4-257f-4856-bfd8-b417d2469551\">\n<div class=\"w-full\">\n<div class=\"flex w-full flex-col gap-1 empty:hidden items-end rtl:items-start\">\n<div class=\"relative max-w-[var(--user-chat-width,70%)] rounded-3xl bg-token-message-surface px-5 py-2.5\"><\/div>\n<\/div>\n<\/div>\n<\/div>\n<\/div>\n<\/div>\n<\/div>\n<\/div>\n<\/div>\n<\/article>\n<article class=\"w-full text-token-text-primary\" dir=\"auto\" data-testid=\"conversation-turn-1800\" data-scroll-anchor=\"true\">\n<h6 class=\"sr-only\"><span style=\"color: #666666;\">\ud83c\udf42 <\/span><strong style=\"color: #666666;\" data-start=\"3\" data-end=\"43\">T-Shirt \u2013 Just A Girl Who Loves Fall<\/strong><span style=\"color: #666666;\"> \ud83c\udf42<\/span><\/h6>\n<div class=\"text-base my-auto mx-auto py-5 px-6\">\n<div class=\"mx-auto flex flex-1 text-base gap-4 md:gap-5 lg:gap-6 md:max-w-3xl lg:max-w-[40rem] xl:max-w-[48rem] group\/turn-messages focus-visible:outline-none\" tabindex=\"-1\">\n<div class=\"group\/conversation-turn relative flex w-full min-w-0 flex-col agent-turn @xs\/thread:px-0 @sm\/thread:px-1.5 @md\/thread:px-4\">\n<div class=\"relative flex-col gap-1 md:gap-3\">\n<div class=\"flex max-w-full flex-col flex-grow\">\n<div class=\"min-h-8 text-message relative flex w-full flex-col items-end gap-2 whitespace-normal break-words text-start [.text-message+&amp;]:mt-5\" dir=\"auto\" data-message-author-role=\"assistant\" data-message-id=\"1126d5dd-7a1c-4330-97cc-226b75bb8fae\" data-message-model-slug=\"gpt-4o\">\n<div class=\"flex w-full flex-col gap-1 empty:hidden first:pt-[3px]\">\n<div class=\"markdown prose w-full break-words dark:prose-invert light\">\n<p class=\"\" data-start=\"50\" data-end=\"332\">Show your love for fall in style! This t-shirt is perfect for those who love colorful leaves, pumpkin spiced drinks, and the cozy vibe of the season. Comfortable and trendy, it will quickly become a must-have in your fall wardrobe.  <\/p>\n<p class=\"\" data-start=\"334\" data-end=\"575\">\u2728 <strong data-start=\"336\" data-end=\"358\">Characteristics:<\/strong><br data-start=\"358\" data-end=\"361\">\u2714\ufe0f Sublimation print for vibrant, long-lasting colors<br data-start=\"429\" data-end=\"432\">\u2714\ufe0f Soft and comfortable fabric<br data-start=\"460\" data-end=\"463\" data-is-only-node=\"\">\u2714\ufe0f Trendy fall design<br data-start=\"490\" data-end=\"493\">\u2714\ufe0f Perfect for fall lovers<br data-start=\"536\" data-end=\"539\">\u2714\ufe0f Available in several sizes<\/p>\n<p class=\"\" data-start=\"577\" data-end=\"655\">\ud83c\udf81 <strong data-start=\"580\" data-end=\"653\">An ideal gift for all those who live to the rhythm of the seasons!<\/strong><\/p>\n<p class=\"\" data-start=\"657\" data-end=\"802\">\ud83d\udce6 <strong data-start=\"660\" data-end=\"705\">Limited Stock \u2013 Order Now!<\/strong><br data-start=\"705\" data-end=\"708\">\ud83d\udce9 For more information or to order, contact us.<br data-start=\"763\" data-end=\"766\">\ud83d\ude9a <strong data-start=\"769\" data-end=\"802\" data-is-last-node=\"\" data-is-only-node=\"\">Fast delivery available!<\/strong><\/p>\n<\/div>\n<\/div>\n<\/div>\n<\/div>\n<\/div>\n<\/div>\n<\/div>\n<\/div>\n<\/article>\n","protected":false},"excerpt":{"rendered":"<p>\ud83c\udf42 T-Shirt \u2013 Just A Girl Who Loves Fall \ud83c\udf42 Show your love for fall in style! This t-shirt is perfect for those who love colorful leaves, pumpkin spiced drinks, and the cozy vibe of the season. Comfortable and trendy, it will quickly become a must-have in your fall wardrobe. \u2728 Characteristics:\u2714\ufe0f Sublimation print for [&hellip;]<\/p>\n","protected":false},"featured_media":7720,"comment_status":"open","ping_status":"closed","template":"","meta":{"_et_pb_use_builder":"","_et_pb_old_content":"","_et_gb_content_width":""},"product_brand":[],"product_cat":[1358,1628],"product_tag":[],"occasion":[],"class_list":{"0":"post-8229","1":"product","2":"type-product","3":"status-publish","4":"has-post-thumbnail","6":"product_cat-clothing-for-the-whole-family","7":"product_cat-womens-clothing","8":"product_shipping_class-cp-standard-free-envelope","10":"first","11":"instock","12":"shipping-taxable","13":"purchasable","14":"product-type-simple"},"yoast_head":"<!-- This site is optimized with the Yoast SEO plugin v27.2 - https:\/\/yoast.com\/product\/yoast-seo-wordpress\/ -->\n<title>T-Shirt \u2013 Just a Girl Who Loves Fall - Les Cr\u00e9ations Kline<\/title>\n<meta name=\"description\" content=\"Just a Girl Who Loves Fall T-Shirt. T-shirt is perfect for those who love pumpkin spiced drinks and the cozy vibe of the season.\" \/>\n<meta name=\"robots\" content=\"index, follow, max-snippet:-1, max-image-preview:large, max-video-preview:-1\" \/>\n<link rel=\"canonical\" href=\"https:\/\/www.lescreationskline.com\/en\/magasiner\/shop\/womens-clothing\/t-shirt-just-a-girl-who-loves-fall\/\" \/>\n<meta property=\"og:locale\" content=\"en_US\" \/>\n<meta property=\"og:type\" content=\"article\" \/>\n<meta property=\"og:title\" content=\"T-Shirt \u2013 Just a Girl Who Loves Fall - Les Cr\u00e9ations Kline\" \/>\n<meta property=\"og:description\" content=\"Just a Girl Who Loves Fall T-Shirt. T-shirt is perfect for those who love pumpkin spiced drinks and the cozy vibe of the season.\" \/>\n<meta property=\"og:url\" content=\"https:\/\/www.lescreationskline.com\/en\/magasiner\/shop\/womens-clothing\/t-shirt-just-a-girl-who-loves-fall\/\" \/>\n<meta property=\"og:site_name\" content=\"Les Cr\u00e9ations Kline\" \/>\n<meta property=\"og:image\" content=\"https:\/\/www.lescreationskline.com\/wp-content\/uploads\/2025\/03\/CATALOG-FACEBOOK-PUB-72-1.png\" \/>\n\t<meta property=\"og:image:width\" content=\"940\" \/>\n\t<meta property=\"og:image:height\" content=\"788\" \/>\n\t<meta property=\"og:image:type\" content=\"image\/png\" \/>\n<script type=\"application\/ld+json\" class=\"yoast-schema-graph\">{\"@context\":\"https:\/\/schema.org\",\"@graph\":[{\"@type\":\"WebPage\",\"@id\":\"https:\/\/www.lescreationskline.com\/en\/magasiner\/shop\/womens-clothing\/t-shirt-just-a-girl-who-loves-fall\/\",\"url\":\"https:\/\/www.lescreationskline.com\/en\/magasiner\/shop\/womens-clothing\/t-shirt-just-a-girl-who-loves-fall\/\",\"name\":\"T-Shirt \u2013 Just a Girl Who Loves Fall - Les Cr\u00e9ations Kline\",\"isPartOf\":{\"@id\":\"https:\/\/www.lescreationskline.com\/en\/#website\"},\"primaryImageOfPage\":{\"@id\":\"https:\/\/www.lescreationskline.com\/en\/magasiner\/shop\/womens-clothing\/t-shirt-just-a-girl-who-loves-fall\/#primaryimage\"},\"image\":{\"@id\":\"https:\/\/www.lescreationskline.com\/en\/magasiner\/shop\/womens-clothing\/t-shirt-just-a-girl-who-loves-fall\/#primaryimage\"},\"thumbnailUrl\":\"https:\/\/www.lescreationskline.com\/wp-content\/uploads\/2025\/03\/CATALOG-FACEBOOK-PUB-72-1.png\",\"datePublished\":\"2025-03-29T21:14:52+00:00\",\"description\":\"Just a Girl Who Loves Fall T-Shirt. T-shirt is perfect for those who love pumpkin spiced drinks and the cozy vibe of the season.\",\"breadcrumb\":{\"@id\":\"https:\/\/www.lescreationskline.com\/en\/magasiner\/shop\/womens-clothing\/t-shirt-just-a-girl-who-loves-fall\/#breadcrumb\"},\"inLanguage\":\"en-US\",\"potentialAction\":[{\"@type\":\"ReadAction\",\"target\":[\"https:\/\/www.lescreationskline.com\/en\/magasiner\/shop\/womens-clothing\/t-shirt-just-a-girl-who-loves-fall\/\"]}]},{\"@type\":\"ImageObject\",\"inLanguage\":\"en-US\",\"@id\":\"https:\/\/www.lescreationskline.com\/en\/magasiner\/shop\/womens-clothing\/t-shirt-just-a-girl-who-loves-fall\/#primaryimage\",\"url\":\"https:\/\/www.lescreationskline.com\/wp-content\/uploads\/2025\/03\/CATALOG-FACEBOOK-PUB-72-1.png\",\"contentUrl\":\"https:\/\/www.lescreationskline.com\/wp-content\/uploads\/2025\/03\/CATALOG-FACEBOOK-PUB-72-1.png\",\"width\":940,\"height\":788,\"caption\":\"T-Shirt \u2013 Just a Girl Who Loves Fall\"},{\"@type\":\"BreadcrumbList\",\"@id\":\"https:\/\/www.lescreationskline.com\/en\/magasiner\/shop\/womens-clothing\/t-shirt-just-a-girl-who-loves-fall\/#breadcrumb\",\"itemListElement\":[{\"@type\":\"ListItem\",\"position\":1,\"name\":\"Accueil\",\"item\":\"https:\/\/www.lescreationskline.com\/en\/reception\/\"},{\"@type\":\"ListItem\",\"position\":2,\"name\":\"Shop\",\"item\":\"https:\/\/www.lescreationskline.com\/en\/shop\/\"},{\"@type\":\"ListItem\",\"position\":3,\"name\":\"Shop\",\"item\":\"https:\/\/www.lescreationskline.com\/en\/categorie-produit\/shop\/\"},{\"@type\":\"ListItem\",\"position\":4,\"name\":\"Women's Clothing\",\"item\":\"https:\/\/www.lescreationskline.com\/en\/categorie-produit\/shop\/womens-clothing\/\"},{\"@type\":\"ListItem\",\"position\":5,\"name\":\"T-Shirt \u2013 Just a Girl Who Loves Fall\"}]},{\"@type\":\"WebSite\",\"@id\":\"https:\/\/www.lescreationskline.com\/en\/#website\",\"url\":\"https:\/\/www.lescreationskline.com\/en\/\",\"name\":\"Les Cr\u00e9ations Kline\",\"description\":\"Fabriqu\u00e9s \u00e0 la main\",\"potentialAction\":[{\"@type\":\"SearchAction\",\"target\":{\"@type\":\"EntryPoint\",\"urlTemplate\":\"https:\/\/www.lescreationskline.com\/en\/?s={search_term_string}\"},\"query-input\":{\"@type\":\"PropertyValueSpecification\",\"valueRequired\":true,\"valueName\":\"search_term_string\"}}],\"inLanguage\":\"en-US\"}]}<\/script>\n<!-- \/ Yoast SEO plugin. -->","yoast_head_json":{"title":"T-Shirt \u2013 Just a Girl Who Loves Fall - Les Cr\u00e9ations Kline","description":"Just a Girl Who Loves Fall T-Shirt. T-shirt is perfect for those who love pumpkin spiced drinks and the cozy vibe of the season.","robots":{"index":"index","follow":"follow","max-snippet":"max-snippet:-1","max-image-preview":"max-image-preview:large","max-video-preview":"max-video-preview:-1"},"canonical":"https:\/\/www.lescreationskline.com\/en\/magasiner\/shop\/womens-clothing\/t-shirt-just-a-girl-who-loves-fall\/","og_locale":"en_US","og_type":"article","og_title":"T-Shirt \u2013 Just a Girl Who Loves Fall - Les Cr\u00e9ations Kline","og_description":"Just a Girl Who Loves Fall T-Shirt. T-shirt is perfect for those who love pumpkin spiced drinks and the cozy vibe of the season.","og_url":"https:\/\/www.lescreationskline.com\/en\/magasiner\/shop\/womens-clothing\/t-shirt-just-a-girl-who-loves-fall\/","og_site_name":"Les Cr\u00e9ations Kline","og_image":[{"width":940,"height":788,"url":"https:\/\/www.lescreationskline.com\/wp-content\/uploads\/2025\/03\/CATALOG-FACEBOOK-PUB-72-1.png","type":"image\/png"}],"schema":{"@context":"https:\/\/schema.org","@graph":[{"@type":"WebPage","@id":"https:\/\/www.lescreationskline.com\/en\/magasiner\/shop\/womens-clothing\/t-shirt-just-a-girl-who-loves-fall\/","url":"https:\/\/www.lescreationskline.com\/en\/magasiner\/shop\/womens-clothing\/t-shirt-just-a-girl-who-loves-fall\/","name":"T-Shirt \u2013 Just a Girl Who Loves Fall - Les Cr\u00e9ations Kline","isPartOf":{"@id":"https:\/\/www.lescreationskline.com\/en\/#website"},"primaryImageOfPage":{"@id":"https:\/\/www.lescreationskline.com\/en\/magasiner\/shop\/womens-clothing\/t-shirt-just-a-girl-who-loves-fall\/#primaryimage"},"image":{"@id":"https:\/\/www.lescreationskline.com\/en\/magasiner\/shop\/womens-clothing\/t-shirt-just-a-girl-who-loves-fall\/#primaryimage"},"thumbnailUrl":"https:\/\/www.lescreationskline.com\/wp-content\/uploads\/2025\/03\/CATALOG-FACEBOOK-PUB-72-1.png","datePublished":"2025-03-29T21:14:52+00:00","description":"Just a Girl Who Loves Fall T-Shirt. T-shirt is perfect for those who love pumpkin spiced drinks and the cozy vibe of the season.","breadcrumb":{"@id":"https:\/\/www.lescreationskline.com\/en\/magasiner\/shop\/womens-clothing\/t-shirt-just-a-girl-who-loves-fall\/#breadcrumb"},"inLanguage":"en-US","potentialAction":[{"@type":"ReadAction","target":["https:\/\/www.lescreationskline.com\/en\/magasiner\/shop\/womens-clothing\/t-shirt-just-a-girl-who-loves-fall\/"]}]},{"@type":"ImageObject","inLanguage":"en-US","@id":"https:\/\/www.lescreationskline.com\/en\/magasiner\/shop\/womens-clothing\/t-shirt-just-a-girl-who-loves-fall\/#primaryimage","url":"https:\/\/www.lescreationskline.com\/wp-content\/uploads\/2025\/03\/CATALOG-FACEBOOK-PUB-72-1.png","contentUrl":"https:\/\/www.lescreationskline.com\/wp-content\/uploads\/2025\/03\/CATALOG-FACEBOOK-PUB-72-1.png","width":940,"height":788,"caption":"T-Shirt \u2013 Just a Girl Who Loves Fall"},{"@type":"BreadcrumbList","@id":"https:\/\/www.lescreationskline.com\/en\/magasiner\/shop\/womens-clothing\/t-shirt-just-a-girl-who-loves-fall\/#breadcrumb","itemListElement":[{"@type":"ListItem","position":1,"name":"Accueil","item":"https:\/\/www.lescreationskline.com\/en\/reception\/"},{"@type":"ListItem","position":2,"name":"Shop","item":"https:\/\/www.lescreationskline.com\/en\/shop\/"},{"@type":"ListItem","position":3,"name":"Shop","item":"https:\/\/www.lescreationskline.com\/en\/categorie-produit\/shop\/"},{"@type":"ListItem","position":4,"name":"Women's Clothing","item":"https:\/\/www.lescreationskline.com\/en\/categorie-produit\/shop\/womens-clothing\/"},{"@type":"ListItem","position":5,"name":"T-Shirt \u2013 Just a Girl Who Loves Fall"}]},{"@type":"WebSite","@id":"https:\/\/www.lescreationskline.com\/en\/#website","url":"https:\/\/www.lescreationskline.com\/en\/","name":"Les Cr\u00e9ations Kline","description":"Fabriqu\u00e9s \u00e0 la main","potentialAction":[{"@type":"SearchAction","target":{"@type":"EntryPoint","urlTemplate":"https:\/\/www.lescreationskline.com\/en\/?s={search_term_string}"},"query-input":{"@type":"PropertyValueSpecification","valueRequired":true,"valueName":"search_term_string"}}],"inLanguage":"en-US"}]}},"_links":{"self":[{"href":"https:\/\/www.lescreationskline.com\/en\/wp-json\/wp\/v2\/product\/8229","targetHints":{"allow":["GET"]}}],"collection":[{"href":"https:\/\/www.lescreationskline.com\/en\/wp-json\/wp\/v2\/product"}],"about":[{"href":"https:\/\/www.lescreationskline.com\/en\/wp-json\/wp\/v2\/types\/product"}],"replies":[{"embeddable":true,"href":"https:\/\/www.lescreationskline.com\/en\/wp-json\/wp\/v2\/comments?post=8229"}],"wp:featuredmedia":[{"embeddable":true,"href":"https:\/\/www.lescreationskline.com\/en\/wp-json\/wp\/v2\/media\/7720"}],"wp:attachment":[{"href":"https:\/\/www.lescreationskline.com\/en\/wp-json\/wp\/v2\/media?parent=8229"}],"wp:term":[{"taxonomy":"product_brand","embeddable":true,"href":"https:\/\/www.lescreationskline.com\/en\/wp-json\/wp\/v2\/product_brand?post=8229"},{"taxonomy":"product_cat","embeddable":true,"href":"https:\/\/www.lescreationskline.com\/en\/wp-json\/wp\/v2\/product_cat?post=8229"},{"taxonomy":"product_tag","embeddable":true,"href":"https:\/\/www.lescreationskline.com\/en\/wp-json\/wp\/v2\/product_tag?post=8229"},{"taxonomy":"occasion","embeddable":true,"href":"https:\/\/www.lescreationskline.com\/en\/wp-json\/wp\/v2\/occasion?post=8229"}],"curies":[{"name":"wp","href":"https:\/\/api.w.org\/{rel}","templated":true}]}}