{"id":8156,"date":"2022-07-13T12:36:14","date_gmt":"2022-07-13T16:36:14","guid":{"rendered":"https:\/\/www.lescreationskline.com\/produit\/beyblade-personalized-cake-topper\/"},"modified":"2022-07-13T12:36:14","modified_gmt":"2022-07-13T16:36:14","slug":"beyblade-personalized-cake-topper","status":"publish","type":"product","link":"https:\/\/www.lescreationskline.com\/en\/magasiner\/personalized-cake-topper\/beyblade-personalized-cake-topper\/","title":{"rendered":"BEYBLADE Personalized Cake Topper"},"content":{"rendered":"<p>The Personalized Cake Topper\/ Personalized Cake Topper<\/p>\n<p>The must for your cake. The personalised cake topper with the design and name of your choice. Whether it&#8217;s for a birthday, a baptism, a baby shower, a corporate event or any other occasion. <i>Each person is unique, so is each cake design <\/i>.  <\/p>\n<p>The Personalized Cake Topper according to your choice of design are all made of high quality paper, foam, cardboard, acrylic, shaker with glitter or lights. The cake topper is equipped with a paper stick or food grade bamboo sticks. The Custom Cake Topper are custom cut to your 8-10 inch cake. Dimensions (depending on the length of your name, the dimensions of the topper will be modified to respect the proportion). We have added some photos to give you examples.    <\/p>\n<p>If you have a creation, call me to see together the desired design.<\/p>\n<p>NOTE: Remember to book a week or two in advance.<\/p>\n","protected":false},"excerpt":{"rendered":"<p>The Personalized Cake Topper\/ Personalized Cake Topper The must for your cake. The personalised cake topper with the design and name of your choice. Whether it&#8217;s for a birthday, a baptism, a baby shower, a corporate event or any other occasion. Each person is unique, so is each cake design . The Personalized Cake Topper [&hellip;]<\/p>\n","protected":false},"featured_media":7443,"comment_status":"open","ping_status":"closed","template":"","meta":{"_et_pb_use_builder":"","_et_pb_old_content":"","_et_gb_content_width":""},"product_brand":[],"product_cat":[1150,1148],"product_tag":[],"occasion":[],"class_list":{"0":"post-8156","1":"product","2":"type-product","3":"status-publish","4":"has-post-thumbnail","6":"product_cat-celebrations-events","7":"product_cat-personalized-cake-topper","9":"first","10":"instock","11":"shipping-taxable","12":"purchasable","13":"product-type-simple"},"yoast_head":"<!-- This site is optimized with the Yoast SEO plugin v27.2 - https:\/\/yoast.com\/product\/yoast-seo-wordpress\/ -->\n<title>BEYBLADE Personalized Cake Topper - Les Cr\u00e9ations Kline<\/title>\n<meta name=\"description\" content=\"Our custom cake toppers are unique decorations for any occasion. Available in a wide range of colours and designs.\" \/>\n<meta name=\"robots\" content=\"index, follow, max-snippet:-1, max-image-preview:large, max-video-preview:-1\" \/>\n<link rel=\"canonical\" href=\"https:\/\/www.lescreationskline.com\/en\/magasiner\/personalized-cake-topper\/beyblade-personalized-cake-topper\/\" \/>\n<meta property=\"og:locale\" content=\"en_US\" \/>\n<meta property=\"og:type\" content=\"article\" \/>\n<meta property=\"og:title\" content=\"BEYBLADE Personalized Cake Topper - Les Cr\u00e9ations Kline\" \/>\n<meta property=\"og:description\" content=\"Our custom cake toppers are unique decorations for any occasion. Available in a wide range of colours and designs.\" \/>\n<meta property=\"og:url\" content=\"https:\/\/www.lescreationskline.com\/en\/magasiner\/personalized-cake-topper\/beyblade-personalized-cake-topper\/\" \/>\n<meta property=\"og:site_name\" content=\"Les Cr\u00e9ations Kline\" \/>\n<meta property=\"og:image\" content=\"https:\/\/www.lescreationskline.com\/wp-content\/uploads\/2022\/07\/BEYBLADE-1.png\" \/>\n\t<meta property=\"og:image:width\" content=\"1080\" \/>\n\t<meta property=\"og:image:height\" content=\"1080\" \/>\n\t<meta property=\"og:image:type\" content=\"image\/png\" \/>\n<meta name=\"twitter:label1\" content=\"Est. reading time\" \/>\n\t<meta name=\"twitter:data1\" content=\"1 minute\" \/>\n<script type=\"application\/ld+json\" class=\"yoast-schema-graph\">{\"@context\":\"https:\/\/schema.org\",\"@graph\":[{\"@type\":\"WebPage\",\"@id\":\"https:\/\/www.lescreationskline.com\/en\/magasiner\/personalized-cake-topper\/beyblade-personalized-cake-topper\/\",\"url\":\"https:\/\/www.lescreationskline.com\/en\/magasiner\/personalized-cake-topper\/beyblade-personalized-cake-topper\/\",\"name\":\"BEYBLADE Personalized Cake Topper - Les Cr\u00e9ations Kline\",\"isPartOf\":{\"@id\":\"https:\/\/www.lescreationskline.com\/en\/#website\"},\"primaryImageOfPage\":{\"@id\":\"https:\/\/www.lescreationskline.com\/en\/magasiner\/personalized-cake-topper\/beyblade-personalized-cake-topper\/#primaryimage\"},\"image\":{\"@id\":\"https:\/\/www.lescreationskline.com\/en\/magasiner\/personalized-cake-topper\/beyblade-personalized-cake-topper\/#primaryimage\"},\"thumbnailUrl\":\"https:\/\/www.lescreationskline.com\/wp-content\/uploads\/2022\/07\/BEYBLADE-1.png\",\"datePublished\":\"2022-07-13T16:36:14+00:00\",\"description\":\"Our custom cake toppers are unique decorations for any occasion. Available in a wide range of colours and designs.\",\"breadcrumb\":{\"@id\":\"https:\/\/www.lescreationskline.com\/en\/magasiner\/personalized-cake-topper\/beyblade-personalized-cake-topper\/#breadcrumb\"},\"inLanguage\":\"en-US\",\"potentialAction\":[{\"@type\":\"ReadAction\",\"target\":[\"https:\/\/www.lescreationskline.com\/en\/magasiner\/personalized-cake-topper\/beyblade-personalized-cake-topper\/\"]}]},{\"@type\":\"ImageObject\",\"inLanguage\":\"en-US\",\"@id\":\"https:\/\/www.lescreationskline.com\/en\/magasiner\/personalized-cake-topper\/beyblade-personalized-cake-topper\/#primaryimage\",\"url\":\"https:\/\/www.lescreationskline.com\/wp-content\/uploads\/2022\/07\/BEYBLADE-1.png\",\"contentUrl\":\"https:\/\/www.lescreationskline.com\/wp-content\/uploads\/2022\/07\/BEYBLADE-1.png\",\"width\":1080,\"height\":1080,\"caption\":\"BeyBlade Custom Cake Topper\"},{\"@type\":\"BreadcrumbList\",\"@id\":\"https:\/\/www.lescreationskline.com\/en\/magasiner\/personalized-cake-topper\/beyblade-personalized-cake-topper\/#breadcrumb\",\"itemListElement\":[{\"@type\":\"ListItem\",\"position\":1,\"name\":\"Accueil\",\"item\":\"https:\/\/www.lescreationskline.com\/en\/reception\/\"},{\"@type\":\"ListItem\",\"position\":2,\"name\":\"Shop\",\"item\":\"https:\/\/www.lescreationskline.com\/en\/shop\/\"},{\"@type\":\"ListItem\",\"position\":3,\"name\":\"Celebrations &amp; Events\",\"item\":\"https:\/\/www.lescreationskline.com\/en\/categorie-produit\/celebrations-events\/\"},{\"@type\":\"ListItem\",\"position\":4,\"name\":\"BEYBLADE Personalized Cake Topper\"}]},{\"@type\":\"WebSite\",\"@id\":\"https:\/\/www.lescreationskline.com\/en\/#website\",\"url\":\"https:\/\/www.lescreationskline.com\/en\/\",\"name\":\"Les Cr\u00e9ations Kline\",\"description\":\"Fabriqu\u00e9s \u00e0 la main\",\"potentialAction\":[{\"@type\":\"SearchAction\",\"target\":{\"@type\":\"EntryPoint\",\"urlTemplate\":\"https:\/\/www.lescreationskline.com\/en\/?s={search_term_string}\"},\"query-input\":{\"@type\":\"PropertyValueSpecification\",\"valueRequired\":true,\"valueName\":\"search_term_string\"}}],\"inLanguage\":\"en-US\"}]}<\/script>\n<!-- \/ Yoast SEO plugin. -->","yoast_head_json":{"title":"BEYBLADE Personalized Cake Topper - Les Cr\u00e9ations Kline","description":"Our custom cake toppers are unique decorations for any occasion. Available in a wide range of colours and designs.","robots":{"index":"index","follow":"follow","max-snippet":"max-snippet:-1","max-image-preview":"max-image-preview:large","max-video-preview":"max-video-preview:-1"},"canonical":"https:\/\/www.lescreationskline.com\/en\/magasiner\/personalized-cake-topper\/beyblade-personalized-cake-topper\/","og_locale":"en_US","og_type":"article","og_title":"BEYBLADE Personalized Cake Topper - Les Cr\u00e9ations Kline","og_description":"Our custom cake toppers are unique decorations for any occasion. Available in a wide range of colours and designs.","og_url":"https:\/\/www.lescreationskline.com\/en\/magasiner\/personalized-cake-topper\/beyblade-personalized-cake-topper\/","og_site_name":"Les Cr\u00e9ations Kline","og_image":[{"width":1080,"height":1080,"url":"https:\/\/www.lescreationskline.com\/wp-content\/uploads\/2022\/07\/BEYBLADE-1.png","type":"image\/png"}],"twitter_misc":{"Est. reading time":"1 minute"},"schema":{"@context":"https:\/\/schema.org","@graph":[{"@type":"WebPage","@id":"https:\/\/www.lescreationskline.com\/en\/magasiner\/personalized-cake-topper\/beyblade-personalized-cake-topper\/","url":"https:\/\/www.lescreationskline.com\/en\/magasiner\/personalized-cake-topper\/beyblade-personalized-cake-topper\/","name":"BEYBLADE Personalized Cake Topper - Les Cr\u00e9ations Kline","isPartOf":{"@id":"https:\/\/www.lescreationskline.com\/en\/#website"},"primaryImageOfPage":{"@id":"https:\/\/www.lescreationskline.com\/en\/magasiner\/personalized-cake-topper\/beyblade-personalized-cake-topper\/#primaryimage"},"image":{"@id":"https:\/\/www.lescreationskline.com\/en\/magasiner\/personalized-cake-topper\/beyblade-personalized-cake-topper\/#primaryimage"},"thumbnailUrl":"https:\/\/www.lescreationskline.com\/wp-content\/uploads\/2022\/07\/BEYBLADE-1.png","datePublished":"2022-07-13T16:36:14+00:00","description":"Our custom cake toppers are unique decorations for any occasion. Available in a wide range of colours and designs.","breadcrumb":{"@id":"https:\/\/www.lescreationskline.com\/en\/magasiner\/personalized-cake-topper\/beyblade-personalized-cake-topper\/#breadcrumb"},"inLanguage":"en-US","potentialAction":[{"@type":"ReadAction","target":["https:\/\/www.lescreationskline.com\/en\/magasiner\/personalized-cake-topper\/beyblade-personalized-cake-topper\/"]}]},{"@type":"ImageObject","inLanguage":"en-US","@id":"https:\/\/www.lescreationskline.com\/en\/magasiner\/personalized-cake-topper\/beyblade-personalized-cake-topper\/#primaryimage","url":"https:\/\/www.lescreationskline.com\/wp-content\/uploads\/2022\/07\/BEYBLADE-1.png","contentUrl":"https:\/\/www.lescreationskline.com\/wp-content\/uploads\/2022\/07\/BEYBLADE-1.png","width":1080,"height":1080,"caption":"BeyBlade Custom Cake Topper"},{"@type":"BreadcrumbList","@id":"https:\/\/www.lescreationskline.com\/en\/magasiner\/personalized-cake-topper\/beyblade-personalized-cake-topper\/#breadcrumb","itemListElement":[{"@type":"ListItem","position":1,"name":"Accueil","item":"https:\/\/www.lescreationskline.com\/en\/reception\/"},{"@type":"ListItem","position":2,"name":"Shop","item":"https:\/\/www.lescreationskline.com\/en\/shop\/"},{"@type":"ListItem","position":3,"name":"Celebrations &amp; Events","item":"https:\/\/www.lescreationskline.com\/en\/categorie-produit\/celebrations-events\/"},{"@type":"ListItem","position":4,"name":"BEYBLADE Personalized Cake Topper"}]},{"@type":"WebSite","@id":"https:\/\/www.lescreationskline.com\/en\/#website","url":"https:\/\/www.lescreationskline.com\/en\/","name":"Les Cr\u00e9ations Kline","description":"Fabriqu\u00e9s \u00e0 la main","potentialAction":[{"@type":"SearchAction","target":{"@type":"EntryPoint","urlTemplate":"https:\/\/www.lescreationskline.com\/en\/?s={search_term_string}"},"query-input":{"@type":"PropertyValueSpecification","valueRequired":true,"valueName":"search_term_string"}}],"inLanguage":"en-US"}]}},"_links":{"self":[{"href":"https:\/\/www.lescreationskline.com\/en\/wp-json\/wp\/v2\/product\/8156","targetHints":{"allow":["GET"]}}],"collection":[{"href":"https:\/\/www.lescreationskline.com\/en\/wp-json\/wp\/v2\/product"}],"about":[{"href":"https:\/\/www.lescreationskline.com\/en\/wp-json\/wp\/v2\/types\/product"}],"replies":[{"embeddable":true,"href":"https:\/\/www.lescreationskline.com\/en\/wp-json\/wp\/v2\/comments?post=8156"}],"wp:featuredmedia":[{"embeddable":true,"href":"https:\/\/www.lescreationskline.com\/en\/wp-json\/wp\/v2\/media\/7443"}],"wp:attachment":[{"href":"https:\/\/www.lescreationskline.com\/en\/wp-json\/wp\/v2\/media?parent=8156"}],"wp:term":[{"taxonomy":"product_brand","embeddable":true,"href":"https:\/\/www.lescreationskline.com\/en\/wp-json\/wp\/v2\/product_brand?post=8156"},{"taxonomy":"product_cat","embeddable":true,"href":"https:\/\/www.lescreationskline.com\/en\/wp-json\/wp\/v2\/product_cat?post=8156"},{"taxonomy":"product_tag","embeddable":true,"href":"https:\/\/www.lescreationskline.com\/en\/wp-json\/wp\/v2\/product_tag?post=8156"},{"taxonomy":"occasion","embeddable":true,"href":"https:\/\/www.lescreationskline.com\/en\/wp-json\/wp\/v2\/occasion?post=8156"}],"curies":[{"name":"wp","href":"https:\/\/api.w.org\/{rel}","templated":true}]}}