{"id":8154,"date":"2022-05-13T14:57:15","date_gmt":"2022-05-13T18:57:15","guid":{"rendered":"https:\/\/www.lescreationskline.com\/produit\/happy-birthday-hexagonal-shape-cake-topper\/"},"modified":"2022-05-13T14:57:15","modified_gmt":"2022-05-13T18:57:15","slug":"happy-birthday-hexagonal-shape-cake-topper","status":"publish","type":"product","link":"https:\/\/www.lescreationskline.com\/en\/magasiner\/celebrations-events\/happy-birthday-hexagonal-shape-cake-topper\/","title":{"rendered":"Happy Birthday Hexagonal Shape Cake Topper"},"content":{"rendered":"<p><span style=\"font-weight: 400;\">The Hexagonal Shape Acrylic Cake Topper with Happy Birthday Add in Acrylic Mirror.  <\/span><\/p>\n<p><span style=\"font-weight: 400;\">&#8211; You will receive 1 hexagonal shaped acrylic cake topper with Happy Birthday (you can check the color in the sections of your order)<\/span><\/p>\n<p><span style=\"font-weight: 400;\">&#8211; just insert it into your cakes<\/span><\/p>\n<p><span style=\"font-weight: 400;\">-Easy clean<\/span><\/p>\n<p><span style=\"font-weight: 400;\">-It can be easily stored and reused for the next use.<\/span><\/p>\n<p><span style=\"font-weight: 400;\">  -Made of clear acrylic  <\/span><\/p>\n<p><span style=\"font-weight: 400;\">-Ideal size for most sizes of cakes. Measures approximately 2 mm thick, 7 in high x 3.9 wide<\/span><\/p>\n<p><span style=\"font-weight: 400;\"> <\/span><\/p>\n<p><span style=\"font-weight: 400;\">The Personalized Cake Topper\/ Personalized Cake Topper<\/span><\/p>\n<p><span style=\"font-weight: 400;\"> <\/span><span style=\"font-weight: 400;\">The must for your cake. The personalised cake topper with the design and name of your choice. Whether it&#8217;s for a birthday, a baptism, a baby shower, a corporate event or any other occasion.    <\/span><i><span style=\"font-weight: 400;\">Each person is unique, so is each cake design <\/span><\/i><span style=\"font-weight: 400;\">.<\/span><\/p>\n<p><span style=\"font-weight: 400;\">The Personalized Cake Topper according to your choice of design are all made of high quality paper, foam, cardboard, acrylic, shaker with glitter or lights. The cake topper is equipped with a paper stick or food grade bamboo sticks. The Custom Cake Topper are custom cut to your 8-10 inch cake. Dimensions (depending on the length of your name, the dimensions of the topper will be modified to respect the proportion). We have added some photos to give you examples.    <\/span><\/p>\n<p><span style=\"font-weight: 400;\">If you have a creation, call me to see together the desired design.<\/span><\/p>\n<p><span style=\"font-weight: 400;\">NOTE: Remember to do this a week or two in advance<\/span><\/p>\n","protected":false},"excerpt":{"rendered":"<p>The Hexagonal Shape Acrylic Cake Topper with Happy Birthday Add in Acrylic Mirror. &#8211; You will receive 1 hexagonal shaped acrylic cake topper with Happy Birthday (you can check the color in the sections of your order) &#8211; just insert it into your cakes -Easy clean -It can be easily stored and reused for the [&hellip;]<\/p>\n","protected":false},"featured_media":7429,"comment_status":"open","ping_status":"closed","template":"","meta":{"_et_pb_use_builder":"","_et_pb_old_content":"","_et_gb_content_width":""},"product_brand":[],"product_cat":[1150,1288],"product_tag":[],"occasion":[],"class_list":{"0":"post-8154","1":"product","2":"type-product","3":"status-publish","4":"has-post-thumbnail","6":"product_cat-celebrations-events","7":"product_cat-cake-topper-decoration-en","8":"product_shipping_class-cp-parcel","9":"pa_couleur-aqua-green","10":"pa_couleur-copper-en","11":"pa_couleur-fuchsia","12":"pa_couleur-mallow","13":"pa_couleur-navy-blue","15":"first","16":"instock","17":"shipping-taxable","18":"purchasable","19":"product-type-variable"},"yoast_head":"<!-- This site is optimized with the Yoast SEO plugin v27.2 - https:\/\/yoast.com\/product\/yoast-seo-wordpress\/ -->\n<title>Happy Birthday Hexagonal Shape Cake Topper - Les Cr\u00e9ations Kline<\/title>\n<meta name=\"description\" content=\"Fall for this Happy Birthday hexagonal cake topper. It is the ideal and original decoration for a beautiful birthday cake.\" \/>\n<meta name=\"robots\" content=\"index, follow, max-snippet:-1, max-image-preview:large, max-video-preview:-1\" \/>\n<link rel=\"canonical\" href=\"https:\/\/www.lescreationskline.com\/en\/magasiner\/celebrations-events\/happy-birthday-hexagonal-shape-cake-topper\/\" \/>\n<meta property=\"og:locale\" content=\"en_US\" \/>\n<meta property=\"og:type\" content=\"article\" \/>\n<meta property=\"og:title\" content=\"Happy Birthday Hexagonal Shape Cake Topper - Les Cr\u00e9ations Kline\" \/>\n<meta property=\"og:description\" content=\"Fall for this Happy Birthday hexagonal cake topper. It is the ideal and original decoration for a beautiful birthday cake.\" \/>\n<meta property=\"og:url\" content=\"https:\/\/www.lescreationskline.com\/en\/magasiner\/celebrations-events\/happy-birthday-hexagonal-shape-cake-topper\/\" \/>\n<meta property=\"og:site_name\" content=\"Les Cr\u00e9ations Kline\" \/>\n<meta property=\"og:image\" content=\"https:\/\/www.lescreationskline.com\/wp-content\/uploads\/2022\/05\/16.png\" \/>\n\t<meta property=\"og:image:width\" content=\"1080\" \/>\n\t<meta property=\"og:image:height\" content=\"1080\" \/>\n\t<meta property=\"og:image:type\" content=\"image\/png\" \/>\n<meta name=\"twitter:label1\" content=\"Est. reading time\" \/>\n\t<meta name=\"twitter:data1\" content=\"1 minute\" \/>\n<script type=\"application\/ld+json\" class=\"yoast-schema-graph\">{\"@context\":\"https:\/\/schema.org\",\"@graph\":[{\"@type\":\"WebPage\",\"@id\":\"https:\/\/www.lescreationskline.com\/en\/magasiner\/celebrations-events\/happy-birthday-hexagonal-shape-cake-topper\/\",\"url\":\"https:\/\/www.lescreationskline.com\/en\/magasiner\/celebrations-events\/happy-birthday-hexagonal-shape-cake-topper\/\",\"name\":\"Happy Birthday Hexagonal Shape Cake Topper - Les Cr\u00e9ations Kline\",\"isPartOf\":{\"@id\":\"https:\/\/www.lescreationskline.com\/en\/#website\"},\"primaryImageOfPage\":{\"@id\":\"https:\/\/www.lescreationskline.com\/en\/magasiner\/celebrations-events\/happy-birthday-hexagonal-shape-cake-topper\/#primaryimage\"},\"image\":{\"@id\":\"https:\/\/www.lescreationskline.com\/en\/magasiner\/celebrations-events\/happy-birthday-hexagonal-shape-cake-topper\/#primaryimage\"},\"thumbnailUrl\":\"https:\/\/www.lescreationskline.com\/wp-content\/uploads\/2022\/05\/16.png\",\"datePublished\":\"2022-05-13T18:57:15+00:00\",\"description\":\"Fall for this Happy Birthday hexagonal cake topper. It is the ideal and original decoration for a beautiful birthday cake.\",\"breadcrumb\":{\"@id\":\"https:\/\/www.lescreationskline.com\/en\/magasiner\/celebrations-events\/happy-birthday-hexagonal-shape-cake-topper\/#breadcrumb\"},\"inLanguage\":\"en-US\",\"potentialAction\":[{\"@type\":\"ReadAction\",\"target\":[\"https:\/\/www.lescreationskline.com\/en\/magasiner\/celebrations-events\/happy-birthday-hexagonal-shape-cake-topper\/\"]}]},{\"@type\":\"ImageObject\",\"inLanguage\":\"en-US\",\"@id\":\"https:\/\/www.lescreationskline.com\/en\/magasiner\/celebrations-events\/happy-birthday-hexagonal-shape-cake-topper\/#primaryimage\",\"url\":\"https:\/\/www.lescreationskline.com\/wp-content\/uploads\/2022\/05\/16.png\",\"contentUrl\":\"https:\/\/www.lescreationskline.com\/wp-content\/uploads\/2022\/05\/16.png\",\"width\":1080,\"height\":1080,\"caption\":\"Happy Birthday Hexagonal Shape Cake Topper\"},{\"@type\":\"BreadcrumbList\",\"@id\":\"https:\/\/www.lescreationskline.com\/en\/magasiner\/celebrations-events\/happy-birthday-hexagonal-shape-cake-topper\/#breadcrumb\",\"itemListElement\":[{\"@type\":\"ListItem\",\"position\":1,\"name\":\"Accueil\",\"item\":\"https:\/\/www.lescreationskline.com\/en\/reception\/\"},{\"@type\":\"ListItem\",\"position\":2,\"name\":\"Shop\",\"item\":\"https:\/\/www.lescreationskline.com\/en\/shop\/\"},{\"@type\":\"ListItem\",\"position\":3,\"name\":\"Celebrations &amp; Events\",\"item\":\"https:\/\/www.lescreationskline.com\/en\/categorie-produit\/celebrations-events\/\"},{\"@type\":\"ListItem\",\"position\":4,\"name\":\"Happy Birthday Hexagonal Shape Cake Topper\"}]},{\"@type\":\"WebSite\",\"@id\":\"https:\/\/www.lescreationskline.com\/en\/#website\",\"url\":\"https:\/\/www.lescreationskline.com\/en\/\",\"name\":\"Les Cr\u00e9ations Kline\",\"description\":\"Fabriqu\u00e9s \u00e0 la main\",\"potentialAction\":[{\"@type\":\"SearchAction\",\"target\":{\"@type\":\"EntryPoint\",\"urlTemplate\":\"https:\/\/www.lescreationskline.com\/en\/?s={search_term_string}\"},\"query-input\":{\"@type\":\"PropertyValueSpecification\",\"valueRequired\":true,\"valueName\":\"search_term_string\"}}],\"inLanguage\":\"en-US\"}]}<\/script>\n<!-- \/ Yoast SEO plugin. -->","yoast_head_json":{"title":"Happy Birthday Hexagonal Shape Cake Topper - Les Cr\u00e9ations Kline","description":"Fall for this Happy Birthday hexagonal cake topper. It is the ideal and original decoration for a beautiful birthday cake.","robots":{"index":"index","follow":"follow","max-snippet":"max-snippet:-1","max-image-preview":"max-image-preview:large","max-video-preview":"max-video-preview:-1"},"canonical":"https:\/\/www.lescreationskline.com\/en\/magasiner\/celebrations-events\/happy-birthday-hexagonal-shape-cake-topper\/","og_locale":"en_US","og_type":"article","og_title":"Happy Birthday Hexagonal Shape Cake Topper - Les Cr\u00e9ations Kline","og_description":"Fall for this Happy Birthday hexagonal cake topper. It is the ideal and original decoration for a beautiful birthday cake.","og_url":"https:\/\/www.lescreationskline.com\/en\/magasiner\/celebrations-events\/happy-birthday-hexagonal-shape-cake-topper\/","og_site_name":"Les Cr\u00e9ations Kline","og_image":[{"width":1080,"height":1080,"url":"https:\/\/www.lescreationskline.com\/wp-content\/uploads\/2022\/05\/16.png","type":"image\/png"}],"twitter_misc":{"Est. reading time":"1 minute"},"schema":{"@context":"https:\/\/schema.org","@graph":[{"@type":"WebPage","@id":"https:\/\/www.lescreationskline.com\/en\/magasiner\/celebrations-events\/happy-birthday-hexagonal-shape-cake-topper\/","url":"https:\/\/www.lescreationskline.com\/en\/magasiner\/celebrations-events\/happy-birthday-hexagonal-shape-cake-topper\/","name":"Happy Birthday Hexagonal Shape Cake Topper - Les Cr\u00e9ations Kline","isPartOf":{"@id":"https:\/\/www.lescreationskline.com\/en\/#website"},"primaryImageOfPage":{"@id":"https:\/\/www.lescreationskline.com\/en\/magasiner\/celebrations-events\/happy-birthday-hexagonal-shape-cake-topper\/#primaryimage"},"image":{"@id":"https:\/\/www.lescreationskline.com\/en\/magasiner\/celebrations-events\/happy-birthday-hexagonal-shape-cake-topper\/#primaryimage"},"thumbnailUrl":"https:\/\/www.lescreationskline.com\/wp-content\/uploads\/2022\/05\/16.png","datePublished":"2022-05-13T18:57:15+00:00","description":"Fall for this Happy Birthday hexagonal cake topper. It is the ideal and original decoration for a beautiful birthday cake.","breadcrumb":{"@id":"https:\/\/www.lescreationskline.com\/en\/magasiner\/celebrations-events\/happy-birthday-hexagonal-shape-cake-topper\/#breadcrumb"},"inLanguage":"en-US","potentialAction":[{"@type":"ReadAction","target":["https:\/\/www.lescreationskline.com\/en\/magasiner\/celebrations-events\/happy-birthday-hexagonal-shape-cake-topper\/"]}]},{"@type":"ImageObject","inLanguage":"en-US","@id":"https:\/\/www.lescreationskline.com\/en\/magasiner\/celebrations-events\/happy-birthday-hexagonal-shape-cake-topper\/#primaryimage","url":"https:\/\/www.lescreationskline.com\/wp-content\/uploads\/2022\/05\/16.png","contentUrl":"https:\/\/www.lescreationskline.com\/wp-content\/uploads\/2022\/05\/16.png","width":1080,"height":1080,"caption":"Happy Birthday Hexagonal Shape Cake Topper"},{"@type":"BreadcrumbList","@id":"https:\/\/www.lescreationskline.com\/en\/magasiner\/celebrations-events\/happy-birthday-hexagonal-shape-cake-topper\/#breadcrumb","itemListElement":[{"@type":"ListItem","position":1,"name":"Accueil","item":"https:\/\/www.lescreationskline.com\/en\/reception\/"},{"@type":"ListItem","position":2,"name":"Shop","item":"https:\/\/www.lescreationskline.com\/en\/shop\/"},{"@type":"ListItem","position":3,"name":"Celebrations &amp; Events","item":"https:\/\/www.lescreationskline.com\/en\/categorie-produit\/celebrations-events\/"},{"@type":"ListItem","position":4,"name":"Happy Birthday Hexagonal Shape Cake Topper"}]},{"@type":"WebSite","@id":"https:\/\/www.lescreationskline.com\/en\/#website","url":"https:\/\/www.lescreationskline.com\/en\/","name":"Les Cr\u00e9ations Kline","description":"Fabriqu\u00e9s \u00e0 la main","potentialAction":[{"@type":"SearchAction","target":{"@type":"EntryPoint","urlTemplate":"https:\/\/www.lescreationskline.com\/en\/?s={search_term_string}"},"query-input":{"@type":"PropertyValueSpecification","valueRequired":true,"valueName":"search_term_string"}}],"inLanguage":"en-US"}]}},"_links":{"self":[{"href":"https:\/\/www.lescreationskline.com\/en\/wp-json\/wp\/v2\/product\/8154","targetHints":{"allow":["GET"]}}],"collection":[{"href":"https:\/\/www.lescreationskline.com\/en\/wp-json\/wp\/v2\/product"}],"about":[{"href":"https:\/\/www.lescreationskline.com\/en\/wp-json\/wp\/v2\/types\/product"}],"replies":[{"embeddable":true,"href":"https:\/\/www.lescreationskline.com\/en\/wp-json\/wp\/v2\/comments?post=8154"}],"wp:featuredmedia":[{"embeddable":true,"href":"https:\/\/www.lescreationskline.com\/en\/wp-json\/wp\/v2\/media\/7429"}],"wp:attachment":[{"href":"https:\/\/www.lescreationskline.com\/en\/wp-json\/wp\/v2\/media?parent=8154"}],"wp:term":[{"taxonomy":"product_brand","embeddable":true,"href":"https:\/\/www.lescreationskline.com\/en\/wp-json\/wp\/v2\/product_brand?post=8154"},{"taxonomy":"product_cat","embeddable":true,"href":"https:\/\/www.lescreationskline.com\/en\/wp-json\/wp\/v2\/product_cat?post=8154"},{"taxonomy":"product_tag","embeddable":true,"href":"https:\/\/www.lescreationskline.com\/en\/wp-json\/wp\/v2\/product_tag?post=8154"},{"taxonomy":"occasion","embeddable":true,"href":"https:\/\/www.lescreationskline.com\/en\/wp-json\/wp\/v2\/occasion?post=8154"}],"curies":[{"name":"wp","href":"https:\/\/api.w.org\/{rel}","templated":true}]}}