{"id":8110,"date":"2021-12-09T10:45:28","date_gmt":"2021-12-09T15:45:28","guid":{"rendered":"https:\/\/www.lescreationskline.com\/produit\/wall-plate-engraved-on-wood-bear-design\/"},"modified":"2021-12-09T10:45:28","modified_gmt":"2021-12-09T15:45:28","slug":"wall-plate-engraved-on-wood-bear-design","status":"publish","type":"product","link":"https:\/\/www.lescreationskline.com\/en\/magasiner\/shop\/laser-engraved-wood-unique-personalized-gift\/wall-plate-engraved-on-wood-bear-design\/","title":{"rendered":"Wall plate engraved on wood. Bear Design"},"content":{"rendered":"<div class=\"bi6gxh9e\" data-block=\"true\" data-editor=\"d1jlj\" data-offset-key=\"49d56-0-0\">\n<div class=\"_1mf _1mj\" data-offset-key=\"49d56-0-0\"><span data-offset-key=\"49d56-0-0\">Plates<\/span><span data-offset-key=\"49d56-1-0\"> with 3D laser Bear design engraving with a message to highlight the wood. The engraving details is amazing and in person is even more unique than ever. . The price varies depending on your design <\/span> <\/div>\n<\/div>\n<div class=\"bi6gxh9e\" data-block=\"true\" data-editor=\"d1jlj\" data-offset-key=\"4uuut-0-0\">\n<div class=\"_1mf _1mj\" data-offset-key=\"4uuut-0-0\"><span data-offset-key=\"4uuut-0-0\">You can customize your boards with your ideas made with laser engraving. Unique gift for any occasion with anything you desire, person&#8217;s name, humorous word, event details, anniversary, wedding, bachelor or bachelorette party, anniversary, retirement gift, gift for mom, dad, husband, wife, brothers, sisters, friends and many more.   <\/span><\/div>\n<\/div>\n<div class=\"bi6gxh9e\" data-block=\"true\" data-editor=\"d1jlj\" data-offset-key=\"9k81c-0-0\">\n<div class=\"_1mf _1mj\" data-offset-key=\"9k81c-0-0\"><span data-offset-key=\"9k81c-0-0\">&#8211; Run a sandblaster over the wood<\/span><\/div>\n<\/div>\n<div class=\"bi6gxh9e\" data-block=\"true\" data-editor=\"d1jlj\" data-offset-key=\"c471g-0-0\">\n<div class=\"_1mf _1mj\" data-offset-key=\"c471g-0-0\"><span data-offset-key=\"c471g-0-0\">-Laser engrave<\/span><\/div>\n<\/div>\n<div class=\"bi6gxh9e\" data-block=\"true\" data-editor=\"d1jlj\" data-offset-key=\"f99hl-0-0\">\n<div class=\"_1mf _1mj\" data-offset-key=\"f99hl-0-0\"><span data-offset-key=\"f99hl-0-0\">-Varnish<\/span><\/div>\n<\/div>\n<div class=\"bi6gxh9e\" data-block=\"true\" data-editor=\"d1jlj\" data-offset-key=\"9a4lj-0-0\">\n<div class=\"_1mf _1mj\" data-offset-key=\"9a4lj-0-0\"><span data-offset-key=\"9a4lj-0-0\">Size. 22&#8243; x 9.5&#8243;   <\/span><\/div>\n<\/div>\n<div class=\"bi6gxh9e\" data-block=\"true\" data-editor=\"d1jlj\" data-offset-key=\"21hrg-0-0\">\n<div class=\"_1mf _1mj\" data-offset-key=\"21hrg-0-0\"><span data-offset-key=\"21hrg-0-0\">Thickness 1&#8243; Maple Wood<\/span><\/div>\n<\/div>\n<div class=\"bi6gxh9e\" data-block=\"true\" data-editor=\"d1jlj\" data-offset-key=\"5t1el-0-0\">\n<div class=\"_1mf _1mj\" data-offset-key=\"5t1el-0-0\"><span data-offset-key=\"5t1el-0-0\">Wood products may have knots, this is not a defect but is part of the vintage style we want to keep.<\/span><\/div>\n<\/div>\n<div class=\"bi6gxh9e\" data-block=\"true\" data-editor=\"d1jlj\" data-offset-key=\"sb1i-0-0\">\n<div class=\"_1mf _1mj\" data-offset-key=\"sb1i-0-0\"><span data-offset-key=\"sb1i-0-0\">You can communicate with me for any project. \ud83d\ude42<\/span><\/div>\n<\/div>\n<div class=\"bi6gxh9e\" data-block=\"true\" data-editor=\"d1jlj\" data-offset-key=\"dbj5l-0-0\">\n<div class=\"_1mf _1mj\" data-offset-key=\"dbj5l-0-0\"><span data-offset-key=\"dbj5l-0-0\">Thanks for sharing<\/span><\/div>\n<\/div>\n<div class=\"bi6gxh9e\" data-block=\"true\" data-editor=\"d1jlj\" data-offset-key=\"k8d5-0-0\">\n<div class=\"_1mf _1mj\" data-offset-key=\"k8d5-0-0\"><span data-offset-key=\"k8d5-0-0\">Size. 21&#8243; x 9.5&#8243;   <\/span><\/div>\n<\/div>\n<div class=\"bi6gxh9e\" data-block=\"true\" data-editor=\"d1jlj\" data-offset-key=\"7eer9-0-0\">\n<div class=\"_1mf _1mj\" data-offset-key=\"7eer9-0-0\"><span data-offset-key=\"7eer9-0-0\">Thickness 1&#8243; Maple Wood<\/span><\/div>\n<\/div>\n","protected":false},"excerpt":{"rendered":"<p>Plates with 3D laser Bear design engraving with a message to highlight the wood. The engraving details is amazing and in person is even more unique than ever. . The price varies depending on your design You can customize your boards with your ideas made with laser engraving. Unique gift for any occasion with anything [&hellip;]<\/p>\n","protected":false},"featured_media":7355,"comment_status":"open","ping_status":"closed","template":"","meta":{"_et_pb_use_builder":"","_et_pb_old_content":"","_et_gb_content_width":""},"product_brand":[],"product_cat":[1379,1742],"product_tag":[],"occasion":[],"class_list":{"0":"post-8110","1":"product","2":"type-product","3":"status-publish","4":"has-post-thumbnail","6":"product_cat-wooden-items","7":"product_cat-laser-engraved-wood-unique-personalized-gift","8":"product_shipping_class-cp-parcel","10":"first","11":"instock","12":"shipping-taxable","13":"purchasable","14":"product-type-simple"},"yoast_head":"<!-- This site is optimized with the Yoast SEO plugin v27.2 - https:\/\/yoast.com\/product\/yoast-seo-wordpress\/ -->\n<title>Wall plate engraved on wood. Bear Design - Les Cr\u00e9ations Kline<\/title>\n<meta name=\"robots\" content=\"index, follow, max-snippet:-1, max-image-preview:large, max-video-preview:-1\" \/>\n<link rel=\"canonical\" href=\"https:\/\/www.lescreationskline.com\/en\/magasiner\/shop\/laser-engraved-wood-unique-personalized-gift\/wall-plate-engraved-on-wood-bear-design\/\" \/>\n<meta property=\"og:locale\" content=\"en_US\" \/>\n<meta property=\"og:type\" content=\"article\" \/>\n<meta property=\"og:title\" content=\"Wall plate engraved on wood. Bear Design - Les Cr\u00e9ations Kline\" \/>\n<meta property=\"og:description\" content=\"Plates with 3D laser Bear design engraving with a message to highlight the wood. The engraving details is amazing and in person is even more unique than ever. . The price varies depending on your design You can customize your boards with your ideas made with laser engraving. Unique gift for any occasion with anything [&hellip;]\" \/>\n<meta property=\"og:url\" content=\"https:\/\/www.lescreationskline.com\/en\/magasiner\/shop\/laser-engraved-wood-unique-personalized-gift\/wall-plate-engraved-on-wood-bear-design\/\" \/>\n<meta property=\"og:site_name\" content=\"Les Cr\u00e9ations Kline\" \/>\n<meta property=\"og:image\" content=\"https:\/\/www.lescreationskline.com\/wp-content\/uploads\/2021\/12\/thumbnail_IMG_0039.PNG.png\" \/>\n\t<meta property=\"og:image:width\" content=\"792\" \/>\n\t<meta property=\"og:image:height\" content=\"1210\" \/>\n\t<meta property=\"og:image:type\" content=\"image\/png\" \/>\n<meta name=\"twitter:label1\" content=\"Est. reading time\" \/>\n\t<meta name=\"twitter:data1\" content=\"1 minute\" \/>\n<script type=\"application\/ld+json\" class=\"yoast-schema-graph\">{\"@context\":\"https:\/\/schema.org\",\"@graph\":[{\"@type\":\"WebPage\",\"@id\":\"https:\/\/www.lescreationskline.com\/en\/magasiner\/shop\/laser-engraved-wood-unique-personalized-gift\/wall-plate-engraved-on-wood-bear-design\/\",\"url\":\"https:\/\/www.lescreationskline.com\/en\/magasiner\/shop\/laser-engraved-wood-unique-personalized-gift\/wall-plate-engraved-on-wood-bear-design\/\",\"name\":\"Wall plate engraved on wood. Bear Design - Les Cr\u00e9ations Kline\",\"isPartOf\":{\"@id\":\"https:\/\/www.lescreationskline.com\/en\/#website\"},\"primaryImageOfPage\":{\"@id\":\"https:\/\/www.lescreationskline.com\/en\/magasiner\/shop\/laser-engraved-wood-unique-personalized-gift\/wall-plate-engraved-on-wood-bear-design\/#primaryimage\"},\"image\":{\"@id\":\"https:\/\/www.lescreationskline.com\/en\/magasiner\/shop\/laser-engraved-wood-unique-personalized-gift\/wall-plate-engraved-on-wood-bear-design\/#primaryimage\"},\"thumbnailUrl\":\"https:\/\/www.lescreationskline.com\/wp-content\/uploads\/2021\/12\/thumbnail_IMG_0039.PNG.png\",\"datePublished\":\"2021-12-09T15:45:28+00:00\",\"breadcrumb\":{\"@id\":\"https:\/\/www.lescreationskline.com\/en\/magasiner\/shop\/laser-engraved-wood-unique-personalized-gift\/wall-plate-engraved-on-wood-bear-design\/#breadcrumb\"},\"inLanguage\":\"en-US\",\"potentialAction\":[{\"@type\":\"ReadAction\",\"target\":[\"https:\/\/www.lescreationskline.com\/en\/magasiner\/shop\/laser-engraved-wood-unique-personalized-gift\/wall-plate-engraved-on-wood-bear-design\/\"]}]},{\"@type\":\"ImageObject\",\"inLanguage\":\"en-US\",\"@id\":\"https:\/\/www.lescreationskline.com\/en\/magasiner\/shop\/laser-engraved-wood-unique-personalized-gift\/wall-plate-engraved-on-wood-bear-design\/#primaryimage\",\"url\":\"https:\/\/www.lescreationskline.com\/wp-content\/uploads\/2021\/12\/thumbnail_IMG_0039.PNG.png\",\"contentUrl\":\"https:\/\/www.lescreationskline.com\/wp-content\/uploads\/2021\/12\/thumbnail_IMG_0039.PNG.png\",\"width\":792,\"height\":1210,\"caption\":\"Wall plate engraved on wood. Bear Design\"},{\"@type\":\"BreadcrumbList\",\"@id\":\"https:\/\/www.lescreationskline.com\/en\/magasiner\/shop\/laser-engraved-wood-unique-personalized-gift\/wall-plate-engraved-on-wood-bear-design\/#breadcrumb\",\"itemListElement\":[{\"@type\":\"ListItem\",\"position\":1,\"name\":\"Accueil\",\"item\":\"https:\/\/www.lescreationskline.com\/en\/\"},{\"@type\":\"ListItem\",\"position\":2,\"name\":\"Shop\",\"item\":\"https:\/\/www.lescreationskline.com\/en\/?page_id=7758\"},{\"@type\":\"ListItem\",\"position\":3,\"name\":\"Shop\",\"item\":\"https:\/\/www.lescreationskline.com\/en\/categorie-produit\/shop\/\"},{\"@type\":\"ListItem\",\"position\":4,\"name\":\"Laser Engraved Wood \u2013 Unique Personalized Gift\",\"item\":\"https:\/\/www.lescreationskline.com\/en\/categorie-produit\/shop\/laser-engraved-wood-unique-personalized-gift\/\"},{\"@type\":\"ListItem\",\"position\":5,\"name\":\"Wall plate engraved on wood. Bear Design\"}]},{\"@type\":\"WebSite\",\"@id\":\"https:\/\/www.lescreationskline.com\/en\/#website\",\"url\":\"https:\/\/www.lescreationskline.com\/en\/\",\"name\":\"Les Cr\u00e9ations Kline\",\"description\":\"Fabriqu\u00e9s \u00e0 la main\",\"potentialAction\":[{\"@type\":\"SearchAction\",\"target\":{\"@type\":\"EntryPoint\",\"urlTemplate\":\"https:\/\/www.lescreationskline.com\/en\/?s={search_term_string}\"},\"query-input\":{\"@type\":\"PropertyValueSpecification\",\"valueRequired\":true,\"valueName\":\"search_term_string\"}}],\"inLanguage\":\"en-US\"}]}<\/script>\n<!-- \/ Yoast SEO plugin. -->","yoast_head_json":{"title":"Wall plate engraved on wood. Bear Design - Les Cr\u00e9ations Kline","robots":{"index":"index","follow":"follow","max-snippet":"max-snippet:-1","max-image-preview":"max-image-preview:large","max-video-preview":"max-video-preview:-1"},"canonical":"https:\/\/www.lescreationskline.com\/en\/magasiner\/shop\/laser-engraved-wood-unique-personalized-gift\/wall-plate-engraved-on-wood-bear-design\/","og_locale":"en_US","og_type":"article","og_title":"Wall plate engraved on wood. Bear Design - Les Cr\u00e9ations Kline","og_description":"Plates with 3D laser Bear design engraving with a message to highlight the wood. The engraving details is amazing and in person is even more unique than ever. . The price varies depending on your design You can customize your boards with your ideas made with laser engraving. Unique gift for any occasion with anything [&hellip;]","og_url":"https:\/\/www.lescreationskline.com\/en\/magasiner\/shop\/laser-engraved-wood-unique-personalized-gift\/wall-plate-engraved-on-wood-bear-design\/","og_site_name":"Les Cr\u00e9ations Kline","og_image":[{"width":792,"height":1210,"url":"https:\/\/www.lescreationskline.com\/wp-content\/uploads\/2021\/12\/thumbnail_IMG_0039.PNG.png","type":"image\/png"}],"twitter_misc":{"Est. reading time":"1 minute"},"schema":{"@context":"https:\/\/schema.org","@graph":[{"@type":"WebPage","@id":"https:\/\/www.lescreationskline.com\/en\/magasiner\/shop\/laser-engraved-wood-unique-personalized-gift\/wall-plate-engraved-on-wood-bear-design\/","url":"https:\/\/www.lescreationskline.com\/en\/magasiner\/shop\/laser-engraved-wood-unique-personalized-gift\/wall-plate-engraved-on-wood-bear-design\/","name":"Wall plate engraved on wood. Bear Design - Les Cr\u00e9ations Kline","isPartOf":{"@id":"https:\/\/www.lescreationskline.com\/en\/#website"},"primaryImageOfPage":{"@id":"https:\/\/www.lescreationskline.com\/en\/magasiner\/shop\/laser-engraved-wood-unique-personalized-gift\/wall-plate-engraved-on-wood-bear-design\/#primaryimage"},"image":{"@id":"https:\/\/www.lescreationskline.com\/en\/magasiner\/shop\/laser-engraved-wood-unique-personalized-gift\/wall-plate-engraved-on-wood-bear-design\/#primaryimage"},"thumbnailUrl":"https:\/\/www.lescreationskline.com\/wp-content\/uploads\/2021\/12\/thumbnail_IMG_0039.PNG.png","datePublished":"2021-12-09T15:45:28+00:00","breadcrumb":{"@id":"https:\/\/www.lescreationskline.com\/en\/magasiner\/shop\/laser-engraved-wood-unique-personalized-gift\/wall-plate-engraved-on-wood-bear-design\/#breadcrumb"},"inLanguage":"en-US","potentialAction":[{"@type":"ReadAction","target":["https:\/\/www.lescreationskline.com\/en\/magasiner\/shop\/laser-engraved-wood-unique-personalized-gift\/wall-plate-engraved-on-wood-bear-design\/"]}]},{"@type":"ImageObject","inLanguage":"en-US","@id":"https:\/\/www.lescreationskline.com\/en\/magasiner\/shop\/laser-engraved-wood-unique-personalized-gift\/wall-plate-engraved-on-wood-bear-design\/#primaryimage","url":"https:\/\/www.lescreationskline.com\/wp-content\/uploads\/2021\/12\/thumbnail_IMG_0039.PNG.png","contentUrl":"https:\/\/www.lescreationskline.com\/wp-content\/uploads\/2021\/12\/thumbnail_IMG_0039.PNG.png","width":792,"height":1210,"caption":"Wall plate engraved on wood. Bear Design"},{"@type":"BreadcrumbList","@id":"https:\/\/www.lescreationskline.com\/en\/magasiner\/shop\/laser-engraved-wood-unique-personalized-gift\/wall-plate-engraved-on-wood-bear-design\/#breadcrumb","itemListElement":[{"@type":"ListItem","position":1,"name":"Accueil","item":"https:\/\/www.lescreationskline.com\/en\/"},{"@type":"ListItem","position":2,"name":"Shop","item":"https:\/\/www.lescreationskline.com\/en\/?page_id=7758"},{"@type":"ListItem","position":3,"name":"Shop","item":"https:\/\/www.lescreationskline.com\/en\/categorie-produit\/shop\/"},{"@type":"ListItem","position":4,"name":"Laser Engraved Wood \u2013 Unique Personalized Gift","item":"https:\/\/www.lescreationskline.com\/en\/categorie-produit\/shop\/laser-engraved-wood-unique-personalized-gift\/"},{"@type":"ListItem","position":5,"name":"Wall plate engraved on wood. Bear Design"}]},{"@type":"WebSite","@id":"https:\/\/www.lescreationskline.com\/en\/#website","url":"https:\/\/www.lescreationskline.com\/en\/","name":"Les Cr\u00e9ations Kline","description":"Fabriqu\u00e9s \u00e0 la main","potentialAction":[{"@type":"SearchAction","target":{"@type":"EntryPoint","urlTemplate":"https:\/\/www.lescreationskline.com\/en\/?s={search_term_string}"},"query-input":{"@type":"PropertyValueSpecification","valueRequired":true,"valueName":"search_term_string"}}],"inLanguage":"en-US"}]}},"_links":{"self":[{"href":"https:\/\/www.lescreationskline.com\/en\/wp-json\/wp\/v2\/product\/8110","targetHints":{"allow":["GET"]}}],"collection":[{"href":"https:\/\/www.lescreationskline.com\/en\/wp-json\/wp\/v2\/product"}],"about":[{"href":"https:\/\/www.lescreationskline.com\/en\/wp-json\/wp\/v2\/types\/product"}],"replies":[{"embeddable":true,"href":"https:\/\/www.lescreationskline.com\/en\/wp-json\/wp\/v2\/comments?post=8110"}],"wp:featuredmedia":[{"embeddable":true,"href":"https:\/\/www.lescreationskline.com\/en\/wp-json\/wp\/v2\/media\/7355"}],"wp:attachment":[{"href":"https:\/\/www.lescreationskline.com\/en\/wp-json\/wp\/v2\/media?parent=8110"}],"wp:term":[{"taxonomy":"product_brand","embeddable":true,"href":"https:\/\/www.lescreationskline.com\/en\/wp-json\/wp\/v2\/product_brand?post=8110"},{"taxonomy":"product_cat","embeddable":true,"href":"https:\/\/www.lescreationskline.com\/en\/wp-json\/wp\/v2\/product_cat?post=8110"},{"taxonomy":"product_tag","embeddable":true,"href":"https:\/\/www.lescreationskline.com\/en\/wp-json\/wp\/v2\/product_tag?post=8110"},{"taxonomy":"occasion","embeddable":true,"href":"https:\/\/www.lescreationskline.com\/en\/wp-json\/wp\/v2\/occasion?post=8110"}],"curies":[{"name":"wp","href":"https:\/\/api.w.org\/{rel}","templated":true}]}}