{"id":8107,"date":"2021-12-09T10:39:39","date_gmt":"2021-12-09T15:39:39","guid":{"rendered":"https:\/\/www.lescreationskline.com\/produit\/wall-plate-engraved-on-wood-wolf-design\/"},"modified":"2021-12-09T10:39:39","modified_gmt":"2021-12-09T15:39:39","slug":"wall-plate-engraved-on-wood-wolf-design","status":"publish","type":"product","link":"https:\/\/www.lescreationskline.com\/en\/magasiner\/gift-ideas\/home-decoration\/wall-plate-engraved-on-wood-wolf-design\/","title":{"rendered":"Wall plate engraved on wood. Wolf Design"},"content":{"rendered":"<div class=\"kvgmc6g5 cxmmr5t8 oygrvhab hcukyx3x c1et5uql ii04i59q\">\n<div dir=\"auto\">Plates with 3D design Laser Wolf engraving with a message to highlight the wood. The engraving details is amazing and in person is even more unique than ever. . The price varies depending on your design<\/div>\n<div dir=\"auto\">You can customize your boards with your ideas made with laser engraving. Unique gift for any occasion with anything you desire, person&#8217;s name, humorous word, event details, anniversary, wedding, bachelor or bachelorette party, anniversary, retirement gift, gift for mom, dad, husband, wife, brothers, sisters, friends and many more. <\/div>\n<div dir=\"auto\">&#8211; Run a sandblaster over the wood<\/div>\n<div dir=\"auto\">-Laser engrave<\/div>\n<div dir=\"auto\">-Varnish<\/div>\n<div dir=\"auto\">Size. 22&#8243; x 9.5&#8243; <\/div>\n<div dir=\"auto\">Thickness 1&#8243; Maple Wood<\/div>\n<div dir=\"auto\">Wood products may have knots, this is not a defect but is part of the vintage style we want to keep.<\/div>\n<div dir=\"auto\">You can communicate with me for any project.  <span class=\"pq6dq46d tbxw36s4 knj5qynh kvgmc6g5 ditlmg2l oygrvhab nvdbi5me sf5mxxl7 gl3lb2sf hhz5lgdu\"><img loading=\"lazy\" decoding=\"async\" src=\"https:\/\/static.xx.fbcdn.net\/images\/emoji.php\/v9\/t4c\/1\/16\/1f642.png\" alt=\"\ud83d\ude42\" width=\"16\" height=\"16\"><\/span><\/div>\n<div dir=\"auto\">Thanks for sharing<\/div>\n<\/div>\n<div class=\"cxmmr5t8 oygrvhab hcukyx3x c1et5uql o9v6fnle ii04i59q\">\n<div dir=\"auto\">Size. 22&#8243; x 9.5&#8243; <\/div>\n<div dir=\"auto\">Thickness 1&#8243; Maple Wood<\/div>\n<\/div>\n","protected":false},"excerpt":{"rendered":"<p>Plates with 3D design Laser Wolf engraving with a message to highlight the wood. The engraving details is amazing and in person is even more unique than ever. . The price varies depending on your design You can customize your boards with your ideas made with laser engraving. Unique gift for any occasion with anything [&hellip;]<\/p>\n","protected":false},"featured_media":7356,"comment_status":"open","ping_status":"closed","template":"","meta":{"_et_pb_use_builder":"","_et_pb_old_content":"","_et_gb_content_width":""},"product_brand":[],"product_cat":[1742,1266],"product_tag":[],"occasion":[],"class_list":{"0":"post-8107","1":"product","2":"type-product","3":"status-publish","4":"has-post-thumbnail","6":"product_cat-laser-engraved-wood-unique-personalized-gift","7":"product_cat-home-decoration","8":"pa_grandeur-size-22-x-9-5-thickness-1-maple-wood","10":"first","11":"instock","12":"shipping-taxable","13":"purchasable","14":"product-type-simple"},"yoast_head":"<!-- This site is optimized with the Yoast SEO plugin v27.2 - https:\/\/yoast.com\/product\/yoast-seo-wordpress\/ -->\n<title>Wall plate engraved on wood. Wolf Design - Les Cr\u00e9ations Kline<\/title>\n<meta name=\"robots\" content=\"index, follow, max-snippet:-1, max-image-preview:large, max-video-preview:-1\" \/>\n<link rel=\"canonical\" href=\"https:\/\/www.lescreationskline.com\/en\/magasiner\/gift-ideas\/home-decoration\/wall-plate-engraved-on-wood-wolf-design\/\" \/>\n<meta property=\"og:locale\" content=\"en_US\" \/>\n<meta property=\"og:type\" content=\"article\" \/>\n<meta property=\"og:title\" content=\"Wall plate engraved on wood. Wolf Design - Les Cr\u00e9ations Kline\" \/>\n<meta property=\"og:description\" content=\"Plates with 3D design Laser Wolf engraving with a message to highlight the wood. The engraving details is amazing and in person is even more unique than ever. . The price varies depending on your design You can customize your boards with your ideas made with laser engraving. Unique gift for any occasion with anything [&hellip;]\" \/>\n<meta property=\"og:url\" content=\"https:\/\/www.lescreationskline.com\/en\/magasiner\/gift-ideas\/home-decoration\/wall-plate-engraved-on-wood-wolf-design\/\" \/>\n<meta property=\"og:site_name\" content=\"Les Cr\u00e9ations Kline\" \/>\n<meta property=\"og:image\" content=\"https:\/\/www.lescreationskline.com\/wp-content\/uploads\/2021\/12\/thumbnail_IMG_0043.PNG.png\" \/>\n\t<meta property=\"og:image:width\" content=\"1262\" \/>\n\t<meta property=\"og:image:height\" content=\"683\" \/>\n\t<meta property=\"og:image:type\" content=\"image\/png\" \/>\n<meta name=\"twitter:label1\" content=\"Est. reading time\" \/>\n\t<meta name=\"twitter:data1\" content=\"1 minute\" \/>\n<script type=\"application\/ld+json\" class=\"yoast-schema-graph\">{\"@context\":\"https:\/\/schema.org\",\"@graph\":[{\"@type\":\"WebPage\",\"@id\":\"https:\/\/www.lescreationskline.com\/en\/magasiner\/gift-ideas\/home-decoration\/wall-plate-engraved-on-wood-wolf-design\/\",\"url\":\"https:\/\/www.lescreationskline.com\/en\/magasiner\/gift-ideas\/home-decoration\/wall-plate-engraved-on-wood-wolf-design\/\",\"name\":\"Wall plate engraved on wood. Wolf Design - Les Cr\u00e9ations Kline\",\"isPartOf\":{\"@id\":\"https:\/\/www.lescreationskline.com\/en\/#website\"},\"primaryImageOfPage\":{\"@id\":\"https:\/\/www.lescreationskline.com\/en\/magasiner\/gift-ideas\/home-decoration\/wall-plate-engraved-on-wood-wolf-design\/#primaryimage\"},\"image\":{\"@id\":\"https:\/\/www.lescreationskline.com\/en\/magasiner\/gift-ideas\/home-decoration\/wall-plate-engraved-on-wood-wolf-design\/#primaryimage\"},\"thumbnailUrl\":\"https:\/\/www.lescreationskline.com\/wp-content\/uploads\/2021\/12\/thumbnail_IMG_0043.PNG.png\",\"datePublished\":\"2021-12-09T15:39:39+00:00\",\"breadcrumb\":{\"@id\":\"https:\/\/www.lescreationskline.com\/en\/magasiner\/gift-ideas\/home-decoration\/wall-plate-engraved-on-wood-wolf-design\/#breadcrumb\"},\"inLanguage\":\"en-US\",\"potentialAction\":[{\"@type\":\"ReadAction\",\"target\":[\"https:\/\/www.lescreationskline.com\/en\/magasiner\/gift-ideas\/home-decoration\/wall-plate-engraved-on-wood-wolf-design\/\"]}]},{\"@type\":\"ImageObject\",\"inLanguage\":\"en-US\",\"@id\":\"https:\/\/www.lescreationskline.com\/en\/magasiner\/gift-ideas\/home-decoration\/wall-plate-engraved-on-wood-wolf-design\/#primaryimage\",\"url\":\"https:\/\/www.lescreationskline.com\/wp-content\/uploads\/2021\/12\/thumbnail_IMG_0043.PNG.png\",\"contentUrl\":\"https:\/\/www.lescreationskline.com\/wp-content\/uploads\/2021\/12\/thumbnail_IMG_0043.PNG.png\",\"width\":1262,\"height\":683,\"caption\":\"Wall plate engraved on wood. Wolf Design\"},{\"@type\":\"BreadcrumbList\",\"@id\":\"https:\/\/www.lescreationskline.com\/en\/magasiner\/gift-ideas\/home-decoration\/wall-plate-engraved-on-wood-wolf-design\/#breadcrumb\",\"itemListElement\":[{\"@type\":\"ListItem\",\"position\":1,\"name\":\"Accueil\",\"item\":\"https:\/\/www.lescreationskline.com\/en\/\"},{\"@type\":\"ListItem\",\"position\":2,\"name\":\"Shop\",\"item\":\"https:\/\/www.lescreationskline.com\/en\/?page_id=7758\"},{\"@type\":\"ListItem\",\"position\":3,\"name\":\"Shop\",\"item\":\"https:\/\/www.lescreationskline.com\/en\/categorie-produit\/shop\/\"},{\"@type\":\"ListItem\",\"position\":4,\"name\":\"Laser Engraved Wood \u2013 Unique Personalized Gift\",\"item\":\"https:\/\/www.lescreationskline.com\/en\/categorie-produit\/shop\/laser-engraved-wood-unique-personalized-gift\/\"},{\"@type\":\"ListItem\",\"position\":5,\"name\":\"Wall plate engraved on wood. Wolf Design\"}]},{\"@type\":\"WebSite\",\"@id\":\"https:\/\/www.lescreationskline.com\/en\/#website\",\"url\":\"https:\/\/www.lescreationskline.com\/en\/\",\"name\":\"Les Cr\u00e9ations Kline\",\"description\":\"Fabriqu\u00e9s \u00e0 la main\",\"potentialAction\":[{\"@type\":\"SearchAction\",\"target\":{\"@type\":\"EntryPoint\",\"urlTemplate\":\"https:\/\/www.lescreationskline.com\/en\/?s={search_term_string}\"},\"query-input\":{\"@type\":\"PropertyValueSpecification\",\"valueRequired\":true,\"valueName\":\"search_term_string\"}}],\"inLanguage\":\"en-US\"}]}<\/script>\n<!-- \/ Yoast SEO plugin. -->","yoast_head_json":{"title":"Wall plate engraved on wood. Wolf Design - Les Cr\u00e9ations Kline","robots":{"index":"index","follow":"follow","max-snippet":"max-snippet:-1","max-image-preview":"max-image-preview:large","max-video-preview":"max-video-preview:-1"},"canonical":"https:\/\/www.lescreationskline.com\/en\/magasiner\/gift-ideas\/home-decoration\/wall-plate-engraved-on-wood-wolf-design\/","og_locale":"en_US","og_type":"article","og_title":"Wall plate engraved on wood. Wolf Design - Les Cr\u00e9ations Kline","og_description":"Plates with 3D design Laser Wolf engraving with a message to highlight the wood. The engraving details is amazing and in person is even more unique than ever. . The price varies depending on your design You can customize your boards with your ideas made with laser engraving. Unique gift for any occasion with anything [&hellip;]","og_url":"https:\/\/www.lescreationskline.com\/en\/magasiner\/gift-ideas\/home-decoration\/wall-plate-engraved-on-wood-wolf-design\/","og_site_name":"Les Cr\u00e9ations Kline","og_image":[{"width":1262,"height":683,"url":"https:\/\/www.lescreationskline.com\/wp-content\/uploads\/2021\/12\/thumbnail_IMG_0043.PNG.png","type":"image\/png"}],"twitter_misc":{"Est. reading time":"1 minute"},"schema":{"@context":"https:\/\/schema.org","@graph":[{"@type":"WebPage","@id":"https:\/\/www.lescreationskline.com\/en\/magasiner\/gift-ideas\/home-decoration\/wall-plate-engraved-on-wood-wolf-design\/","url":"https:\/\/www.lescreationskline.com\/en\/magasiner\/gift-ideas\/home-decoration\/wall-plate-engraved-on-wood-wolf-design\/","name":"Wall plate engraved on wood. Wolf Design - Les Cr\u00e9ations Kline","isPartOf":{"@id":"https:\/\/www.lescreationskline.com\/en\/#website"},"primaryImageOfPage":{"@id":"https:\/\/www.lescreationskline.com\/en\/magasiner\/gift-ideas\/home-decoration\/wall-plate-engraved-on-wood-wolf-design\/#primaryimage"},"image":{"@id":"https:\/\/www.lescreationskline.com\/en\/magasiner\/gift-ideas\/home-decoration\/wall-plate-engraved-on-wood-wolf-design\/#primaryimage"},"thumbnailUrl":"https:\/\/www.lescreationskline.com\/wp-content\/uploads\/2021\/12\/thumbnail_IMG_0043.PNG.png","datePublished":"2021-12-09T15:39:39+00:00","breadcrumb":{"@id":"https:\/\/www.lescreationskline.com\/en\/magasiner\/gift-ideas\/home-decoration\/wall-plate-engraved-on-wood-wolf-design\/#breadcrumb"},"inLanguage":"en-US","potentialAction":[{"@type":"ReadAction","target":["https:\/\/www.lescreationskline.com\/en\/magasiner\/gift-ideas\/home-decoration\/wall-plate-engraved-on-wood-wolf-design\/"]}]},{"@type":"ImageObject","inLanguage":"en-US","@id":"https:\/\/www.lescreationskline.com\/en\/magasiner\/gift-ideas\/home-decoration\/wall-plate-engraved-on-wood-wolf-design\/#primaryimage","url":"https:\/\/www.lescreationskline.com\/wp-content\/uploads\/2021\/12\/thumbnail_IMG_0043.PNG.png","contentUrl":"https:\/\/www.lescreationskline.com\/wp-content\/uploads\/2021\/12\/thumbnail_IMG_0043.PNG.png","width":1262,"height":683,"caption":"Wall plate engraved on wood. Wolf Design"},{"@type":"BreadcrumbList","@id":"https:\/\/www.lescreationskline.com\/en\/magasiner\/gift-ideas\/home-decoration\/wall-plate-engraved-on-wood-wolf-design\/#breadcrumb","itemListElement":[{"@type":"ListItem","position":1,"name":"Accueil","item":"https:\/\/www.lescreationskline.com\/en\/"},{"@type":"ListItem","position":2,"name":"Shop","item":"https:\/\/www.lescreationskline.com\/en\/?page_id=7758"},{"@type":"ListItem","position":3,"name":"Shop","item":"https:\/\/www.lescreationskline.com\/en\/categorie-produit\/shop\/"},{"@type":"ListItem","position":4,"name":"Laser Engraved Wood \u2013 Unique Personalized Gift","item":"https:\/\/www.lescreationskline.com\/en\/categorie-produit\/shop\/laser-engraved-wood-unique-personalized-gift\/"},{"@type":"ListItem","position":5,"name":"Wall plate engraved on wood. Wolf Design"}]},{"@type":"WebSite","@id":"https:\/\/www.lescreationskline.com\/en\/#website","url":"https:\/\/www.lescreationskline.com\/en\/","name":"Les Cr\u00e9ations Kline","description":"Fabriqu\u00e9s \u00e0 la main","potentialAction":[{"@type":"SearchAction","target":{"@type":"EntryPoint","urlTemplate":"https:\/\/www.lescreationskline.com\/en\/?s={search_term_string}"},"query-input":{"@type":"PropertyValueSpecification","valueRequired":true,"valueName":"search_term_string"}}],"inLanguage":"en-US"}]}},"_links":{"self":[{"href":"https:\/\/www.lescreationskline.com\/en\/wp-json\/wp\/v2\/product\/8107","targetHints":{"allow":["GET"]}}],"collection":[{"href":"https:\/\/www.lescreationskline.com\/en\/wp-json\/wp\/v2\/product"}],"about":[{"href":"https:\/\/www.lescreationskline.com\/en\/wp-json\/wp\/v2\/types\/product"}],"replies":[{"embeddable":true,"href":"https:\/\/www.lescreationskline.com\/en\/wp-json\/wp\/v2\/comments?post=8107"}],"wp:featuredmedia":[{"embeddable":true,"href":"https:\/\/www.lescreationskline.com\/en\/wp-json\/wp\/v2\/media\/7356"}],"wp:attachment":[{"href":"https:\/\/www.lescreationskline.com\/en\/wp-json\/wp\/v2\/media?parent=8107"}],"wp:term":[{"taxonomy":"product_brand","embeddable":true,"href":"https:\/\/www.lescreationskline.com\/en\/wp-json\/wp\/v2\/product_brand?post=8107"},{"taxonomy":"product_cat","embeddable":true,"href":"https:\/\/www.lescreationskline.com\/en\/wp-json\/wp\/v2\/product_cat?post=8107"},{"taxonomy":"product_tag","embeddable":true,"href":"https:\/\/www.lescreationskline.com\/en\/wp-json\/wp\/v2\/product_tag?post=8107"},{"taxonomy":"occasion","embeddable":true,"href":"https:\/\/www.lescreationskline.com\/en\/wp-json\/wp\/v2\/occasion?post=8107"}],"curies":[{"name":"wp","href":"https:\/\/api.w.org\/{rel}","templated":true}]}}