{"id":8102,"date":"2022-05-12T17:33:46","date_gmt":"2022-05-12T21:33:46","guid":{"rendered":"https:\/\/www.lescreationskline.com\/produit\/the-princess-snow-white-cake-topper\/"},"modified":"2022-05-12T17:33:46","modified_gmt":"2022-05-12T21:33:46","slug":"the-princess-snow-white-cake-topper","status":"publish","type":"product","link":"https:\/\/www.lescreationskline.com\/en\/magasiner\/celebrations-events\/the-princess-snow-white-cake-topper\/","title":{"rendered":"The Princess Snow White Cake Topper"},"content":{"rendered":"","protected":false},"excerpt":{"rendered":"<p><span style=\"font-weight: 400;\">The Princess Cake Topper<\/span><\/p>\n<p><span style=\"font-weight: 400;\">A great idea to decorate your birthday cake!<\/span><\/p>\n<p><span style=\"font-weight: 400;\">&#8211; You will receive 1 cake topper  <\/span><\/p>\n<p><span style=\"font-weight: 400;\">&#8211; just insert it into your cakes<\/span><\/p>\n<p><span style=\"font-weight: 400;\">-It can be easily stored and reused for the next use.<\/span><\/p>\n<p><span style=\"font-weight: 400;\">&#8211; Handcrafted in tulle<\/span><\/p>\n<p><span style=\"font-weight: 400;\">-Ideal size for most sizes of cakes. Measures approximately 6&#8243; tall  <\/span><\/p>\n<p>&nbsp;<\/p>\n<p><span style=\"font-weight: 400;\">The Personalized Cake Topper\/ Personalized Cake Topper<\/span><\/p>\n<p><span style=\"font-weight: 400;\">The must for your cake. The personalised cake topper with the design and name of your choice. Whether it&#8217;s for a birthday, a baptism, a baby shower, a corporate event or any other occasion.    <\/span><i><span style=\"font-weight: 400;\">Each person is unique, so is each cake design <\/span><\/i><span style=\"font-weight: 400;\">.<\/span><\/p>\n<p><span style=\"font-weight: 400;\">The Personalized Cake Topper according to your choice of design are all made of high quality paper, foam, cardboard, acrylic, shaker with glitter or lights. The cake topper is equipped with a paper stick or food grade bamboo sticks. The Custom Cake Topper are custom cut according to your cake. Dimensions (depending on the length of your name, the dimensions of the topper will be modified to respect the proportion). We have added some photos to give you examples.    <\/span><\/p>\n<p><span style=\"font-weight: 400;\">If you have a creation, call me to see together the desired design.<\/span><\/p>\n<p><span style=\"font-weight: 400;\">NOTE: Remember to book a week or two in advance.<\/span><\/p>\n<p><span style=\"font-weight: 400;\">In stock<\/span><\/p>\n<p>&nbsp;<\/p>\n","protected":false},"featured_media":7419,"comment_status":"open","ping_status":"closed","template":"","meta":{"_et_pb_use_builder":"","_et_pb_old_content":"","_et_gb_content_width":""},"product_brand":[],"product_cat":[1150,1288],"product_tag":[],"occasion":[],"class_list":{"0":"post-8102","1":"product","2":"type-product","3":"status-publish","4":"has-post-thumbnail","6":"product_cat-celebrations-events","7":"product_cat-cake-topper-decoration-en","8":"product_shipping_class-cp-parcel","10":"first","11":"instock","12":"shipping-taxable","13":"purchasable","14":"product-type-simple"},"yoast_head":"<!-- This site is optimized with the Yoast SEO plugin v27.2 - https:\/\/yoast.com\/product\/yoast-seo-wordpress\/ -->\n<title>The Princess Snow White Cake Topper - Les Cr\u00e9ations Kline<\/title>\n<meta name=\"robots\" content=\"index, follow, max-snippet:-1, max-image-preview:large, max-video-preview:-1\" \/>\n<link rel=\"canonical\" href=\"https:\/\/www.lescreationskline.com\/en\/magasiner\/celebrations-events\/the-princess-snow-white-cake-topper\/\" \/>\n<meta property=\"og:locale\" content=\"en_US\" \/>\n<meta property=\"og:type\" content=\"article\" \/>\n<meta property=\"og:title\" content=\"The Princess Snow White Cake Topper - Les Cr\u00e9ations Kline\" \/>\n<meta property=\"og:description\" content=\"The Princess Cake Topper  A great idea to decorate your birthday cake!  - You will receive 1 cake topper   - just insert it into your cakes  -It can be easily stored and reused for the next use.  - Handcrafted in tulle  -Ideal size for most sizes of cakes. Measures approximately 6&quot; tall   &nbsp;  The Personalized Cake Topper\/ Personalized Cake Topper  The must for your cake. The personalised cake topper with the design and name of your choice. Whether it&#039;s for a birthday, a baptism, a baby shower, a corporate event or any other occasion.  Each person is unique, so is each cake design .  The Personalized Cake Topper according to your choice of design are all made of high quality paper, foam, cardboard, acrylic, shaker with glitter or lights. The cake topper is equipped with a paper stick or food grade bamboo sticks. The Custom Cake Topper are custom cut according to your cake. Dimensions (depending on the length of your name, the dimensions of the topper will be modified to respect the proportion). We have added some photos to give you examples.    If you have a creation, call me to see together the desired design.  NOTE: Remember to book a week or two in advance.  In stock  &nbsp;\" \/>\n<meta property=\"og:url\" content=\"https:\/\/www.lescreationskline.com\/en\/magasiner\/celebrations-events\/the-princess-snow-white-cake-topper\/\" \/>\n<meta property=\"og:site_name\" content=\"Les Cr\u00e9ations Kline\" \/>\n<meta property=\"og:image\" content=\"https:\/\/www.lescreationskline.com\/wp-content\/uploads\/2022\/05\/Original-size-Blue-Birthday-party-invitation-Instagram-post-9.png\" \/>\n\t<meta property=\"og:image:width\" content=\"1080\" \/>\n\t<meta property=\"og:image:height\" content=\"1080\" \/>\n\t<meta property=\"og:image:type\" content=\"image\/png\" \/>\n<script type=\"application\/ld+json\" class=\"yoast-schema-graph\">{\"@context\":\"https:\/\/schema.org\",\"@graph\":[{\"@type\":\"WebPage\",\"@id\":\"https:\/\/www.lescreationskline.com\/en\/magasiner\/celebrations-events\/the-princess-snow-white-cake-topper\/\",\"url\":\"https:\/\/www.lescreationskline.com\/en\/magasiner\/celebrations-events\/the-princess-snow-white-cake-topper\/\",\"name\":\"The Princess Snow White Cake Topper - Les Cr\u00e9ations Kline\",\"isPartOf\":{\"@id\":\"https:\/\/www.lescreationskline.com\/en\/#website\"},\"primaryImageOfPage\":{\"@id\":\"https:\/\/www.lescreationskline.com\/en\/magasiner\/celebrations-events\/the-princess-snow-white-cake-topper\/#primaryimage\"},\"image\":{\"@id\":\"https:\/\/www.lescreationskline.com\/en\/magasiner\/celebrations-events\/the-princess-snow-white-cake-topper\/#primaryimage\"},\"thumbnailUrl\":\"https:\/\/www.lescreationskline.com\/wp-content\/uploads\/2022\/05\/Original-size-Blue-Birthday-party-invitation-Instagram-post-9.png\",\"datePublished\":\"2022-05-12T21:33:46+00:00\",\"breadcrumb\":{\"@id\":\"https:\/\/www.lescreationskline.com\/en\/magasiner\/celebrations-events\/the-princess-snow-white-cake-topper\/#breadcrumb\"},\"inLanguage\":\"en-US\",\"potentialAction\":[{\"@type\":\"ReadAction\",\"target\":[\"https:\/\/www.lescreationskline.com\/en\/magasiner\/celebrations-events\/the-princess-snow-white-cake-topper\/\"]}]},{\"@type\":\"ImageObject\",\"inLanguage\":\"en-US\",\"@id\":\"https:\/\/www.lescreationskline.com\/en\/magasiner\/celebrations-events\/the-princess-snow-white-cake-topper\/#primaryimage\",\"url\":\"https:\/\/www.lescreationskline.com\/wp-content\/uploads\/2022\/05\/Original-size-Blue-Birthday-party-invitation-Instagram-post-9.png\",\"contentUrl\":\"https:\/\/www.lescreationskline.com\/wp-content\/uploads\/2022\/05\/Original-size-Blue-Birthday-party-invitation-Instagram-post-9.png\",\"width\":1080,\"height\":1080,\"caption\":\"The Princess Snow White Cake Topper\"},{\"@type\":\"BreadcrumbList\",\"@id\":\"https:\/\/www.lescreationskline.com\/en\/magasiner\/celebrations-events\/the-princess-snow-white-cake-topper\/#breadcrumb\",\"itemListElement\":[{\"@type\":\"ListItem\",\"position\":1,\"name\":\"Accueil\",\"item\":\"https:\/\/www.lescreationskline.com\/en\/reception\/\"},{\"@type\":\"ListItem\",\"position\":2,\"name\":\"Shop\",\"item\":\"https:\/\/www.lescreationskline.com\/en\/shop\/\"},{\"@type\":\"ListItem\",\"position\":3,\"name\":\"Celebrations &amp; Events\",\"item\":\"https:\/\/www.lescreationskline.com\/en\/categorie-produit\/celebrations-events\/\"},{\"@type\":\"ListItem\",\"position\":4,\"name\":\"The Princess Snow White Cake Topper\"}]},{\"@type\":\"WebSite\",\"@id\":\"https:\/\/www.lescreationskline.com\/en\/#website\",\"url\":\"https:\/\/www.lescreationskline.com\/en\/\",\"name\":\"Les Cr\u00e9ations Kline\",\"description\":\"Fabriqu\u00e9s \u00e0 la main\",\"potentialAction\":[{\"@type\":\"SearchAction\",\"target\":{\"@type\":\"EntryPoint\",\"urlTemplate\":\"https:\/\/www.lescreationskline.com\/en\/?s={search_term_string}\"},\"query-input\":{\"@type\":\"PropertyValueSpecification\",\"valueRequired\":true,\"valueName\":\"search_term_string\"}}],\"inLanguage\":\"en-US\"}]}<\/script>\n<!-- \/ Yoast SEO plugin. -->","yoast_head_json":{"title":"The Princess Snow White Cake Topper - Les Cr\u00e9ations Kline","robots":{"index":"index","follow":"follow","max-snippet":"max-snippet:-1","max-image-preview":"max-image-preview:large","max-video-preview":"max-video-preview:-1"},"canonical":"https:\/\/www.lescreationskline.com\/en\/magasiner\/celebrations-events\/the-princess-snow-white-cake-topper\/","og_locale":"en_US","og_type":"article","og_title":"The Princess Snow White Cake Topper - Les Cr\u00e9ations Kline","og_description":"The Princess Cake Topper  A great idea to decorate your birthday cake!  - You will receive 1 cake topper   - just insert it into your cakes  -It can be easily stored and reused for the next use.  - Handcrafted in tulle  -Ideal size for most sizes of cakes. Measures approximately 6\" tall   &nbsp;  The Personalized Cake Topper\/ Personalized Cake Topper  The must for your cake. The personalised cake topper with the design and name of your choice. Whether it's for a birthday, a baptism, a baby shower, a corporate event or any other occasion.  Each person is unique, so is each cake design .  The Personalized Cake Topper according to your choice of design are all made of high quality paper, foam, cardboard, acrylic, shaker with glitter or lights. The cake topper is equipped with a paper stick or food grade bamboo sticks. The Custom Cake Topper are custom cut according to your cake. Dimensions (depending on the length of your name, the dimensions of the topper will be modified to respect the proportion). We have added some photos to give you examples.    If you have a creation, call me to see together the desired design.  NOTE: Remember to book a week or two in advance.  In stock  &nbsp;","og_url":"https:\/\/www.lescreationskline.com\/en\/magasiner\/celebrations-events\/the-princess-snow-white-cake-topper\/","og_site_name":"Les Cr\u00e9ations Kline","og_image":[{"width":1080,"height":1080,"url":"https:\/\/www.lescreationskline.com\/wp-content\/uploads\/2022\/05\/Original-size-Blue-Birthday-party-invitation-Instagram-post-9.png","type":"image\/png"}],"schema":{"@context":"https:\/\/schema.org","@graph":[{"@type":"WebPage","@id":"https:\/\/www.lescreationskline.com\/en\/magasiner\/celebrations-events\/the-princess-snow-white-cake-topper\/","url":"https:\/\/www.lescreationskline.com\/en\/magasiner\/celebrations-events\/the-princess-snow-white-cake-topper\/","name":"The Princess Snow White Cake Topper - Les Cr\u00e9ations Kline","isPartOf":{"@id":"https:\/\/www.lescreationskline.com\/en\/#website"},"primaryImageOfPage":{"@id":"https:\/\/www.lescreationskline.com\/en\/magasiner\/celebrations-events\/the-princess-snow-white-cake-topper\/#primaryimage"},"image":{"@id":"https:\/\/www.lescreationskline.com\/en\/magasiner\/celebrations-events\/the-princess-snow-white-cake-topper\/#primaryimage"},"thumbnailUrl":"https:\/\/www.lescreationskline.com\/wp-content\/uploads\/2022\/05\/Original-size-Blue-Birthday-party-invitation-Instagram-post-9.png","datePublished":"2022-05-12T21:33:46+00:00","breadcrumb":{"@id":"https:\/\/www.lescreationskline.com\/en\/magasiner\/celebrations-events\/the-princess-snow-white-cake-topper\/#breadcrumb"},"inLanguage":"en-US","potentialAction":[{"@type":"ReadAction","target":["https:\/\/www.lescreationskline.com\/en\/magasiner\/celebrations-events\/the-princess-snow-white-cake-topper\/"]}]},{"@type":"ImageObject","inLanguage":"en-US","@id":"https:\/\/www.lescreationskline.com\/en\/magasiner\/celebrations-events\/the-princess-snow-white-cake-topper\/#primaryimage","url":"https:\/\/www.lescreationskline.com\/wp-content\/uploads\/2022\/05\/Original-size-Blue-Birthday-party-invitation-Instagram-post-9.png","contentUrl":"https:\/\/www.lescreationskline.com\/wp-content\/uploads\/2022\/05\/Original-size-Blue-Birthday-party-invitation-Instagram-post-9.png","width":1080,"height":1080,"caption":"The Princess Snow White Cake Topper"},{"@type":"BreadcrumbList","@id":"https:\/\/www.lescreationskline.com\/en\/magasiner\/celebrations-events\/the-princess-snow-white-cake-topper\/#breadcrumb","itemListElement":[{"@type":"ListItem","position":1,"name":"Accueil","item":"https:\/\/www.lescreationskline.com\/en\/reception\/"},{"@type":"ListItem","position":2,"name":"Shop","item":"https:\/\/www.lescreationskline.com\/en\/shop\/"},{"@type":"ListItem","position":3,"name":"Celebrations &amp; Events","item":"https:\/\/www.lescreationskline.com\/en\/categorie-produit\/celebrations-events\/"},{"@type":"ListItem","position":4,"name":"The Princess Snow White Cake Topper"}]},{"@type":"WebSite","@id":"https:\/\/www.lescreationskline.com\/en\/#website","url":"https:\/\/www.lescreationskline.com\/en\/","name":"Les Cr\u00e9ations Kline","description":"Fabriqu\u00e9s \u00e0 la main","potentialAction":[{"@type":"SearchAction","target":{"@type":"EntryPoint","urlTemplate":"https:\/\/www.lescreationskline.com\/en\/?s={search_term_string}"},"query-input":{"@type":"PropertyValueSpecification","valueRequired":true,"valueName":"search_term_string"}}],"inLanguage":"en-US"}]}},"_links":{"self":[{"href":"https:\/\/www.lescreationskline.com\/en\/wp-json\/wp\/v2\/product\/8102","targetHints":{"allow":["GET"]}}],"collection":[{"href":"https:\/\/www.lescreationskline.com\/en\/wp-json\/wp\/v2\/product"}],"about":[{"href":"https:\/\/www.lescreationskline.com\/en\/wp-json\/wp\/v2\/types\/product"}],"replies":[{"embeddable":true,"href":"https:\/\/www.lescreationskline.com\/en\/wp-json\/wp\/v2\/comments?post=8102"}],"wp:featuredmedia":[{"embeddable":true,"href":"https:\/\/www.lescreationskline.com\/en\/wp-json\/wp\/v2\/media\/7419"}],"wp:attachment":[{"href":"https:\/\/www.lescreationskline.com\/en\/wp-json\/wp\/v2\/media?parent=8102"}],"wp:term":[{"taxonomy":"product_brand","embeddable":true,"href":"https:\/\/www.lescreationskline.com\/en\/wp-json\/wp\/v2\/product_brand?post=8102"},{"taxonomy":"product_cat","embeddable":true,"href":"https:\/\/www.lescreationskline.com\/en\/wp-json\/wp\/v2\/product_cat?post=8102"},{"taxonomy":"product_tag","embeddable":true,"href":"https:\/\/www.lescreationskline.com\/en\/wp-json\/wp\/v2\/product_tag?post=8102"},{"taxonomy":"occasion","embeddable":true,"href":"https:\/\/www.lescreationskline.com\/en\/wp-json\/wp\/v2\/occasion?post=8102"}],"curies":[{"name":"wp","href":"https:\/\/api.w.org\/{rel}","templated":true}]}}