{"id":8096,"date":"2022-04-22T19:33:06","date_gmt":"2022-04-22T23:33:06","guid":{"rendered":"https:\/\/www.lescreationskline.com\/produit\/the-frozen-personalized-cake-topper\/"},"modified":"2022-04-22T19:33:06","modified_gmt":"2022-04-22T23:33:06","slug":"the-frozen-personalized-cake-topper","status":"publish","type":"product","link":"https:\/\/www.lescreationskline.com\/en\/magasiner\/personalized-cake-topper\/the-frozen-personalized-cake-topper\/","title":{"rendered":"The Frozen Personalized Cake Topper"},"content":{"rendered":"<p>The Frozen Personalized Cake Topper<\/p>\n<p><span style=\"font-weight: 400;\">The must for your cake. The personalised cake topper with the design and name of your choice.   <\/span><i><span style=\"font-weight: 400;\">Each person is unique!<\/span><\/i><\/p>\n<p>Are you ready to dive into a realm of ice and magic? Discover our exceptional collection of personalized cake toppers on the theme of Frozen, inspired by the famous Disney animated film. Whether you&#8217;re hosting an enchanted birthday party, a special event, or just a fan night, our Frozen cake toppers will add a touch of magic to your desserts.  <\/p>\n<p>Imagine your cake adorned with the majestic Elsa, the intrepid Anna, or the adorable Olaf, Kristoff and Sven. Each topper is carefully crafted to capture the iconic details of the characters, creating a stunning visual effect. In addition, our toppers are fully customizable: choose the size, colors and even the messages to create a unique and tailor-made cake.  <\/p>\n<p>Whether you&#8217;re a parent looking to make your child&#8217;s eyes shine or a die-hard fan of Frozen, our custom cake toppers are the perfect way to turn your dessert into a true frozen work of art. Order your Frozen cake topper now and let the magic happen at your next celebration. Be part of this enchanted adventure and create unforgettable memories with our Frozen cake toppers.  <\/p>\n<p>included: Frozen Castle 1 Princess Elsa with tulle and Anna Pricesse with tulle<\/p>\n","protected":false},"excerpt":{"rendered":"<p><span style=\"font-weight: 400;\">The Personalized Cake Topper\/ Personalized Cake Topper<\/span><\/p>\n<p><span style=\"font-weight: 400;\">The must for your cake. The personalised cake topper with the design and name of your choice.   <\/span><span style=\"font-weight: 400;\">Whether it&#8217;s for a birthday, a baptism, a baby shower, a corporate event or any other occasion. <\/span><i><span style=\"font-weight: 400;\">Each person is unique, so is each cake design <\/span><\/i><span style=\"font-weight: 400;\">.<\/span><\/p>\n<p><span style=\"font-weight: 400;\">The Cake Topper customized according to your choice of design are  <\/span><span style=\"font-weight: 400;\">All made of high quality paper, foam, cardboard, acrylic, shaker with glitter or lights. The cake topper is equipped with a paper stick or food grade bamboo sticks. The Custom Cake Topper are custom cut to your 8-10 inch cake.    <\/span><span style=\"font-weight: 400;\">Dimensions (depending on the length of your name, the dimensions of the topper will be modified to respect the proportion).  <\/span><span style=\"font-weight: 400;\">We have added some photos to give you examples.<\/span><\/p>\n<p><span style=\"font-weight: 400;\">If you have a creation, call me to see together the desired design.<\/span><\/p>\n<p><span style=\"font-weight: 400;\">NOTE: Remember to book a week or two in advance.<\/span><\/p>\n","protected":false},"featured_media":7451,"comment_status":"open","ping_status":"closed","template":"","meta":{"_et_pb_use_builder":"","_et_pb_old_content":"","_et_gb_content_width":""},"product_brand":[],"product_cat":[1150,1148],"product_tag":[],"occasion":[],"class_list":{"0":"post-8096","1":"product","2":"type-product","3":"status-publish","4":"has-post-thumbnail","6":"product_cat-celebrations-events","7":"product_cat-personalized-cake-topper","8":"product_shipping_class-cp-parcel","10":"first","11":"instock","12":"shipping-taxable","13":"purchasable","14":"product-type-simple"},"yoast_head":"<!-- This site is optimized with the Yoast SEO plugin v27.2 - https:\/\/yoast.com\/product\/yoast-seo-wordpress\/ -->\n<title>The Frozen Personalized Cake Topper - Les Cr\u00e9ations Kline<\/title>\n<meta name=\"description\" content=\"Shop yours! For all Frozen lovers! Choose a cake that is stylish and luscious for the eyes and taste. 3D cake topper.\" \/>\n<meta name=\"robots\" content=\"index, follow, max-snippet:-1, max-image-preview:large, max-video-preview:-1\" \/>\n<link rel=\"canonical\" href=\"https:\/\/www.lescreationskline.com\/en\/magasiner\/personalized-cake-topper\/the-frozen-personalized-cake-topper\/\" \/>\n<meta property=\"og:locale\" content=\"en_US\" \/>\n<meta property=\"og:type\" content=\"article\" \/>\n<meta property=\"og:title\" content=\"The Frozen Personalized Cake Topper - Les Cr\u00e9ations Kline\" \/>\n<meta property=\"og:description\" content=\"Shop yours! For all Frozen lovers! Choose a cake that is stylish and luscious for the eyes and taste. 3D cake topper.\" \/>\n<meta property=\"og:url\" content=\"https:\/\/www.lescreationskline.com\/en\/magasiner\/personalized-cake-topper\/the-frozen-personalized-cake-topper\/\" \/>\n<meta property=\"og:site_name\" content=\"Les Cr\u00e9ations Kline\" \/>\n<meta property=\"og:image\" content=\"https:\/\/www.lescreationskline.com\/wp-content\/uploads\/2022\/07\/FROZEN-1.png\" \/>\n\t<meta property=\"og:image:width\" content=\"1080\" \/>\n\t<meta property=\"og:image:height\" content=\"1080\" \/>\n\t<meta property=\"og:image:type\" content=\"image\/png\" \/>\n<meta name=\"twitter:label1\" content=\"Est. reading time\" \/>\n\t<meta name=\"twitter:data1\" content=\"1 minute\" \/>\n<script type=\"application\/ld+json\" class=\"yoast-schema-graph\">{\"@context\":\"https:\/\/schema.org\",\"@graph\":[{\"@type\":\"WebPage\",\"@id\":\"https:\/\/www.lescreationskline.com\/en\/magasiner\/personalized-cake-topper\/the-frozen-personalized-cake-topper\/\",\"url\":\"https:\/\/www.lescreationskline.com\/en\/magasiner\/personalized-cake-topper\/the-frozen-personalized-cake-topper\/\",\"name\":\"The Frozen Personalized Cake Topper - Les Cr\u00e9ations Kline\",\"isPartOf\":{\"@id\":\"https:\/\/www.lescreationskline.com\/en\/#website\"},\"primaryImageOfPage\":{\"@id\":\"https:\/\/www.lescreationskline.com\/en\/magasiner\/personalized-cake-topper\/the-frozen-personalized-cake-topper\/#primaryimage\"},\"image\":{\"@id\":\"https:\/\/www.lescreationskline.com\/en\/magasiner\/personalized-cake-topper\/the-frozen-personalized-cake-topper\/#primaryimage\"},\"thumbnailUrl\":\"https:\/\/www.lescreationskline.com\/wp-content\/uploads\/2022\/07\/FROZEN-1.png\",\"datePublished\":\"2022-04-22T23:33:06+00:00\",\"description\":\"Shop yours! For all Frozen lovers! Choose a cake that is stylish and luscious for the eyes and taste. 3D cake topper.\",\"breadcrumb\":{\"@id\":\"https:\/\/www.lescreationskline.com\/en\/magasiner\/personalized-cake-topper\/the-frozen-personalized-cake-topper\/#breadcrumb\"},\"inLanguage\":\"en-US\",\"potentialAction\":[{\"@type\":\"ReadAction\",\"target\":[\"https:\/\/www.lescreationskline.com\/en\/magasiner\/personalized-cake-topper\/the-frozen-personalized-cake-topper\/\"]}]},{\"@type\":\"ImageObject\",\"inLanguage\":\"en-US\",\"@id\":\"https:\/\/www.lescreationskline.com\/en\/magasiner\/personalized-cake-topper\/the-frozen-personalized-cake-topper\/#primaryimage\",\"url\":\"https:\/\/www.lescreationskline.com\/wp-content\/uploads\/2022\/07\/FROZEN-1.png\",\"contentUrl\":\"https:\/\/www.lescreationskline.com\/wp-content\/uploads\/2022\/07\/FROZEN-1.png\",\"width\":1080,\"height\":1080,\"caption\":\"The Frozen Personalized Cake Topper\"},{\"@type\":\"BreadcrumbList\",\"@id\":\"https:\/\/www.lescreationskline.com\/en\/magasiner\/personalized-cake-topper\/the-frozen-personalized-cake-topper\/#breadcrumb\",\"itemListElement\":[{\"@type\":\"ListItem\",\"position\":1,\"name\":\"Accueil\",\"item\":\"https:\/\/www.lescreationskline.com\/en\/reception\/\"},{\"@type\":\"ListItem\",\"position\":2,\"name\":\"Shop\",\"item\":\"https:\/\/www.lescreationskline.com\/en\/shop\/\"},{\"@type\":\"ListItem\",\"position\":3,\"name\":\"Celebrations &amp; Events\",\"item\":\"https:\/\/www.lescreationskline.com\/en\/categorie-produit\/celebrations-events\/\"},{\"@type\":\"ListItem\",\"position\":4,\"name\":\"The Frozen Personalized Cake Topper\"}]},{\"@type\":\"WebSite\",\"@id\":\"https:\/\/www.lescreationskline.com\/en\/#website\",\"url\":\"https:\/\/www.lescreationskline.com\/en\/\",\"name\":\"Les Cr\u00e9ations Kline\",\"description\":\"Fabriqu\u00e9s \u00e0 la main\",\"potentialAction\":[{\"@type\":\"SearchAction\",\"target\":{\"@type\":\"EntryPoint\",\"urlTemplate\":\"https:\/\/www.lescreationskline.com\/en\/?s={search_term_string}\"},\"query-input\":{\"@type\":\"PropertyValueSpecification\",\"valueRequired\":true,\"valueName\":\"search_term_string\"}}],\"inLanguage\":\"en-US\"}]}<\/script>\n<!-- \/ Yoast SEO plugin. -->","yoast_head_json":{"title":"The Frozen Personalized Cake Topper - Les Cr\u00e9ations Kline","description":"Shop yours! For all Frozen lovers! Choose a cake that is stylish and luscious for the eyes and taste. 3D cake topper.","robots":{"index":"index","follow":"follow","max-snippet":"max-snippet:-1","max-image-preview":"max-image-preview:large","max-video-preview":"max-video-preview:-1"},"canonical":"https:\/\/www.lescreationskline.com\/en\/magasiner\/personalized-cake-topper\/the-frozen-personalized-cake-topper\/","og_locale":"en_US","og_type":"article","og_title":"The Frozen Personalized Cake Topper - Les Cr\u00e9ations Kline","og_description":"Shop yours! For all Frozen lovers! Choose a cake that is stylish and luscious for the eyes and taste. 3D cake topper.","og_url":"https:\/\/www.lescreationskline.com\/en\/magasiner\/personalized-cake-topper\/the-frozen-personalized-cake-topper\/","og_site_name":"Les Cr\u00e9ations Kline","og_image":[{"width":1080,"height":1080,"url":"https:\/\/www.lescreationskline.com\/wp-content\/uploads\/2022\/07\/FROZEN-1.png","type":"image\/png"}],"twitter_misc":{"Est. reading time":"1 minute"},"schema":{"@context":"https:\/\/schema.org","@graph":[{"@type":"WebPage","@id":"https:\/\/www.lescreationskline.com\/en\/magasiner\/personalized-cake-topper\/the-frozen-personalized-cake-topper\/","url":"https:\/\/www.lescreationskline.com\/en\/magasiner\/personalized-cake-topper\/the-frozen-personalized-cake-topper\/","name":"The Frozen Personalized Cake Topper - Les Cr\u00e9ations Kline","isPartOf":{"@id":"https:\/\/www.lescreationskline.com\/en\/#website"},"primaryImageOfPage":{"@id":"https:\/\/www.lescreationskline.com\/en\/magasiner\/personalized-cake-topper\/the-frozen-personalized-cake-topper\/#primaryimage"},"image":{"@id":"https:\/\/www.lescreationskline.com\/en\/magasiner\/personalized-cake-topper\/the-frozen-personalized-cake-topper\/#primaryimage"},"thumbnailUrl":"https:\/\/www.lescreationskline.com\/wp-content\/uploads\/2022\/07\/FROZEN-1.png","datePublished":"2022-04-22T23:33:06+00:00","description":"Shop yours! For all Frozen lovers! Choose a cake that is stylish and luscious for the eyes and taste. 3D cake topper.","breadcrumb":{"@id":"https:\/\/www.lescreationskline.com\/en\/magasiner\/personalized-cake-topper\/the-frozen-personalized-cake-topper\/#breadcrumb"},"inLanguage":"en-US","potentialAction":[{"@type":"ReadAction","target":["https:\/\/www.lescreationskline.com\/en\/magasiner\/personalized-cake-topper\/the-frozen-personalized-cake-topper\/"]}]},{"@type":"ImageObject","inLanguage":"en-US","@id":"https:\/\/www.lescreationskline.com\/en\/magasiner\/personalized-cake-topper\/the-frozen-personalized-cake-topper\/#primaryimage","url":"https:\/\/www.lescreationskline.com\/wp-content\/uploads\/2022\/07\/FROZEN-1.png","contentUrl":"https:\/\/www.lescreationskline.com\/wp-content\/uploads\/2022\/07\/FROZEN-1.png","width":1080,"height":1080,"caption":"The Frozen Personalized Cake Topper"},{"@type":"BreadcrumbList","@id":"https:\/\/www.lescreationskline.com\/en\/magasiner\/personalized-cake-topper\/the-frozen-personalized-cake-topper\/#breadcrumb","itemListElement":[{"@type":"ListItem","position":1,"name":"Accueil","item":"https:\/\/www.lescreationskline.com\/en\/reception\/"},{"@type":"ListItem","position":2,"name":"Shop","item":"https:\/\/www.lescreationskline.com\/en\/shop\/"},{"@type":"ListItem","position":3,"name":"Celebrations &amp; Events","item":"https:\/\/www.lescreationskline.com\/en\/categorie-produit\/celebrations-events\/"},{"@type":"ListItem","position":4,"name":"The Frozen Personalized Cake Topper"}]},{"@type":"WebSite","@id":"https:\/\/www.lescreationskline.com\/en\/#website","url":"https:\/\/www.lescreationskline.com\/en\/","name":"Les Cr\u00e9ations Kline","description":"Fabriqu\u00e9s \u00e0 la main","potentialAction":[{"@type":"SearchAction","target":{"@type":"EntryPoint","urlTemplate":"https:\/\/www.lescreationskline.com\/en\/?s={search_term_string}"},"query-input":{"@type":"PropertyValueSpecification","valueRequired":true,"valueName":"search_term_string"}}],"inLanguage":"en-US"}]}},"_links":{"self":[{"href":"https:\/\/www.lescreationskline.com\/en\/wp-json\/wp\/v2\/product\/8096","targetHints":{"allow":["GET"]}}],"collection":[{"href":"https:\/\/www.lescreationskline.com\/en\/wp-json\/wp\/v2\/product"}],"about":[{"href":"https:\/\/www.lescreationskline.com\/en\/wp-json\/wp\/v2\/types\/product"}],"replies":[{"embeddable":true,"href":"https:\/\/www.lescreationskline.com\/en\/wp-json\/wp\/v2\/comments?post=8096"}],"wp:featuredmedia":[{"embeddable":true,"href":"https:\/\/www.lescreationskline.com\/en\/wp-json\/wp\/v2\/media\/7451"}],"wp:attachment":[{"href":"https:\/\/www.lescreationskline.com\/en\/wp-json\/wp\/v2\/media?parent=8096"}],"wp:term":[{"taxonomy":"product_brand","embeddable":true,"href":"https:\/\/www.lescreationskline.com\/en\/wp-json\/wp\/v2\/product_brand?post=8096"},{"taxonomy":"product_cat","embeddable":true,"href":"https:\/\/www.lescreationskline.com\/en\/wp-json\/wp\/v2\/product_cat?post=8096"},{"taxonomy":"product_tag","embeddable":true,"href":"https:\/\/www.lescreationskline.com\/en\/wp-json\/wp\/v2\/product_tag?post=8096"},{"taxonomy":"occasion","embeddable":true,"href":"https:\/\/www.lescreationskline.com\/en\/wp-json\/wp\/v2\/occasion?post=8096"}],"curies":[{"name":"wp","href":"https:\/\/api.w.org\/{rel}","templated":true}]}}