{"id":8091,"date":"2021-10-07T12:57:38","date_gmt":"2021-10-07T16:57:38","guid":{"rendered":"https:\/\/www.lescreationskline.com\/produit\/personalized-wooden-tooth-box-for-girls-or-boys\/"},"modified":"2021-10-07T12:57:38","modified_gmt":"2021-10-07T16:57:38","slug":"personalized-wooden-tooth-box-for-girls-or-boys","status":"publish","type":"product","link":"https:\/\/www.lescreationskline.com\/en\/magasiner\/clothing-for-the-whole-family\/personalized-wooden-tooth-box-for-girls-or-boys\/","title":{"rendered":"Personalized wooden tooth box for Girls or Boys."},"content":{"rendered":"<div class=\"o9v6fnle cxmmr5t8 oygrvhab hcukyx3x c1et5uql ii04i59q\">\n<div dir=\"auto\">Personalized wooden tooth box for Girls or Boys.<\/div>\n<\/div>\n<div class=\"o9v6fnle cxmmr5t8 oygrvhab hcukyx3x c1et5uql ii04i59q\">\n<div dir=\"auto\">Perfect Gift for Kids, Christening Christmas, New Year, Birthday. offer to your baby. A childhood memory to collect baby&#8217;s teeth.<\/div>\n<div dir=\"auto\">&#8211; Personalizes the toothbox with the child&#8217;s picture and name<\/div>\n<div dir=\"auto\">-This wooden tooth box has openings for all the first teeth.<\/div>\n<div dir=\"auto\">-Place the teeth that fall out in the gaps and you can put a bottle of hair in the heart in the center<\/div>\n<\/div>\n<div class=\"o9v6fnle cxmmr5t8 oygrvhab hcukyx3x c1et5uql ii04i59q\">\n<div dir=\"auto\">-Place the teeth in boiling water to sterilize them, then dry them naturally in a ventilated place and finally put them in the toothbox.<\/div>\n<\/div>\n<div class=\"o9v6fnle cxmmr5t8 oygrvhab hcukyx3x c1et5uql ii04i59q\">\n<div dir=\"auto\">Handmade<\/div>\n<div dir=\"auto\">Wooden product, handmade<\/div>\n<div dir=\"auto\">Dimensions- 5 inches high and 5 inches wide<\/div>\n<\/div>\n<div class=\"o9v6fnle cxmmr5t8 oygrvhab hcukyx3x c1et5uql ii04i59q\">\n<div dir=\"auto\">Thickness &#8211; 1\/4&#8243;<\/div>\n<\/div>\n<div class=\"o9v6fnle cxmmr5t8 oygrvhab hcukyx3x c1et5uql ii04i59q\">\n<div dir=\"auto\">You can contact me for any creations and give me your ideas  <span class=\"pq6dq46d tbxw36s4 knj5qynh kvgmc6g5 ditlmg2l oygrvhab nvdbi5me sf5mxxl7 gl3lb2sf hhz5lgdu\"><img loading=\"lazy\" decoding=\"async\" src=\"https:\/\/static.xx.fbcdn.net\/images\/emoji.php\/v9\/t4c\/1\/16\/1f642.png\" alt=\"\ud83d\ude42\" width=\"16\" height=\"16\"><\/span><\/div>\n<\/div>\n","protected":false},"excerpt":{"rendered":"<div class=\"o9v6fnle cxmmr5t8 oygrvhab hcukyx3x c1et5uql ii04i59q\">\n<div dir=\"auto\">Personalized wooden tooth box for Girls or Boys.<\/div>\n<\/div>\n<div class=\"o9v6fnle cxmmr5t8 oygrvhab hcukyx3x c1et5uql ii04i59q\">\n<div dir=\"auto\">Perfect Gift for Kids, Christening Christmas, New Year, Birthday. offer to your baby. A childhood memory to collect baby&#8217;s teeth.<\/div>\n<div dir=\"auto\">&#8211; Personalizes the toothbox with the child&#8217;s picture and name<\/div>\n<div dir=\"auto\">-This wooden tooth box has openings for all the first teeth.<\/div>\n<div dir=\"auto\">-Place the teeth that fall out in the gaps and you can put a bottle of hair in the heart in the center<\/div>\n<\/div>\n<div class=\"o9v6fnle cxmmr5t8 oygrvhab hcukyx3x c1et5uql ii04i59q\">\n<div dir=\"auto\">-Place the teeth in boiling water to sterilize them, then dry them naturally in a ventilated place and finally put them in the toothbox.<\/div>\n<\/div>\n<div class=\"o9v6fnle cxmmr5t8 oygrvhab hcukyx3x c1et5uql ii04i59q\">\n<div dir=\"auto\">Handmade<\/div>\n<div dir=\"auto\">Wooden product, handmade<\/div>\n<div dir=\"auto\">Dimensions- 5 inches high and 5 inches wide<\/div>\n<\/div>\n<div class=\"o9v6fnle cxmmr5t8 oygrvhab hcukyx3x c1et5uql ii04i59q\">\n<div dir=\"auto\">Thickness &#8211; 1\/4&#8243;<\/div>\n<\/div>\n<div class=\"o9v6fnle cxmmr5t8 oygrvhab hcukyx3x c1et5uql ii04i59q\">\n<div dir=\"auto\">You can contact me for any creations and give me your ideas  <span class=\"pq6dq46d tbxw36s4 knj5qynh kvgmc6g5 ditlmg2l oygrvhab nvdbi5me sf5mxxl7 gl3lb2sf hhz5lgdu\"><img loading=\"lazy\" decoding=\"async\" src=\"https:\/\/static.xx.fbcdn.net\/images\/emoji.php\/v9\/t4c\/1\/16\/1f642.png\" alt=\"\ud83d\ude42\" width=\"16\" height=\"16\"><\/span><\/div>\n<\/div>\n","protected":false},"featured_media":7340,"comment_status":"open","ping_status":"closed","template":"","meta":{"_et_pb_use_builder":"","_et_pb_old_content":"","_et_gb_content_width":""},"product_brand":[],"product_cat":[1358],"product_tag":[],"occasion":[],"class_list":{"0":"post-8091","1":"product","2":"type-product","3":"status-publish","4":"has-post-thumbnail","6":"product_cat-clothing-for-the-whole-family","7":"product_shipping_class-cp-parcel","8":"pa_logo-little-fox","9":"pa_logo-little-fox-with-star","11":"first","12":"instock","13":"shipping-taxable","14":"purchasable","15":"product-type-variable","16":"has-default-attributes"},"yoast_head":"<!-- This site is optimized with the Yoast SEO plugin v27.2 - https:\/\/yoast.com\/product\/yoast-seo-wordpress\/ -->\n<title>Personalized wooden tooth box for Girls or Boys. - Les Cr\u00e9ations Kline<\/title>\n<meta name=\"robots\" content=\"index, follow, max-snippet:-1, max-image-preview:large, max-video-preview:-1\" \/>\n<link rel=\"canonical\" href=\"https:\/\/www.lescreationskline.com\/en\/magasiner\/clothing-for-the-whole-family\/personalized-wooden-tooth-box-for-girls-or-boys\/\" \/>\n<meta property=\"og:locale\" content=\"en_US\" \/>\n<meta property=\"og:type\" content=\"article\" \/>\n<meta property=\"og:title\" content=\"Personalized wooden tooth box for Girls or Boys. - Les Cr\u00e9ations Kline\" \/>\n<meta property=\"og:description\" content=\"Personalized wooden tooth box for Girls or Boys.   Perfect Gift for Kids, Christening Christmas, New Year, Birthday. offer to your baby. A childhood memory to collect baby&#039;s teeth. - Personalizes the toothbox with the child&#039;s picture and name -This wooden tooth box has openings for all the first teeth. -Place the teeth that fall out in the gaps and you can put a bottle of hair in the heart in the center   -Place the teeth in boiling water to sterilize them, then dry them naturally in a ventilated place and finally put them in the toothbox.   Handmade Wooden product, handmade Dimensions- 5 inches high and 5 inches wide   Thickness - 1\/4&quot;   You can contact me for any creations and give me your ideas\" \/>\n<meta property=\"og:url\" content=\"https:\/\/www.lescreationskline.com\/en\/magasiner\/clothing-for-the-whole-family\/personalized-wooden-tooth-box-for-girls-or-boys\/\" \/>\n<meta property=\"og:site_name\" content=\"Les Cr\u00e9ations Kline\" \/>\n<meta property=\"og:image\" content=\"https:\/\/www.lescreationskline.com\/wp-content\/uploads\/2021\/10\/thumbnail_IMG_5416.png\" \/>\n\t<meta property=\"og:image:width\" content=\"466\" \/>\n\t<meta property=\"og:image:height\" content=\"534\" \/>\n\t<meta property=\"og:image:type\" content=\"image\/png\" \/>\n<meta name=\"twitter:label1\" content=\"Est. reading time\" \/>\n\t<meta name=\"twitter:data1\" content=\"1 minute\" \/>\n<script type=\"application\/ld+json\" class=\"yoast-schema-graph\">{\"@context\":\"https:\/\/schema.org\",\"@graph\":[{\"@type\":\"WebPage\",\"@id\":\"https:\/\/www.lescreationskline.com\/en\/magasiner\/clothing-for-the-whole-family\/personalized-wooden-tooth-box-for-girls-or-boys\/\",\"url\":\"https:\/\/www.lescreationskline.com\/en\/magasiner\/clothing-for-the-whole-family\/personalized-wooden-tooth-box-for-girls-or-boys\/\",\"name\":\"Personalized wooden tooth box for Girls or Boys. - Les Cr\u00e9ations Kline\",\"isPartOf\":{\"@id\":\"https:\/\/www.lescreationskline.com\/en\/#website\"},\"primaryImageOfPage\":{\"@id\":\"https:\/\/www.lescreationskline.com\/en\/magasiner\/clothing-for-the-whole-family\/personalized-wooden-tooth-box-for-girls-or-boys\/#primaryimage\"},\"image\":{\"@id\":\"https:\/\/www.lescreationskline.com\/en\/magasiner\/clothing-for-the-whole-family\/personalized-wooden-tooth-box-for-girls-or-boys\/#primaryimage\"},\"thumbnailUrl\":\"https:\/\/www.lescreationskline.com\/wp-content\/uploads\/2021\/10\/thumbnail_IMG_5416.png\",\"datePublished\":\"2021-10-07T16:57:38+00:00\",\"breadcrumb\":{\"@id\":\"https:\/\/www.lescreationskline.com\/en\/magasiner\/clothing-for-the-whole-family\/personalized-wooden-tooth-box-for-girls-or-boys\/#breadcrumb\"},\"inLanguage\":\"en-US\",\"potentialAction\":[{\"@type\":\"ReadAction\",\"target\":[\"https:\/\/www.lescreationskline.com\/en\/magasiner\/clothing-for-the-whole-family\/personalized-wooden-tooth-box-for-girls-or-boys\/\"]}]},{\"@type\":\"ImageObject\",\"inLanguage\":\"en-US\",\"@id\":\"https:\/\/www.lescreationskline.com\/en\/magasiner\/clothing-for-the-whole-family\/personalized-wooden-tooth-box-for-girls-or-boys\/#primaryimage\",\"url\":\"https:\/\/www.lescreationskline.com\/wp-content\/uploads\/2021\/10\/thumbnail_IMG_5416.png\",\"contentUrl\":\"https:\/\/www.lescreationskline.com\/wp-content\/uploads\/2021\/10\/thumbnail_IMG_5416.png\",\"width\":466,\"height\":534,\"caption\":\"Personalized wooden tooth box for Girls or Boys.\"},{\"@type\":\"BreadcrumbList\",\"@id\":\"https:\/\/www.lescreationskline.com\/en\/magasiner\/clothing-for-the-whole-family\/personalized-wooden-tooth-box-for-girls-or-boys\/#breadcrumb\",\"itemListElement\":[{\"@type\":\"ListItem\",\"position\":1,\"name\":\"Accueil\",\"item\":\"https:\/\/www.lescreationskline.com\/en\/reception\/\"},{\"@type\":\"ListItem\",\"position\":2,\"name\":\"Shop\",\"item\":\"https:\/\/www.lescreationskline.com\/en\/shop\/\"},{\"@type\":\"ListItem\",\"position\":3,\"name\":\"Home &amp; Decoration\",\"item\":\"https:\/\/www.lescreationskline.com\/en\/categorie-produit\/gift-ideas\/home-decoration\/\"},{\"@type\":\"ListItem\",\"position\":4,\"name\":\"Tumbler\",\"item\":\"https:\/\/www.lescreationskline.com\/en\/categorie-produit\/gift-ideas\/home-decoration\/tumbler-en\/\"},{\"@type\":\"ListItem\",\"position\":5,\"name\":\"Personalized wooden tooth box for Girls or Boys.\"}]},{\"@type\":\"WebSite\",\"@id\":\"https:\/\/www.lescreationskline.com\/en\/#website\",\"url\":\"https:\/\/www.lescreationskline.com\/en\/\",\"name\":\"Les Cr\u00e9ations Kline\",\"description\":\"Fabriqu\u00e9s \u00e0 la main\",\"potentialAction\":[{\"@type\":\"SearchAction\",\"target\":{\"@type\":\"EntryPoint\",\"urlTemplate\":\"https:\/\/www.lescreationskline.com\/en\/?s={search_term_string}\"},\"query-input\":{\"@type\":\"PropertyValueSpecification\",\"valueRequired\":true,\"valueName\":\"search_term_string\"}}],\"inLanguage\":\"en-US\"}]}<\/script>\n<!-- \/ Yoast SEO plugin. -->","yoast_head_json":{"title":"Personalized wooden tooth box for Girls or Boys. - Les Cr\u00e9ations Kline","robots":{"index":"index","follow":"follow","max-snippet":"max-snippet:-1","max-image-preview":"max-image-preview:large","max-video-preview":"max-video-preview:-1"},"canonical":"https:\/\/www.lescreationskline.com\/en\/magasiner\/clothing-for-the-whole-family\/personalized-wooden-tooth-box-for-girls-or-boys\/","og_locale":"en_US","og_type":"article","og_title":"Personalized wooden tooth box for Girls or Boys. - Les Cr\u00e9ations Kline","og_description":"Personalized wooden tooth box for Girls or Boys.   Perfect Gift for Kids, Christening Christmas, New Year, Birthday. offer to your baby. A childhood memory to collect baby's teeth. - Personalizes the toothbox with the child's picture and name -This wooden tooth box has openings for all the first teeth. -Place the teeth that fall out in the gaps and you can put a bottle of hair in the heart in the center   -Place the teeth in boiling water to sterilize them, then dry them naturally in a ventilated place and finally put them in the toothbox.   Handmade Wooden product, handmade Dimensions- 5 inches high and 5 inches wide   Thickness - 1\/4\"   You can contact me for any creations and give me your ideas","og_url":"https:\/\/www.lescreationskline.com\/en\/magasiner\/clothing-for-the-whole-family\/personalized-wooden-tooth-box-for-girls-or-boys\/","og_site_name":"Les Cr\u00e9ations Kline","og_image":[{"width":466,"height":534,"url":"https:\/\/www.lescreationskline.com\/wp-content\/uploads\/2021\/10\/thumbnail_IMG_5416.png","type":"image\/png"}],"twitter_misc":{"Est. reading time":"1 minute"},"schema":{"@context":"https:\/\/schema.org","@graph":[{"@type":"WebPage","@id":"https:\/\/www.lescreationskline.com\/en\/magasiner\/clothing-for-the-whole-family\/personalized-wooden-tooth-box-for-girls-or-boys\/","url":"https:\/\/www.lescreationskline.com\/en\/magasiner\/clothing-for-the-whole-family\/personalized-wooden-tooth-box-for-girls-or-boys\/","name":"Personalized wooden tooth box for Girls or Boys. - Les Cr\u00e9ations Kline","isPartOf":{"@id":"https:\/\/www.lescreationskline.com\/en\/#website"},"primaryImageOfPage":{"@id":"https:\/\/www.lescreationskline.com\/en\/magasiner\/clothing-for-the-whole-family\/personalized-wooden-tooth-box-for-girls-or-boys\/#primaryimage"},"image":{"@id":"https:\/\/www.lescreationskline.com\/en\/magasiner\/clothing-for-the-whole-family\/personalized-wooden-tooth-box-for-girls-or-boys\/#primaryimage"},"thumbnailUrl":"https:\/\/www.lescreationskline.com\/wp-content\/uploads\/2021\/10\/thumbnail_IMG_5416.png","datePublished":"2021-10-07T16:57:38+00:00","breadcrumb":{"@id":"https:\/\/www.lescreationskline.com\/en\/magasiner\/clothing-for-the-whole-family\/personalized-wooden-tooth-box-for-girls-or-boys\/#breadcrumb"},"inLanguage":"en-US","potentialAction":[{"@type":"ReadAction","target":["https:\/\/www.lescreationskline.com\/en\/magasiner\/clothing-for-the-whole-family\/personalized-wooden-tooth-box-for-girls-or-boys\/"]}]},{"@type":"ImageObject","inLanguage":"en-US","@id":"https:\/\/www.lescreationskline.com\/en\/magasiner\/clothing-for-the-whole-family\/personalized-wooden-tooth-box-for-girls-or-boys\/#primaryimage","url":"https:\/\/www.lescreationskline.com\/wp-content\/uploads\/2021\/10\/thumbnail_IMG_5416.png","contentUrl":"https:\/\/www.lescreationskline.com\/wp-content\/uploads\/2021\/10\/thumbnail_IMG_5416.png","width":466,"height":534,"caption":"Personalized wooden tooth box for Girls or Boys."},{"@type":"BreadcrumbList","@id":"https:\/\/www.lescreationskline.com\/en\/magasiner\/clothing-for-the-whole-family\/personalized-wooden-tooth-box-for-girls-or-boys\/#breadcrumb","itemListElement":[{"@type":"ListItem","position":1,"name":"Accueil","item":"https:\/\/www.lescreationskline.com\/en\/reception\/"},{"@type":"ListItem","position":2,"name":"Shop","item":"https:\/\/www.lescreationskline.com\/en\/shop\/"},{"@type":"ListItem","position":3,"name":"Home &amp; Decoration","item":"https:\/\/www.lescreationskline.com\/en\/categorie-produit\/gift-ideas\/home-decoration\/"},{"@type":"ListItem","position":4,"name":"Tumbler","item":"https:\/\/www.lescreationskline.com\/en\/categorie-produit\/gift-ideas\/home-decoration\/tumbler-en\/"},{"@type":"ListItem","position":5,"name":"Personalized wooden tooth box for Girls or Boys."}]},{"@type":"WebSite","@id":"https:\/\/www.lescreationskline.com\/en\/#website","url":"https:\/\/www.lescreationskline.com\/en\/","name":"Les Cr\u00e9ations Kline","description":"Fabriqu\u00e9s \u00e0 la main","potentialAction":[{"@type":"SearchAction","target":{"@type":"EntryPoint","urlTemplate":"https:\/\/www.lescreationskline.com\/en\/?s={search_term_string}"},"query-input":{"@type":"PropertyValueSpecification","valueRequired":true,"valueName":"search_term_string"}}],"inLanguage":"en-US"}]}},"_links":{"self":[{"href":"https:\/\/www.lescreationskline.com\/en\/wp-json\/wp\/v2\/product\/8091","targetHints":{"allow":["GET"]}}],"collection":[{"href":"https:\/\/www.lescreationskline.com\/en\/wp-json\/wp\/v2\/product"}],"about":[{"href":"https:\/\/www.lescreationskline.com\/en\/wp-json\/wp\/v2\/types\/product"}],"replies":[{"embeddable":true,"href":"https:\/\/www.lescreationskline.com\/en\/wp-json\/wp\/v2\/comments?post=8091"}],"wp:featuredmedia":[{"embeddable":true,"href":"https:\/\/www.lescreationskline.com\/en\/wp-json\/wp\/v2\/media\/7340"}],"wp:attachment":[{"href":"https:\/\/www.lescreationskline.com\/en\/wp-json\/wp\/v2\/media?parent=8091"}],"wp:term":[{"taxonomy":"product_brand","embeddable":true,"href":"https:\/\/www.lescreationskline.com\/en\/wp-json\/wp\/v2\/product_brand?post=8091"},{"taxonomy":"product_cat","embeddable":true,"href":"https:\/\/www.lescreationskline.com\/en\/wp-json\/wp\/v2\/product_cat?post=8091"},{"taxonomy":"product_tag","embeddable":true,"href":"https:\/\/www.lescreationskline.com\/en\/wp-json\/wp\/v2\/product_tag?post=8091"},{"taxonomy":"occasion","embeddable":true,"href":"https:\/\/www.lescreationskline.com\/en\/wp-json\/wp\/v2\/occasion?post=8091"}],"curies":[{"name":"wp","href":"https:\/\/api.w.org\/{rel}","templated":true}]}}