{"id":8052,"date":"2021-09-16T17:07:05","date_gmt":"2021-09-16T21:07:05","guid":{"rendered":"https:\/\/www.lescreationskline.com\/produit\/wooden-frame-with-deer\/"},"modified":"2021-09-16T17:07:05","modified_gmt":"2021-09-16T21:07:05","slug":"wooden-frame-with-deer","status":"publish","type":"product","link":"https:\/\/www.lescreationskline.com\/en\/magasiner\/shop\/wooden-frame-with-deer\/","title":{"rendered":"Wooden Frame with Deer"},"content":{"rendered":"<div dir=\"auto\">Here is my collection of woods that I made by hand.<\/div>\n<div dir=\"auto\">Wooden frame,<\/div>\n<div dir=\"auto\">Get A Quote<\/div>\n<div dir=\"auto\">Pretty d\u00e9cor for your wall for any bedroom. The frames are custom-made <\/div>\n<div dir=\"auto\">Wooden product, handmade<\/div>\n<div dir=\"auto\">Cutting wood, varnish, paint,<\/div>\n<div dir=\"auto\">Dimensions-10 x 18 inches Frame Thickness- Approximately 3\/4 inches.<\/div>\n<div dir=\"auto\">You can have the following sizes<\/div>\n<div dir=\"auto\">-10&#215;18<\/div>\n<div dir=\"auto\">-12&#215;24<\/div>\n<div dir=\"auto\">-18&#215;36<\/div>\n<div dir=\"auto\">-22&#215;38<\/div>\n<div dir=\"auto\">Get A Quote<\/div>\n<div dir=\"auto\">Create something unique with Kline! Nothing makes you happy than an individual gift with a personal and unique touch. You can Create something unique with Kline in the Custom Gifts section and get a quote. The creations of each personalized product can vary in price depending on your ideas and sizes. If you have any idea, you can contact me.    <\/div>\n","protected":false},"excerpt":{"rendered":"<p>Here is my collection of woods that I made by hand. Wooden frame, Get A Quote Pretty d\u00e9cor for your wall for any bedroom. The frames are custom-made Wooden product, handmade Cutting wood, varnish, paint, Dimensions-10 x 18 inches Frame Thickness- Approximately 3\/4 inches. You can have the following sizes -10&#215;18 -12&#215;24 -18&#215;36 -22&#215;38 Get [&hellip;]<\/p>\n","protected":false},"featured_media":0,"comment_status":"open","ping_status":"closed","template":"","meta":{"_et_pb_use_builder":"","_et_pb_old_content":"","_et_gb_content_width":""},"product_brand":[],"product_cat":[1149,1379],"product_tag":[1400],"occasion":[],"class_list":{"0":"post-8052","1":"product","2":"type-product","3":"status-publish","5":"product_cat-shop","6":"product_cat-wooden-items","7":"product_tag-cadreenbois-decorationmurale-chevreuil-decorationnature-decorationchasse-cadrephoto-decorationinterieure-artmural-decochampetre-cadrerustique-chasse-nature-en","8":"pa_couleur-brown-orange-yaune-black","9":"pa_grandeur-10-x-18-en","10":"pa_grandeur-12-x-24-en","11":"pa_grandeur-18-x-36-en","12":"pa_grandeur-22-x-38-en","14":"first","15":"instock","16":"shipping-taxable","17":"purchasable","18":"product-type-variable"},"yoast_head":"<!-- This site is optimized with the Yoast SEO plugin v27.2 - https:\/\/yoast.com\/product\/yoast-seo-wordpress\/ -->\n<title>Wooden Frame with Deer - Les Cr\u00e9ations Kline<\/title>\n<meta name=\"robots\" content=\"index, follow, max-snippet:-1, max-image-preview:large, max-video-preview:-1\" \/>\n<link rel=\"canonical\" href=\"https:\/\/www.lescreationskline.com\/en\/magasiner\/shop\/wooden-frame-with-deer\/\" \/>\n<meta property=\"og:locale\" content=\"en_US\" \/>\n<meta property=\"og:type\" content=\"article\" \/>\n<meta property=\"og:title\" content=\"Wooden Frame with Deer - Les Cr\u00e9ations Kline\" \/>\n<meta property=\"og:description\" content=\"Here is my collection of woods that I made by hand. Wooden frame, Get A Quote Pretty d\u00e9cor for your wall for any bedroom. The frames are custom-made Wooden product, handmade Cutting wood, varnish, paint, Dimensions-10 x 18 inches Frame Thickness- Approximately 3\/4 inches. You can have the following sizes -10&#215;18 -12&#215;24 -18&#215;36 -22&#215;38 Get [&hellip;]\" \/>\n<meta property=\"og:url\" content=\"https:\/\/www.lescreationskline.com\/en\/magasiner\/shop\/wooden-frame-with-deer\/\" \/>\n<meta property=\"og:site_name\" content=\"Les Cr\u00e9ations Kline\" \/>\n<meta name=\"twitter:label1\" content=\"Est. reading time\" \/>\n\t<meta name=\"twitter:data1\" content=\"1 minute\" \/>\n<script type=\"application\/ld+json\" class=\"yoast-schema-graph\">{\"@context\":\"https:\/\/schema.org\",\"@graph\":[{\"@type\":\"WebPage\",\"@id\":\"https:\/\/www.lescreationskline.com\/en\/magasiner\/shop\/wooden-frame-with-deer\/\",\"url\":\"https:\/\/www.lescreationskline.com\/en\/magasiner\/shop\/wooden-frame-with-deer\/\",\"name\":\"Wooden Frame with Deer - Les Cr\u00e9ations Kline\",\"isPartOf\":{\"@id\":\"https:\/\/www.lescreationskline.com\/en\/#website\"},\"datePublished\":\"2021-09-16T21:07:05+00:00\",\"breadcrumb\":{\"@id\":\"https:\/\/www.lescreationskline.com\/en\/magasiner\/shop\/wooden-frame-with-deer\/#breadcrumb\"},\"inLanguage\":\"en-US\",\"potentialAction\":[{\"@type\":\"ReadAction\",\"target\":[\"https:\/\/www.lescreationskline.com\/en\/magasiner\/shop\/wooden-frame-with-deer\/\"]}]},{\"@type\":\"BreadcrumbList\",\"@id\":\"https:\/\/www.lescreationskline.com\/en\/magasiner\/shop\/wooden-frame-with-deer\/#breadcrumb\",\"itemListElement\":[{\"@type\":\"ListItem\",\"position\":1,\"name\":\"Accueil\",\"item\":\"https:\/\/www.lescreationskline.com\/en\/\"},{\"@type\":\"ListItem\",\"position\":2,\"name\":\"Shop\",\"item\":\"https:\/\/www.lescreationskline.com\/en\/?page_id=7758\"},{\"@type\":\"ListItem\",\"position\":3,\"name\":\"Gift ideas\",\"item\":\"https:\/\/www.lescreationskline.com\/en\/categorie-produit\/gift-ideas\/\"},{\"@type\":\"ListItem\",\"position\":4,\"name\":\"Wooden Frame with Deer\"}]},{\"@type\":\"WebSite\",\"@id\":\"https:\/\/www.lescreationskline.com\/en\/#website\",\"url\":\"https:\/\/www.lescreationskline.com\/en\/\",\"name\":\"Les Cr\u00e9ations Kline\",\"description\":\"Fabriqu\u00e9s \u00e0 la main\",\"potentialAction\":[{\"@type\":\"SearchAction\",\"target\":{\"@type\":\"EntryPoint\",\"urlTemplate\":\"https:\/\/www.lescreationskline.com\/en\/?s={search_term_string}\"},\"query-input\":{\"@type\":\"PropertyValueSpecification\",\"valueRequired\":true,\"valueName\":\"search_term_string\"}}],\"inLanguage\":\"en-US\"}]}<\/script>\n<!-- \/ Yoast SEO plugin. -->","yoast_head_json":{"title":"Wooden Frame with Deer - Les Cr\u00e9ations Kline","robots":{"index":"index","follow":"follow","max-snippet":"max-snippet:-1","max-image-preview":"max-image-preview:large","max-video-preview":"max-video-preview:-1"},"canonical":"https:\/\/www.lescreationskline.com\/en\/magasiner\/shop\/wooden-frame-with-deer\/","og_locale":"en_US","og_type":"article","og_title":"Wooden Frame with Deer - Les Cr\u00e9ations Kline","og_description":"Here is my collection of woods that I made by hand. Wooden frame, Get A Quote Pretty d\u00e9cor for your wall for any bedroom. The frames are custom-made Wooden product, handmade Cutting wood, varnish, paint, Dimensions-10 x 18 inches Frame Thickness- Approximately 3\/4 inches. You can have the following sizes -10&#215;18 -12&#215;24 -18&#215;36 -22&#215;38 Get [&hellip;]","og_url":"https:\/\/www.lescreationskline.com\/en\/magasiner\/shop\/wooden-frame-with-deer\/","og_site_name":"Les Cr\u00e9ations Kline","twitter_misc":{"Est. reading time":"1 minute"},"schema":{"@context":"https:\/\/schema.org","@graph":[{"@type":"WebPage","@id":"https:\/\/www.lescreationskline.com\/en\/magasiner\/shop\/wooden-frame-with-deer\/","url":"https:\/\/www.lescreationskline.com\/en\/magasiner\/shop\/wooden-frame-with-deer\/","name":"Wooden Frame with Deer - Les Cr\u00e9ations Kline","isPartOf":{"@id":"https:\/\/www.lescreationskline.com\/en\/#website"},"datePublished":"2021-09-16T21:07:05+00:00","breadcrumb":{"@id":"https:\/\/www.lescreationskline.com\/en\/magasiner\/shop\/wooden-frame-with-deer\/#breadcrumb"},"inLanguage":"en-US","potentialAction":[{"@type":"ReadAction","target":["https:\/\/www.lescreationskline.com\/en\/magasiner\/shop\/wooden-frame-with-deer\/"]}]},{"@type":"BreadcrumbList","@id":"https:\/\/www.lescreationskline.com\/en\/magasiner\/shop\/wooden-frame-with-deer\/#breadcrumb","itemListElement":[{"@type":"ListItem","position":1,"name":"Accueil","item":"https:\/\/www.lescreationskline.com\/en\/"},{"@type":"ListItem","position":2,"name":"Shop","item":"https:\/\/www.lescreationskline.com\/en\/?page_id=7758"},{"@type":"ListItem","position":3,"name":"Gift ideas","item":"https:\/\/www.lescreationskline.com\/en\/categorie-produit\/gift-ideas\/"},{"@type":"ListItem","position":4,"name":"Wooden Frame with Deer"}]},{"@type":"WebSite","@id":"https:\/\/www.lescreationskline.com\/en\/#website","url":"https:\/\/www.lescreationskline.com\/en\/","name":"Les Cr\u00e9ations Kline","description":"Fabriqu\u00e9s \u00e0 la main","potentialAction":[{"@type":"SearchAction","target":{"@type":"EntryPoint","urlTemplate":"https:\/\/www.lescreationskline.com\/en\/?s={search_term_string}"},"query-input":{"@type":"PropertyValueSpecification","valueRequired":true,"valueName":"search_term_string"}}],"inLanguage":"en-US"}]}},"_links":{"self":[{"href":"https:\/\/www.lescreationskline.com\/en\/wp-json\/wp\/v2\/product\/8052","targetHints":{"allow":["GET"]}}],"collection":[{"href":"https:\/\/www.lescreationskline.com\/en\/wp-json\/wp\/v2\/product"}],"about":[{"href":"https:\/\/www.lescreationskline.com\/en\/wp-json\/wp\/v2\/types\/product"}],"replies":[{"embeddable":true,"href":"https:\/\/www.lescreationskline.com\/en\/wp-json\/wp\/v2\/comments?post=8052"}],"wp:attachment":[{"href":"https:\/\/www.lescreationskline.com\/en\/wp-json\/wp\/v2\/media?parent=8052"}],"wp:term":[{"taxonomy":"product_brand","embeddable":true,"href":"https:\/\/www.lescreationskline.com\/en\/wp-json\/wp\/v2\/product_brand?post=8052"},{"taxonomy":"product_cat","embeddable":true,"href":"https:\/\/www.lescreationskline.com\/en\/wp-json\/wp\/v2\/product_cat?post=8052"},{"taxonomy":"product_tag","embeddable":true,"href":"https:\/\/www.lescreationskline.com\/en\/wp-json\/wp\/v2\/product_tag?post=8052"},{"taxonomy":"occasion","embeddable":true,"href":"https:\/\/www.lescreationskline.com\/en\/wp-json\/wp\/v2\/occasion?post=8052"}],"curies":[{"name":"wp","href":"https:\/\/api.w.org\/{rel}","templated":true}]}}