{"id":8037,"date":"2021-04-12T16:24:52","date_gmt":"2021-04-12T20:24:52","guid":{"rendered":"https:\/\/www.lescreationskline.com\/produit\/wooden-wreath-for-childrens-room-personalized-gray-elephant-get-a-quote\/"},"modified":"2025-08-21T13:42:17","modified_gmt":"2025-08-21T17:42:17","slug":"wooden-wreath-for-childrens-room-personalized-gray-elephant-get-a-quote","status":"publish","type":"product","link":"https:\/\/www.lescreationskline.com\/en\/magasiner\/wooden-items\/wooden-wreath-for-childrens-room-personalized-gray-elephant-get-a-quote\/","title":{"rendered":"Personalized Wooden Wreath \u2013 Elephant Theme"},"content":{"rendered":"<p data-start=\"137\" data-end=\"223\">\ud83d\udc18 <strong data-start=\"140\" data-end=\"218\">Personalized Wooden Wreath \u2013 Elephant Theme <\/strong> \ud83d\udda4<\/p>\n<p data-start=\"225\" data-end=\"462\">Bring a soft and elegant touch to your child&#8217;s room with our personalised <strong data-start=\"351\" data-end=\"368\">grey elephant<\/strong> themed <strong data-start=\"303\" data-end=\"337\">wooden wreath<\/strong>. Perfect for decorating the door or wall, it adds a warm and unique atmosphere! <\/p>\n<p data-start=\"464\" data-end=\"757\">\u2714 <strong data-start=\"466\" data-end=\"512\">Customizable with the child&#8217;s name<\/strong><br data-start=\"512\" data-end=\"515\">\u2714 <strong data-start=\"517\" data-end=\"536\">Adorable design<\/strong> \u2013 Grey elephant with delicate details<br data-start=\"574\" data-end=\"577\">\u2714 <strong data-start=\"579\" data-end=\"615\">Handcrafted in Quebec<\/strong> \u2013 Natural wood cut and engraved with a laser<br data-start=\"656\" data-end=\"659\">\u2714 <strong data-start=\"661\" data-end=\"674\">3D relief<\/strong> for an elegant and original effect<br data-start=\"708\" data-end=\"711\">\u2714 <strong data-start=\"713\" data-end=\"755\">Can be placed on a door or wall<\/strong><\/p>\n<p data-start=\"759\" data-end=\"887\">\ud83d\udccc <strong data-start=\"762\" data-end=\"778\">Size:<\/strong><br data-start=\"778\" data-end=\"781\">\u2714 Diameter: <strong data-start=\"794\" data-end=\"812\">10 to 18 inches<\/strong><br data-start=\"812\" data-end=\"815\">\u2714 Wood Thickness: <strong data-start=\"837\" data-end=\"853\">3\/4 inch<\/strong><br data-start=\"853\" data-end=\"856\">\u2714 Total Relief: <strong data-start=\"873\" data-end=\"885\">3 inches<\/strong><\/p>\n<p data-start=\"889\" data-end=\"1071\">\ud83c\udfaf <strong data-start=\"892\" data-end=\"908\">Ideal for:<\/strong><br data-start=\"908\" data-end=\"911\">\u2714 Children&#8217;s or baby room decoration<br data-start=\"951\" data-end=\"954\">\u2714 Unique gift for birth, baby shower or birthday<br data-start=\"1013\" data-end=\"1016\">\u2714 Safari or jungle chic theme for a soft atmosphere<\/p>\n<p data-start=\"1073\" data-end=\"1205\">\ud83d\udce9 <strong data-start=\"1076\" data-end=\"1203\">Order your personalized grey elephant crown now at Kline Creations and offer a unique souvenir!<\/strong><\/p>\n","protected":false},"excerpt":{"rendered":"<p>\ud83d\udc18 Personalized Wooden Wreath \u2013 Elephant Theme \ud83d\udda4 Bring a soft and elegant touch to your child&#8217;s room with our personalised grey elephant themed wooden wreath. Perfect for decorating the door or wall, it adds a warm and unique atmosphere! \u2714 Customizable with the child&#8217;s name\u2714 Adorable design \u2013 Grey elephant with delicate details\u2714 Handcrafted [&hellip;]<\/p>\n","protected":false},"featured_media":7285,"comment_status":"open","ping_status":"closed","template":"","meta":{"_et_pb_use_builder":"","_et_pb_old_content":"","_et_gb_content_width":""},"product_brand":[],"product_cat":[1379],"product_tag":[],"occasion":[],"class_list":{"0":"post-8037","1":"product","2":"type-product","3":"status-publish","4":"has-post-thumbnail","6":"product_cat-wooden-items","7":"product_shipping_class-cp-parcel","8":"pa_grandeur-10-crown","9":"pa_grandeur-12-crown","10":"pa_grandeur-14-crown","11":"pa_grandeur-16-crown","12":"pa_grandeur-18-crown","14":"first","15":"instock","16":"shipping-taxable","17":"purchasable","18":"product-type-variable"},"yoast_head":"<!-- This site is optimized with the Yoast SEO plugin v27.2 - https:\/\/yoast.com\/product\/yoast-seo-wordpress\/ -->\n<title>Personalized Wooden Wreath \u2013 Elephant Theme - Les Cr\u00e9ations Kline<\/title>\n<meta name=\"description\" content=\"Personalised Wood Themed Grey Elephant. Perfect for decorating the door or wall, it adds a warm and unique atmosphere!\" \/>\n<meta name=\"robots\" content=\"index, follow, max-snippet:-1, max-image-preview:large, max-video-preview:-1\" \/>\n<link rel=\"canonical\" href=\"https:\/\/www.lescreationskline.com\/en\/magasiner\/wooden-items\/wooden-wreath-for-childrens-room-personalized-gray-elephant-get-a-quote\/\" \/>\n<meta property=\"og:locale\" content=\"en_US\" \/>\n<meta property=\"og:type\" content=\"article\" \/>\n<meta property=\"og:title\" content=\"Personalized Wooden Wreath \u2013 Elephant Theme - Les Cr\u00e9ations Kline\" \/>\n<meta property=\"og:description\" content=\"Personalised Wood Themed Grey Elephant. Perfect for decorating the door or wall, it adds a warm and unique atmosphere!\" \/>\n<meta property=\"og:url\" content=\"https:\/\/www.lescreationskline.com\/en\/magasiner\/wooden-items\/wooden-wreath-for-childrens-room-personalized-gray-elephant-get-a-quote\/\" \/>\n<meta property=\"og:site_name\" content=\"Les Cr\u00e9ations Kline\" \/>\n<meta property=\"article:modified_time\" content=\"2025-08-21T17:42:17+00:00\" \/>\n<meta property=\"og:image\" content=\"https:\/\/www.lescreationskline.com\/wp-content\/uploads\/2021\/04\/thumbnail_IMG_2681.png\" \/>\n\t<meta property=\"og:image:width\" content=\"472\" \/>\n\t<meta property=\"og:image:height\" content=\"568\" \/>\n\t<meta property=\"og:image:type\" content=\"image\/png\" \/>\n<meta name=\"twitter:label1\" content=\"Est. reading time\" \/>\n\t<meta name=\"twitter:data1\" content=\"1 minute\" \/>\n<script type=\"application\/ld+json\" class=\"yoast-schema-graph\">{\"@context\":\"https:\/\/schema.org\",\"@graph\":[{\"@type\":\"WebPage\",\"@id\":\"https:\/\/www.lescreationskline.com\/en\/magasiner\/wooden-items\/wooden-wreath-for-childrens-room-personalized-gray-elephant-get-a-quote\/\",\"url\":\"https:\/\/www.lescreationskline.com\/en\/magasiner\/wooden-items\/wooden-wreath-for-childrens-room-personalized-gray-elephant-get-a-quote\/\",\"name\":\"Personalized Wooden Wreath \u2013 Elephant Theme - Les Cr\u00e9ations Kline\",\"isPartOf\":{\"@id\":\"https:\/\/www.lescreationskline.com\/en\/#website\"},\"primaryImageOfPage\":{\"@id\":\"https:\/\/www.lescreationskline.com\/en\/magasiner\/wooden-items\/wooden-wreath-for-childrens-room-personalized-gray-elephant-get-a-quote\/#primaryimage\"},\"image\":{\"@id\":\"https:\/\/www.lescreationskline.com\/en\/magasiner\/wooden-items\/wooden-wreath-for-childrens-room-personalized-gray-elephant-get-a-quote\/#primaryimage\"},\"thumbnailUrl\":\"https:\/\/www.lescreationskline.com\/wp-content\/uploads\/2021\/04\/thumbnail_IMG_2681.png\",\"datePublished\":\"2021-04-12T20:24:52+00:00\",\"dateModified\":\"2025-08-21T17:42:17+00:00\",\"description\":\"Personalised Wood Themed Grey Elephant. Perfect for decorating the door or wall, it adds a warm and unique atmosphere!\",\"breadcrumb\":{\"@id\":\"https:\/\/www.lescreationskline.com\/en\/magasiner\/wooden-items\/wooden-wreath-for-childrens-room-personalized-gray-elephant-get-a-quote\/#breadcrumb\"},\"inLanguage\":\"en-US\",\"potentialAction\":[{\"@type\":\"ReadAction\",\"target\":[\"https:\/\/www.lescreationskline.com\/en\/magasiner\/wooden-items\/wooden-wreath-for-childrens-room-personalized-gray-elephant-get-a-quote\/\"]}]},{\"@type\":\"ImageObject\",\"inLanguage\":\"en-US\",\"@id\":\"https:\/\/www.lescreationskline.com\/en\/magasiner\/wooden-items\/wooden-wreath-for-childrens-room-personalized-gray-elephant-get-a-quote\/#primaryimage\",\"url\":\"https:\/\/www.lescreationskline.com\/wp-content\/uploads\/2021\/04\/thumbnail_IMG_2681.png\",\"contentUrl\":\"https:\/\/www.lescreationskline.com\/wp-content\/uploads\/2021\/04\/thumbnail_IMG_2681.png\",\"width\":472,\"height\":568,\"caption\":\"Wooden Wreath for Nursery Personalized Gray Elephant\"},{\"@type\":\"BreadcrumbList\",\"@id\":\"https:\/\/www.lescreationskline.com\/en\/magasiner\/wooden-items\/wooden-wreath-for-childrens-room-personalized-gray-elephant-get-a-quote\/#breadcrumb\",\"itemListElement\":[{\"@type\":\"ListItem\",\"position\":1,\"name\":\"Accueil\",\"item\":\"https:\/\/www.lescreationskline.com\/en\/\"},{\"@type\":\"ListItem\",\"position\":2,\"name\":\"Shop\",\"item\":\"https:\/\/www.lescreationskline.com\/en\/?page_id=7758\"},{\"@type\":\"ListItem\",\"position\":3,\"name\":\"Wooden items\",\"item\":\"https:\/\/www.lescreationskline.com\/en\/categorie-produit\/wooden-items\/\"},{\"@type\":\"ListItem\",\"position\":4,\"name\":\"Personalized Wooden Wreath \u2013 Elephant Theme\"}]},{\"@type\":\"WebSite\",\"@id\":\"https:\/\/www.lescreationskline.com\/en\/#website\",\"url\":\"https:\/\/www.lescreationskline.com\/en\/\",\"name\":\"Les Cr\u00e9ations Kline\",\"description\":\"Fabriqu\u00e9s \u00e0 la main\",\"potentialAction\":[{\"@type\":\"SearchAction\",\"target\":{\"@type\":\"EntryPoint\",\"urlTemplate\":\"https:\/\/www.lescreationskline.com\/en\/?s={search_term_string}\"},\"query-input\":{\"@type\":\"PropertyValueSpecification\",\"valueRequired\":true,\"valueName\":\"search_term_string\"}}],\"inLanguage\":\"en-US\"}]}<\/script>\n<!-- \/ Yoast SEO plugin. -->","yoast_head_json":{"title":"Personalized Wooden Wreath \u2013 Elephant Theme - Les Cr\u00e9ations Kline","description":"Personalised Wood Themed Grey Elephant. Perfect for decorating the door or wall, it adds a warm and unique atmosphere!","robots":{"index":"index","follow":"follow","max-snippet":"max-snippet:-1","max-image-preview":"max-image-preview:large","max-video-preview":"max-video-preview:-1"},"canonical":"https:\/\/www.lescreationskline.com\/en\/magasiner\/wooden-items\/wooden-wreath-for-childrens-room-personalized-gray-elephant-get-a-quote\/","og_locale":"en_US","og_type":"article","og_title":"Personalized Wooden Wreath \u2013 Elephant Theme - Les Cr\u00e9ations Kline","og_description":"Personalised Wood Themed Grey Elephant. Perfect for decorating the door or wall, it adds a warm and unique atmosphere!","og_url":"https:\/\/www.lescreationskline.com\/en\/magasiner\/wooden-items\/wooden-wreath-for-childrens-room-personalized-gray-elephant-get-a-quote\/","og_site_name":"Les Cr\u00e9ations Kline","article_modified_time":"2025-08-21T17:42:17+00:00","og_image":[{"width":472,"height":568,"url":"https:\/\/www.lescreationskline.com\/wp-content\/uploads\/2021\/04\/thumbnail_IMG_2681.png","type":"image\/png"}],"twitter_misc":{"Est. reading time":"1 minute"},"schema":{"@context":"https:\/\/schema.org","@graph":[{"@type":"WebPage","@id":"https:\/\/www.lescreationskline.com\/en\/magasiner\/wooden-items\/wooden-wreath-for-childrens-room-personalized-gray-elephant-get-a-quote\/","url":"https:\/\/www.lescreationskline.com\/en\/magasiner\/wooden-items\/wooden-wreath-for-childrens-room-personalized-gray-elephant-get-a-quote\/","name":"Personalized Wooden Wreath \u2013 Elephant Theme - Les Cr\u00e9ations Kline","isPartOf":{"@id":"https:\/\/www.lescreationskline.com\/en\/#website"},"primaryImageOfPage":{"@id":"https:\/\/www.lescreationskline.com\/en\/magasiner\/wooden-items\/wooden-wreath-for-childrens-room-personalized-gray-elephant-get-a-quote\/#primaryimage"},"image":{"@id":"https:\/\/www.lescreationskline.com\/en\/magasiner\/wooden-items\/wooden-wreath-for-childrens-room-personalized-gray-elephant-get-a-quote\/#primaryimage"},"thumbnailUrl":"https:\/\/www.lescreationskline.com\/wp-content\/uploads\/2021\/04\/thumbnail_IMG_2681.png","datePublished":"2021-04-12T20:24:52+00:00","dateModified":"2025-08-21T17:42:17+00:00","description":"Personalised Wood Themed Grey Elephant. Perfect for decorating the door or wall, it adds a warm and unique atmosphere!","breadcrumb":{"@id":"https:\/\/www.lescreationskline.com\/en\/magasiner\/wooden-items\/wooden-wreath-for-childrens-room-personalized-gray-elephant-get-a-quote\/#breadcrumb"},"inLanguage":"en-US","potentialAction":[{"@type":"ReadAction","target":["https:\/\/www.lescreationskline.com\/en\/magasiner\/wooden-items\/wooden-wreath-for-childrens-room-personalized-gray-elephant-get-a-quote\/"]}]},{"@type":"ImageObject","inLanguage":"en-US","@id":"https:\/\/www.lescreationskline.com\/en\/magasiner\/wooden-items\/wooden-wreath-for-childrens-room-personalized-gray-elephant-get-a-quote\/#primaryimage","url":"https:\/\/www.lescreationskline.com\/wp-content\/uploads\/2021\/04\/thumbnail_IMG_2681.png","contentUrl":"https:\/\/www.lescreationskline.com\/wp-content\/uploads\/2021\/04\/thumbnail_IMG_2681.png","width":472,"height":568,"caption":"Wooden Wreath for Nursery Personalized Gray Elephant"},{"@type":"BreadcrumbList","@id":"https:\/\/www.lescreationskline.com\/en\/magasiner\/wooden-items\/wooden-wreath-for-childrens-room-personalized-gray-elephant-get-a-quote\/#breadcrumb","itemListElement":[{"@type":"ListItem","position":1,"name":"Accueil","item":"https:\/\/www.lescreationskline.com\/en\/"},{"@type":"ListItem","position":2,"name":"Shop","item":"https:\/\/www.lescreationskline.com\/en\/?page_id=7758"},{"@type":"ListItem","position":3,"name":"Wooden items","item":"https:\/\/www.lescreationskline.com\/en\/categorie-produit\/wooden-items\/"},{"@type":"ListItem","position":4,"name":"Personalized Wooden Wreath \u2013 Elephant Theme"}]},{"@type":"WebSite","@id":"https:\/\/www.lescreationskline.com\/en\/#website","url":"https:\/\/www.lescreationskline.com\/en\/","name":"Les Cr\u00e9ations Kline","description":"Fabriqu\u00e9s \u00e0 la main","potentialAction":[{"@type":"SearchAction","target":{"@type":"EntryPoint","urlTemplate":"https:\/\/www.lescreationskline.com\/en\/?s={search_term_string}"},"query-input":{"@type":"PropertyValueSpecification","valueRequired":true,"valueName":"search_term_string"}}],"inLanguage":"en-US"}]}},"_links":{"self":[{"href":"https:\/\/www.lescreationskline.com\/en\/wp-json\/wp\/v2\/product\/8037","targetHints":{"allow":["GET"]}}],"collection":[{"href":"https:\/\/www.lescreationskline.com\/en\/wp-json\/wp\/v2\/product"}],"about":[{"href":"https:\/\/www.lescreationskline.com\/en\/wp-json\/wp\/v2\/types\/product"}],"replies":[{"embeddable":true,"href":"https:\/\/www.lescreationskline.com\/en\/wp-json\/wp\/v2\/comments?post=8037"}],"wp:featuredmedia":[{"embeddable":true,"href":"https:\/\/www.lescreationskline.com\/en\/wp-json\/wp\/v2\/media\/7285"}],"wp:attachment":[{"href":"https:\/\/www.lescreationskline.com\/en\/wp-json\/wp\/v2\/media?parent=8037"}],"wp:term":[{"taxonomy":"product_brand","embeddable":true,"href":"https:\/\/www.lescreationskline.com\/en\/wp-json\/wp\/v2\/product_brand?post=8037"},{"taxonomy":"product_cat","embeddable":true,"href":"https:\/\/www.lescreationskline.com\/en\/wp-json\/wp\/v2\/product_cat?post=8037"},{"taxonomy":"product_tag","embeddable":true,"href":"https:\/\/www.lescreationskline.com\/en\/wp-json\/wp\/v2\/product_tag?post=8037"},{"taxonomy":"occasion","embeddable":true,"href":"https:\/\/www.lescreationskline.com\/en\/wp-json\/wp\/v2\/occasion?post=8037"}],"curies":[{"name":"wp","href":"https:\/\/api.w.org\/{rel}","templated":true}]}}