{"id":8035,"date":"2021-03-08T14:47:20","date_gmt":"2021-03-08T19:47:20","guid":{"rendered":"https:\/\/www.lescreationskline.com\/produit\/pretty-buckle-for-babies-and-children-yaune\/"},"modified":"2021-03-08T14:47:20","modified_gmt":"2021-03-08T19:47:20","slug":"pretty-buckle-for-babies-and-children-yaune","status":"publish","type":"product","link":"https:\/\/www.lescreationskline.com\/en\/magasiner\/gift-ideas\/accessories\/pretty-buckle-for-babies-and-children-yaune\/","title":{"rendered":"Pretty Buckle for babies and children yaune"},"content":{"rendered":"<p>Everything you need to add a little punchy touch to your children.<\/p>\n<p><em>Hair bow <\/em> for newborn or children. The hair clips are fashion accessories with a clip that hangs on the baby\/children&#8217;s hair. Our baby and toddler hair clips are one size fits all, with a clip, handmade of colorful synthetic leather printed. The hair clips are unique and perfect for a birthday gift, birthday party, special occasions, newborn photo shoot, baby shower, etc. Several choices in our collections. Do not let the child sleep with the hair clips.     <\/p>\n<p>Bar Length: 3-4 inch<\/p>\n","protected":false},"excerpt":{"rendered":"<p>Everything you need to add a little punchy touch to your children. Hair bow for newborn or children. The hair clips are fashion accessories with a clip that hangs on the baby\/children&#8217;s hair. Our baby and toddler hair clips are one size fits all, with a clip, handmade of colorful synthetic leather printed. The hair [&hellip;]<\/p>\n","protected":false},"featured_media":7117,"comment_status":"open","ping_status":"closed","template":"","meta":{"_et_pb_use_builder":"","_et_pb_old_content":"","_et_gb_content_width":""},"product_brand":[],"product_cat":[1270,1267],"product_tag":[],"occasion":[],"class_list":{"0":"post-8035","1":"product","2":"type-product","3":"status-publish","4":"has-post-thumbnail","6":"product_cat-gift-ideas","7":"product_cat-accessories","8":"product_shipping_class-cp-standard-free-envelope","10":"first","11":"instock","12":"shipping-taxable","13":"purchasable","14":"product-type-simple"},"yoast_head":"<!-- This site is optimized with the Yoast SEO plugin v27.2 - https:\/\/yoast.com\/product\/yoast-seo-wordpress\/ -->\n<title>Pretty Buckle for babies and children yaune - Les Cr\u00e9ations Kline<\/title>\n<meta name=\"robots\" content=\"index, follow, max-snippet:-1, max-image-preview:large, max-video-preview:-1\" \/>\n<link rel=\"canonical\" href=\"https:\/\/www.lescreationskline.com\/en\/magasiner\/gift-ideas\/accessories\/pretty-buckle-for-babies-and-children-yaune\/\" \/>\n<meta property=\"og:locale\" content=\"en_US\" \/>\n<meta property=\"og:type\" content=\"article\" \/>\n<meta property=\"og:title\" content=\"Pretty Buckle for babies and children yaune - Les Cr\u00e9ations Kline\" \/>\n<meta property=\"og:description\" content=\"Everything you need to add a little punchy touch to your children. Hair bow for newborn or children. The hair clips are fashion accessories with a clip that hangs on the baby\/children&#8217;s hair. Our baby and toddler hair clips are one size fits all, with a clip, handmade of colorful synthetic leather printed. The hair [&hellip;]\" \/>\n<meta property=\"og:url\" content=\"https:\/\/www.lescreationskline.com\/en\/magasiner\/gift-ideas\/accessories\/pretty-buckle-for-babies-and-children-yaune\/\" \/>\n<meta property=\"og:site_name\" content=\"Les Cr\u00e9ations Kline\" \/>\n<meta property=\"og:image\" content=\"https:\/\/www.lescreationskline.com\/wp-content\/uploads\/2021\/01\/thumbnail_IMG_9656.png\" \/>\n\t<meta property=\"og:image:width\" content=\"476\" \/>\n\t<meta property=\"og:image:height\" content=\"467\" \/>\n\t<meta property=\"og:image:type\" content=\"image\/png\" \/>\n<script type=\"application\/ld+json\" class=\"yoast-schema-graph\">{\"@context\":\"https:\/\/schema.org\",\"@graph\":[{\"@type\":\"WebPage\",\"@id\":\"https:\/\/www.lescreationskline.com\/en\/magasiner\/gift-ideas\/accessories\/pretty-buckle-for-babies-and-children-yaune\/\",\"url\":\"https:\/\/www.lescreationskline.com\/en\/magasiner\/gift-ideas\/accessories\/pretty-buckle-for-babies-and-children-yaune\/\",\"name\":\"Pretty Buckle for babies and children yaune - Les Cr\u00e9ations Kline\",\"isPartOf\":{\"@id\":\"https:\/\/www.lescreationskline.com\/en\/#website\"},\"primaryImageOfPage\":{\"@id\":\"https:\/\/www.lescreationskline.com\/en\/magasiner\/gift-ideas\/accessories\/pretty-buckle-for-babies-and-children-yaune\/#primaryimage\"},\"image\":{\"@id\":\"https:\/\/www.lescreationskline.com\/en\/magasiner\/gift-ideas\/accessories\/pretty-buckle-for-babies-and-children-yaune\/#primaryimage\"},\"thumbnailUrl\":\"https:\/\/www.lescreationskline.com\/wp-content\/uploads\/2021\/01\/thumbnail_IMG_9656.png\",\"datePublished\":\"2021-03-08T19:47:20+00:00\",\"breadcrumb\":{\"@id\":\"https:\/\/www.lescreationskline.com\/en\/magasiner\/gift-ideas\/accessories\/pretty-buckle-for-babies-and-children-yaune\/#breadcrumb\"},\"inLanguage\":\"en-US\",\"potentialAction\":[{\"@type\":\"ReadAction\",\"target\":[\"https:\/\/www.lescreationskline.com\/en\/magasiner\/gift-ideas\/accessories\/pretty-buckle-for-babies-and-children-yaune\/\"]}]},{\"@type\":\"ImageObject\",\"inLanguage\":\"en-US\",\"@id\":\"https:\/\/www.lescreationskline.com\/en\/magasiner\/gift-ideas\/accessories\/pretty-buckle-for-babies-and-children-yaune\/#primaryimage\",\"url\":\"https:\/\/www.lescreationskline.com\/wp-content\/uploads\/2021\/01\/thumbnail_IMG_9656.png\",\"contentUrl\":\"https:\/\/www.lescreationskline.com\/wp-content\/uploads\/2021\/01\/thumbnail_IMG_9656.png\",\"width\":476,\"height\":467},{\"@type\":\"BreadcrumbList\",\"@id\":\"https:\/\/www.lescreationskline.com\/en\/magasiner\/gift-ideas\/accessories\/pretty-buckle-for-babies-and-children-yaune\/#breadcrumb\",\"itemListElement\":[{\"@type\":\"ListItem\",\"position\":1,\"name\":\"Accueil\",\"item\":\"https:\/\/www.lescreationskline.com\/en\/reception\/\"},{\"@type\":\"ListItem\",\"position\":2,\"name\":\"Shop\",\"item\":\"https:\/\/www.lescreationskline.com\/en\/shop\/\"},{\"@type\":\"ListItem\",\"position\":3,\"name\":\"Gift ideas\",\"item\":\"https:\/\/www.lescreationskline.com\/en\/categorie-produit\/gift-ideas\/\"},{\"@type\":\"ListItem\",\"position\":4,\"name\":\"Pretty Buckle for babies and children yaune\"}]},{\"@type\":\"WebSite\",\"@id\":\"https:\/\/www.lescreationskline.com\/en\/#website\",\"url\":\"https:\/\/www.lescreationskline.com\/en\/\",\"name\":\"Les Cr\u00e9ations Kline\",\"description\":\"Fabriqu\u00e9s \u00e0 la main\",\"potentialAction\":[{\"@type\":\"SearchAction\",\"target\":{\"@type\":\"EntryPoint\",\"urlTemplate\":\"https:\/\/www.lescreationskline.com\/en\/?s={search_term_string}\"},\"query-input\":{\"@type\":\"PropertyValueSpecification\",\"valueRequired\":true,\"valueName\":\"search_term_string\"}}],\"inLanguage\":\"en-US\"}]}<\/script>\n<!-- \/ Yoast SEO plugin. -->","yoast_head_json":{"title":"Pretty Buckle for babies and children yaune - Les Cr\u00e9ations Kline","robots":{"index":"index","follow":"follow","max-snippet":"max-snippet:-1","max-image-preview":"max-image-preview:large","max-video-preview":"max-video-preview:-1"},"canonical":"https:\/\/www.lescreationskline.com\/en\/magasiner\/gift-ideas\/accessories\/pretty-buckle-for-babies-and-children-yaune\/","og_locale":"en_US","og_type":"article","og_title":"Pretty Buckle for babies and children yaune - Les Cr\u00e9ations Kline","og_description":"Everything you need to add a little punchy touch to your children. Hair bow for newborn or children. The hair clips are fashion accessories with a clip that hangs on the baby\/children&#8217;s hair. Our baby and toddler hair clips are one size fits all, with a clip, handmade of colorful synthetic leather printed. The hair [&hellip;]","og_url":"https:\/\/www.lescreationskline.com\/en\/magasiner\/gift-ideas\/accessories\/pretty-buckle-for-babies-and-children-yaune\/","og_site_name":"Les Cr\u00e9ations Kline","og_image":[{"width":476,"height":467,"url":"https:\/\/www.lescreationskline.com\/wp-content\/uploads\/2021\/01\/thumbnail_IMG_9656.png","type":"image\/png"}],"schema":{"@context":"https:\/\/schema.org","@graph":[{"@type":"WebPage","@id":"https:\/\/www.lescreationskline.com\/en\/magasiner\/gift-ideas\/accessories\/pretty-buckle-for-babies-and-children-yaune\/","url":"https:\/\/www.lescreationskline.com\/en\/magasiner\/gift-ideas\/accessories\/pretty-buckle-for-babies-and-children-yaune\/","name":"Pretty Buckle for babies and children yaune - Les Cr\u00e9ations Kline","isPartOf":{"@id":"https:\/\/www.lescreationskline.com\/en\/#website"},"primaryImageOfPage":{"@id":"https:\/\/www.lescreationskline.com\/en\/magasiner\/gift-ideas\/accessories\/pretty-buckle-for-babies-and-children-yaune\/#primaryimage"},"image":{"@id":"https:\/\/www.lescreationskline.com\/en\/magasiner\/gift-ideas\/accessories\/pretty-buckle-for-babies-and-children-yaune\/#primaryimage"},"thumbnailUrl":"https:\/\/www.lescreationskline.com\/wp-content\/uploads\/2021\/01\/thumbnail_IMG_9656.png","datePublished":"2021-03-08T19:47:20+00:00","breadcrumb":{"@id":"https:\/\/www.lescreationskline.com\/en\/magasiner\/gift-ideas\/accessories\/pretty-buckle-for-babies-and-children-yaune\/#breadcrumb"},"inLanguage":"en-US","potentialAction":[{"@type":"ReadAction","target":["https:\/\/www.lescreationskline.com\/en\/magasiner\/gift-ideas\/accessories\/pretty-buckle-for-babies-and-children-yaune\/"]}]},{"@type":"ImageObject","inLanguage":"en-US","@id":"https:\/\/www.lescreationskline.com\/en\/magasiner\/gift-ideas\/accessories\/pretty-buckle-for-babies-and-children-yaune\/#primaryimage","url":"https:\/\/www.lescreationskline.com\/wp-content\/uploads\/2021\/01\/thumbnail_IMG_9656.png","contentUrl":"https:\/\/www.lescreationskline.com\/wp-content\/uploads\/2021\/01\/thumbnail_IMG_9656.png","width":476,"height":467},{"@type":"BreadcrumbList","@id":"https:\/\/www.lescreationskline.com\/en\/magasiner\/gift-ideas\/accessories\/pretty-buckle-for-babies-and-children-yaune\/#breadcrumb","itemListElement":[{"@type":"ListItem","position":1,"name":"Accueil","item":"https:\/\/www.lescreationskline.com\/en\/reception\/"},{"@type":"ListItem","position":2,"name":"Shop","item":"https:\/\/www.lescreationskline.com\/en\/shop\/"},{"@type":"ListItem","position":3,"name":"Gift ideas","item":"https:\/\/www.lescreationskline.com\/en\/categorie-produit\/gift-ideas\/"},{"@type":"ListItem","position":4,"name":"Pretty Buckle for babies and children yaune"}]},{"@type":"WebSite","@id":"https:\/\/www.lescreationskline.com\/en\/#website","url":"https:\/\/www.lescreationskline.com\/en\/","name":"Les Cr\u00e9ations Kline","description":"Fabriqu\u00e9s \u00e0 la main","potentialAction":[{"@type":"SearchAction","target":{"@type":"EntryPoint","urlTemplate":"https:\/\/www.lescreationskline.com\/en\/?s={search_term_string}"},"query-input":{"@type":"PropertyValueSpecification","valueRequired":true,"valueName":"search_term_string"}}],"inLanguage":"en-US"}]}},"_links":{"self":[{"href":"https:\/\/www.lescreationskline.com\/en\/wp-json\/wp\/v2\/product\/8035","targetHints":{"allow":["GET"]}}],"collection":[{"href":"https:\/\/www.lescreationskline.com\/en\/wp-json\/wp\/v2\/product"}],"about":[{"href":"https:\/\/www.lescreationskline.com\/en\/wp-json\/wp\/v2\/types\/product"}],"replies":[{"embeddable":true,"href":"https:\/\/www.lescreationskline.com\/en\/wp-json\/wp\/v2\/comments?post=8035"}],"wp:featuredmedia":[{"embeddable":true,"href":"https:\/\/www.lescreationskline.com\/en\/wp-json\/wp\/v2\/media\/7117"}],"wp:attachment":[{"href":"https:\/\/www.lescreationskline.com\/en\/wp-json\/wp\/v2\/media?parent=8035"}],"wp:term":[{"taxonomy":"product_brand","embeddable":true,"href":"https:\/\/www.lescreationskline.com\/en\/wp-json\/wp\/v2\/product_brand?post=8035"},{"taxonomy":"product_cat","embeddable":true,"href":"https:\/\/www.lescreationskline.com\/en\/wp-json\/wp\/v2\/product_cat?post=8035"},{"taxonomy":"product_tag","embeddable":true,"href":"https:\/\/www.lescreationskline.com\/en\/wp-json\/wp\/v2\/product_tag?post=8035"},{"taxonomy":"occasion","embeddable":true,"href":"https:\/\/www.lescreationskline.com\/en\/wp-json\/wp\/v2\/occasion?post=8035"}],"curies":[{"name":"wp","href":"https:\/\/api.w.org\/{rel}","templated":true}]}}