{"id":8008,"date":"2024-04-02T20:02:30","date_gmt":"2024-04-03T00:02:30","guid":{"rendered":"https:\/\/www.lescreationskline.com\/produit\/paw-patrol-t-shirt-customize-sublimation\/"},"modified":"2024-04-02T20:02:30","modified_gmt":"2024-04-03T00:02:30","slug":"paw-patrol-t-shirt-customize-sublimation","status":"publish","type":"product","link":"https:\/\/www.lescreationskline.com\/en\/magasiner\/clothing-for-the-whole-family\/paw-patrol-t-shirt-customize-sublimation\/","title":{"rendered":"Paw Patrol T-SHIRT Customize Sublimation"},"content":{"rendered":"<p>T-shirt La Reine des Neiges \/ Princess Frozen<\/p>\n<p>&#8220;Create your own! Personalized sublimation t-shirt for the whole family!&#8217; <\/p>\n<p>You can add a touch of personalization to your parties with our brand new custom sweaters!  <span class=\"x3nfvp2 x1j61x8r x1fcty0u xdj266r xhhsvwb xat24cr xgzva0m xxymvpz xlup9mm x1kky2od\"><img loading=\"lazy\" decoding=\"async\" class=\"xz74otr\" src=\"https:\/\/static.xx.fbcdn.net\/images\/emoji.php\/v9\/t5\/1\/16\/1f382.png\" alt=\"\ud83c\udf82\" width=\"16\" height=\"16\"><\/span><span class=\"x3nfvp2 x1j61x8r x1fcty0u xdj266r xhhsvwb xat24cr xgzva0m xxymvpz xlup9mm x1kky2od\"><img loading=\"lazy\" decoding=\"async\" class=\"xz74otr\" src=\"https:\/\/static.xx.fbcdn.net\/images\/emoji.php\/v9\/t84\/1\/16\/1f381.png\" alt=\"\ud83c\udf81\" width=\"16\" height=\"16\"><\/span>  Whether it&#8217;s for a birthday, bachelor party, baby shower, or any other special occasion, our custom sweaters are the perfect way to show off your style and personality.<\/p>\n<p>Choose from a range of fun and original designs, or create your own by adding unique messages, photos or designs. With our personalized sweaters, you are sure to make a splash at your next party! <\/p>\n<p>Contact us today to place your order and let us help you create the perfect sweater for your next celebration.  <span class=\"x3nfvp2 x1j61x8r x1fcty0u xdj266r xhhsvwb xat24cr xgzva0m xxymvpz xlup9mm x1kky2od\"><img loading=\"lazy\" decoding=\"async\" class=\"xz74otr\" src=\"https:\/\/static.xx.fbcdn.net\/images\/emoji.php\/v9\/t6d\/1\/16\/1f973.png\" alt=\"\ud83e\udd73\" width=\"16\" height=\"16\"><\/span><span class=\"x3nfvp2 x1j61x8r x1fcty0u xdj266r xhhsvwb xat24cr xgzva0m xxymvpz xlup9mm x1kky2od\"><img loading=\"lazy\" decoding=\"async\" class=\"xz74otr\" src=\"https:\/\/static.xx.fbcdn.net\/images\/emoji.php\/v9\/tec\/1\/16\/1f455.png\" alt=\"\ud83d\udc55\" width=\"16\" height=\"16\"><\/span><\/p>\n<p>Don&#8217;t miss out on this opportunity to make your party even more memorable with our personalized sweaters!  <span class=\"x3nfvp2 x1j61x8r x1fcty0u xdj266r xhhsvwb xat24cr xgzva0m xxymvpz xlup9mm x1kky2od\"><img loading=\"lazy\" decoding=\"async\" class=\"xz74otr\" src=\"https:\/\/static.xx.fbcdn.net\/images\/emoji.php\/v9\/t8c\/1\/16\/1f389.png\" alt=\"\ud83c\udf89\" width=\"16\" height=\"16\"><\/span><span class=\"x3nfvp2 x1j61x8r x1fcty0u xdj266r xhhsvwb xat24cr xgzva0m xxymvpz xlup9mm x1kky2od\"><img loading=\"lazy\" decoding=\"async\" class=\"xz74otr\" src=\"https:\/\/static.xx.fbcdn.net\/images\/emoji.php\/v9\/tb\/1\/16\/1f388.png\" alt=\"\ud83c\udf88\" width=\"16\" height=\"16\"><\/span><\/p>\n<p>If you have a creation, call me to see together the desired design.<\/p>\n<p>NOTE: Remember to book 1-2 weeks in advance.<\/p>\n","protected":false},"excerpt":{"rendered":"<p>T-shirt La Reine des Neiges \/ Princess Frozen &#8220;Create your own! Personalized sublimation t-shirt for the whole family!&#8217; You can add a touch of personalization to your parties with our brand new custom sweaters! Whether it&#8217;s for a birthday, bachelor party, baby shower, or any other special occasion, our custom sweaters are the perfect way [&hellip;]<\/p>\n","protected":false},"featured_media":7579,"comment_status":"open","ping_status":"closed","template":"","meta":{"_et_pb_use_builder":"","_et_pb_old_content":"","_et_gb_content_width":""},"product_brand":[],"product_cat":[1358],"product_tag":[],"occasion":[],"class_list":{"0":"post-8008","1":"product","2":"type-product","3":"status-publish","4":"has-post-thumbnail","6":"product_cat-clothing-for-the-whole-family","7":"product_shipping_class-cp-parcel","9":"first","10":"instock","11":"shipping-taxable","12":"purchasable","13":"product-type-variable"},"yoast_head":"<!-- This site is optimized with the Yoast SEO plugin v27.2 - https:\/\/yoast.com\/product\/yoast-seo-wordpress\/ -->\n<title>Paw Patrol T-SHIRT Customize Sublimation - Les Cr\u00e9ations Kline<\/title>\n<meta name=\"robots\" content=\"index, follow, max-snippet:-1, max-image-preview:large, max-video-preview:-1\" \/>\n<link rel=\"canonical\" href=\"https:\/\/www.lescreationskline.com\/en\/magasiner\/clothing-for-the-whole-family\/paw-patrol-t-shirt-customize-sublimation\/\" \/>\n<meta property=\"og:locale\" content=\"en_US\" \/>\n<meta property=\"og:type\" content=\"article\" \/>\n<meta property=\"og:title\" content=\"Paw Patrol T-SHIRT Customize Sublimation - Les Cr\u00e9ations Kline\" \/>\n<meta property=\"og:description\" content=\"T-shirt La Reine des Neiges \/ Princess Frozen &#8220;Create your own! Personalized sublimation t-shirt for the whole family!&#8217; You can add a touch of personalization to your parties with our brand new custom sweaters! Whether it&#8217;s for a birthday, bachelor party, baby shower, or any other special occasion, our custom sweaters are the perfect way [&hellip;]\" \/>\n<meta property=\"og:url\" content=\"https:\/\/www.lescreationskline.com\/en\/magasiner\/clothing-for-the-whole-family\/paw-patrol-t-shirt-customize-sublimation\/\" \/>\n<meta property=\"og:site_name\" content=\"Les Cr\u00e9ations Kline\" \/>\n<meta property=\"og:image\" content=\"https:\/\/www.lescreationskline.com\/wp-content\/uploads\/2024\/04\/JJayden-2-1024x817.png\" \/>\n\t<meta property=\"og:image:width\" content=\"1024\" \/>\n\t<meta property=\"og:image:height\" content=\"817\" \/>\n\t<meta property=\"og:image:type\" content=\"image\/png\" \/>\n<meta name=\"twitter:label1\" content=\"Est. reading time\" \/>\n\t<meta name=\"twitter:data1\" content=\"1 minute\" \/>\n<script type=\"application\/ld+json\" class=\"yoast-schema-graph\">{\"@context\":\"https:\/\/schema.org\",\"@graph\":[{\"@type\":\"WebPage\",\"@id\":\"https:\/\/www.lescreationskline.com\/en\/magasiner\/clothing-for-the-whole-family\/paw-patrol-t-shirt-customize-sublimation\/\",\"url\":\"https:\/\/www.lescreationskline.com\/en\/magasiner\/clothing-for-the-whole-family\/paw-patrol-t-shirt-customize-sublimation\/\",\"name\":\"Paw Patrol T-SHIRT Customize Sublimation - Les Cr\u00e9ations Kline\",\"isPartOf\":{\"@id\":\"https:\/\/www.lescreationskline.com\/en\/#website\"},\"primaryImageOfPage\":{\"@id\":\"https:\/\/www.lescreationskline.com\/en\/magasiner\/clothing-for-the-whole-family\/paw-patrol-t-shirt-customize-sublimation\/#primaryimage\"},\"image\":{\"@id\":\"https:\/\/www.lescreationskline.com\/en\/magasiner\/clothing-for-the-whole-family\/paw-patrol-t-shirt-customize-sublimation\/#primaryimage\"},\"thumbnailUrl\":\"https:\/\/www.lescreationskline.com\/wp-content\/uploads\/2024\/04\/JJayden-2.png\",\"datePublished\":\"2024-04-03T00:02:30+00:00\",\"breadcrumb\":{\"@id\":\"https:\/\/www.lescreationskline.com\/en\/magasiner\/clothing-for-the-whole-family\/paw-patrol-t-shirt-customize-sublimation\/#breadcrumb\"},\"inLanguage\":\"en-US\",\"potentialAction\":[{\"@type\":\"ReadAction\",\"target\":[\"https:\/\/www.lescreationskline.com\/en\/magasiner\/clothing-for-the-whole-family\/paw-patrol-t-shirt-customize-sublimation\/\"]}]},{\"@type\":\"ImageObject\",\"inLanguage\":\"en-US\",\"@id\":\"https:\/\/www.lescreationskline.com\/en\/magasiner\/clothing-for-the-whole-family\/paw-patrol-t-shirt-customize-sublimation\/#primaryimage\",\"url\":\"https:\/\/www.lescreationskline.com\/wp-content\/uploads\/2024\/04\/JJayden-2.png\",\"contentUrl\":\"https:\/\/www.lescreationskline.com\/wp-content\/uploads\/2024\/04\/JJayden-2.png\",\"width\":1616,\"height\":1289,\"caption\":\"Paw Patrol T-SHIRT Customize Sublimation\"},{\"@type\":\"BreadcrumbList\",\"@id\":\"https:\/\/www.lescreationskline.com\/en\/magasiner\/clothing-for-the-whole-family\/paw-patrol-t-shirt-customize-sublimation\/#breadcrumb\",\"itemListElement\":[{\"@type\":\"ListItem\",\"position\":1,\"name\":\"Accueil\",\"item\":\"https:\/\/www.lescreationskline.com\/en\/reception\/\"},{\"@type\":\"ListItem\",\"position\":2,\"name\":\"Shop\",\"item\":\"https:\/\/www.lescreationskline.com\/en\/shop\/\"},{\"@type\":\"ListItem\",\"position\":3,\"name\":\"Clothing for the whole family\",\"item\":\"https:\/\/www.lescreationskline.com\/en\/categorie-produit\/clothing-for-the-whole-family\/\"},{\"@type\":\"ListItem\",\"position\":4,\"name\":\"Paw Patrol T-SHIRT Customize Sublimation\"}]},{\"@type\":\"WebSite\",\"@id\":\"https:\/\/www.lescreationskline.com\/en\/#website\",\"url\":\"https:\/\/www.lescreationskline.com\/en\/\",\"name\":\"Les Cr\u00e9ations Kline\",\"description\":\"Fabriqu\u00e9s \u00e0 la main\",\"potentialAction\":[{\"@type\":\"SearchAction\",\"target\":{\"@type\":\"EntryPoint\",\"urlTemplate\":\"https:\/\/www.lescreationskline.com\/en\/?s={search_term_string}\"},\"query-input\":{\"@type\":\"PropertyValueSpecification\",\"valueRequired\":true,\"valueName\":\"search_term_string\"}}],\"inLanguage\":\"en-US\"}]}<\/script>\n<!-- \/ Yoast SEO plugin. -->","yoast_head_json":{"title":"Paw Patrol T-SHIRT Customize Sublimation - Les Cr\u00e9ations Kline","robots":{"index":"index","follow":"follow","max-snippet":"max-snippet:-1","max-image-preview":"max-image-preview:large","max-video-preview":"max-video-preview:-1"},"canonical":"https:\/\/www.lescreationskline.com\/en\/magasiner\/clothing-for-the-whole-family\/paw-patrol-t-shirt-customize-sublimation\/","og_locale":"en_US","og_type":"article","og_title":"Paw Patrol T-SHIRT Customize Sublimation - Les Cr\u00e9ations Kline","og_description":"T-shirt La Reine des Neiges \/ Princess Frozen &#8220;Create your own! Personalized sublimation t-shirt for the whole family!&#8217; You can add a touch of personalization to your parties with our brand new custom sweaters! Whether it&#8217;s for a birthday, bachelor party, baby shower, or any other special occasion, our custom sweaters are the perfect way [&hellip;]","og_url":"https:\/\/www.lescreationskline.com\/en\/magasiner\/clothing-for-the-whole-family\/paw-patrol-t-shirt-customize-sublimation\/","og_site_name":"Les Cr\u00e9ations Kline","og_image":[{"width":1024,"height":817,"url":"https:\/\/www.lescreationskline.com\/wp-content\/uploads\/2024\/04\/JJayden-2-1024x817.png","type":"image\/png"}],"twitter_misc":{"Est. reading time":"1 minute"},"schema":{"@context":"https:\/\/schema.org","@graph":[{"@type":"WebPage","@id":"https:\/\/www.lescreationskline.com\/en\/magasiner\/clothing-for-the-whole-family\/paw-patrol-t-shirt-customize-sublimation\/","url":"https:\/\/www.lescreationskline.com\/en\/magasiner\/clothing-for-the-whole-family\/paw-patrol-t-shirt-customize-sublimation\/","name":"Paw Patrol T-SHIRT Customize Sublimation - Les Cr\u00e9ations Kline","isPartOf":{"@id":"https:\/\/www.lescreationskline.com\/en\/#website"},"primaryImageOfPage":{"@id":"https:\/\/www.lescreationskline.com\/en\/magasiner\/clothing-for-the-whole-family\/paw-patrol-t-shirt-customize-sublimation\/#primaryimage"},"image":{"@id":"https:\/\/www.lescreationskline.com\/en\/magasiner\/clothing-for-the-whole-family\/paw-patrol-t-shirt-customize-sublimation\/#primaryimage"},"thumbnailUrl":"https:\/\/www.lescreationskline.com\/wp-content\/uploads\/2024\/04\/JJayden-2.png","datePublished":"2024-04-03T00:02:30+00:00","breadcrumb":{"@id":"https:\/\/www.lescreationskline.com\/en\/magasiner\/clothing-for-the-whole-family\/paw-patrol-t-shirt-customize-sublimation\/#breadcrumb"},"inLanguage":"en-US","potentialAction":[{"@type":"ReadAction","target":["https:\/\/www.lescreationskline.com\/en\/magasiner\/clothing-for-the-whole-family\/paw-patrol-t-shirt-customize-sublimation\/"]}]},{"@type":"ImageObject","inLanguage":"en-US","@id":"https:\/\/www.lescreationskline.com\/en\/magasiner\/clothing-for-the-whole-family\/paw-patrol-t-shirt-customize-sublimation\/#primaryimage","url":"https:\/\/www.lescreationskline.com\/wp-content\/uploads\/2024\/04\/JJayden-2.png","contentUrl":"https:\/\/www.lescreationskline.com\/wp-content\/uploads\/2024\/04\/JJayden-2.png","width":1616,"height":1289,"caption":"Paw Patrol T-SHIRT Customize Sublimation"},{"@type":"BreadcrumbList","@id":"https:\/\/www.lescreationskline.com\/en\/magasiner\/clothing-for-the-whole-family\/paw-patrol-t-shirt-customize-sublimation\/#breadcrumb","itemListElement":[{"@type":"ListItem","position":1,"name":"Accueil","item":"https:\/\/www.lescreationskline.com\/en\/reception\/"},{"@type":"ListItem","position":2,"name":"Shop","item":"https:\/\/www.lescreationskline.com\/en\/shop\/"},{"@type":"ListItem","position":3,"name":"Clothing for the whole family","item":"https:\/\/www.lescreationskline.com\/en\/categorie-produit\/clothing-for-the-whole-family\/"},{"@type":"ListItem","position":4,"name":"Paw Patrol T-SHIRT Customize Sublimation"}]},{"@type":"WebSite","@id":"https:\/\/www.lescreationskline.com\/en\/#website","url":"https:\/\/www.lescreationskline.com\/en\/","name":"Les Cr\u00e9ations Kline","description":"Fabriqu\u00e9s \u00e0 la main","potentialAction":[{"@type":"SearchAction","target":{"@type":"EntryPoint","urlTemplate":"https:\/\/www.lescreationskline.com\/en\/?s={search_term_string}"},"query-input":{"@type":"PropertyValueSpecification","valueRequired":true,"valueName":"search_term_string"}}],"inLanguage":"en-US"}]}},"_links":{"self":[{"href":"https:\/\/www.lescreationskline.com\/en\/wp-json\/wp\/v2\/product\/8008","targetHints":{"allow":["GET"]}}],"collection":[{"href":"https:\/\/www.lescreationskline.com\/en\/wp-json\/wp\/v2\/product"}],"about":[{"href":"https:\/\/www.lescreationskline.com\/en\/wp-json\/wp\/v2\/types\/product"}],"replies":[{"embeddable":true,"href":"https:\/\/www.lescreationskline.com\/en\/wp-json\/wp\/v2\/comments?post=8008"}],"wp:featuredmedia":[{"embeddable":true,"href":"https:\/\/www.lescreationskline.com\/en\/wp-json\/wp\/v2\/media\/7579"}],"wp:attachment":[{"href":"https:\/\/www.lescreationskline.com\/en\/wp-json\/wp\/v2\/media?parent=8008"}],"wp:term":[{"taxonomy":"product_brand","embeddable":true,"href":"https:\/\/www.lescreationskline.com\/en\/wp-json\/wp\/v2\/product_brand?post=8008"},{"taxonomy":"product_cat","embeddable":true,"href":"https:\/\/www.lescreationskline.com\/en\/wp-json\/wp\/v2\/product_cat?post=8008"},{"taxonomy":"product_tag","embeddable":true,"href":"https:\/\/www.lescreationskline.com\/en\/wp-json\/wp\/v2\/product_tag?post=8008"},{"taxonomy":"occasion","embeddable":true,"href":"https:\/\/www.lescreationskline.com\/en\/wp-json\/wp\/v2\/occasion?post=8008"}],"curies":[{"name":"wp","href":"https:\/\/api.w.org\/{rel}","templated":true}]}}