{"id":7995,"date":"2023-07-10T11:48:25","date_gmt":"2023-07-10T15:48:25","guid":{"rendered":"https:\/\/www.lescreationskline.com\/produit\/personalized-princess-mirada-cake-topper\/"},"modified":"2023-07-10T11:48:25","modified_gmt":"2023-07-10T15:48:25","slug":"personalized-princess-mirada-cake-topper","status":"publish","type":"product","link":"https:\/\/www.lescreationskline.com\/en\/magasiner\/personalized-cake-topper\/personalized-princess-mirada-cake-topper\/","title":{"rendered":"Personalized Princess Mirada Cake Topper!"},"content":{"rendered":"<p>\ud83c\udf89 Personalized Mirada Princess Cake Topper! \ud83d\udc51\u2728 <\/p>\n<p>We are delighted to introduce you to our brand new personalized Princess Mirada Cake Topper! Make your little princess&#8217; special day shine by adding a personal touch to her birthday cake. \u2728\ud83c\udf82  <\/p>\n<p>With our personalized Princess Mirada Cake Topper, create a unique and magical souvenir to complete the decoration of her cake. Imagine her face light up with joy as she sees the beautiful Princess Mirada enthroned at the top of her cake! \ud83d\udc78\ud83d\udc96  <\/p>\n<p>Order your personalized Princess Mirada Cake Topper now on our website and get ready for an enchanted party filled with memorable moments. Give your little princess a birthday celebration she&#8217;ll cherish forever! \u2728\ud83c\udf89  <\/p>\n","protected":false},"excerpt":{"rendered":"<p>\ud83c\udf89 Personalized Mirada Princess Cake Topper! \ud83d\udc51\u2728 We are delighted to introduce you to our brand new personalized Princess Mirada Cake Topper! Make your little princess&#8217; special day shine by adding a personal touch to her birthday cake. \u2728\ud83c\udf82 With our personalized Princess Mirada Cake Topper, create a unique and magical souvenir to complete the [&hellip;]<\/p>\n","protected":false},"featured_media":7543,"comment_status":"open","ping_status":"closed","template":"","meta":{"_et_pb_use_builder":"","_et_pb_old_content":"","_et_gb_content_width":""},"product_brand":[],"product_cat":[1150,1148],"product_tag":[],"occasion":[],"class_list":{"0":"post-7995","1":"product","2":"type-product","3":"status-publish","4":"has-post-thumbnail","6":"product_cat-celebrations-events","7":"product_cat-personalized-cake-topper","8":"product_shipping_class-cp-parcel","10":"first","11":"instock","12":"shipping-taxable","13":"purchasable","14":"product-type-simple"},"yoast_head":"<!-- This site is optimized with the Yoast SEO plugin v27.2 - https:\/\/yoast.com\/product\/yoast-seo-wordpress\/ -->\n<title>Personalized Princess Mirada Cake Topper! - Les Cr\u00e9ations Kline<\/title>\n<meta name=\"description\" content=\"&quot;Add a touch of magic and wonder to your little princess&#039; birthday with our personalized Princess Mirada Cake Topper.\" \/>\n<meta name=\"robots\" content=\"index, follow, max-snippet:-1, max-image-preview:large, max-video-preview:-1\" \/>\n<link rel=\"canonical\" href=\"https:\/\/www.lescreationskline.com\/en\/magasiner\/personalized-cake-topper\/personalized-princess-mirada-cake-topper\/\" \/>\n<meta property=\"og:locale\" content=\"en_US\" \/>\n<meta property=\"og:type\" content=\"article\" \/>\n<meta property=\"og:title\" content=\"Personalized Princess Mirada Cake Topper! - Les Cr\u00e9ations Kline\" \/>\n<meta property=\"og:description\" content=\"&quot;Add a touch of magic and wonder to your little princess&#039; birthday with our personalized Princess Mirada Cake Topper.\" \/>\n<meta property=\"og:url\" content=\"https:\/\/www.lescreationskline.com\/en\/magasiner\/personalized-cake-topper\/personalized-princess-mirada-cake-topper\/\" \/>\n<meta property=\"og:site_name\" content=\"Les Cr\u00e9ations Kline\" \/>\n<meta property=\"og:image\" content=\"https:\/\/www.lescreationskline.com\/wp-content\/uploads\/2023\/06\/PRINCESS-MIRDA.png\" \/>\n\t<meta property=\"og:image:width\" content=\"1080\" \/>\n\t<meta property=\"og:image:height\" content=\"1080\" \/>\n\t<meta property=\"og:image:type\" content=\"image\/png\" \/>\n<meta name=\"twitter:label1\" content=\"Est. reading time\" \/>\n\t<meta name=\"twitter:data1\" content=\"1 minute\" \/>\n<script type=\"application\/ld+json\" class=\"yoast-schema-graph\">{\"@context\":\"https:\/\/schema.org\",\"@graph\":[{\"@type\":\"WebPage\",\"@id\":\"https:\/\/www.lescreationskline.com\/en\/magasiner\/personalized-cake-topper\/personalized-princess-mirada-cake-topper\/\",\"url\":\"https:\/\/www.lescreationskline.com\/en\/magasiner\/personalized-cake-topper\/personalized-princess-mirada-cake-topper\/\",\"name\":\"Personalized Princess Mirada Cake Topper! - Les Cr\u00e9ations Kline\",\"isPartOf\":{\"@id\":\"https:\/\/www.lescreationskline.com\/en\/#website\"},\"primaryImageOfPage\":{\"@id\":\"https:\/\/www.lescreationskline.com\/en\/magasiner\/personalized-cake-topper\/personalized-princess-mirada-cake-topper\/#primaryimage\"},\"image\":{\"@id\":\"https:\/\/www.lescreationskline.com\/en\/magasiner\/personalized-cake-topper\/personalized-princess-mirada-cake-topper\/#primaryimage\"},\"thumbnailUrl\":\"https:\/\/www.lescreationskline.com\/wp-content\/uploads\/2023\/06\/PRINCESS-MIRDA.png\",\"datePublished\":\"2023-07-10T15:48:25+00:00\",\"description\":\"\\\"Add a touch of magic and wonder to your little princess' birthday with our personalized Princess Mirada Cake Topper.\",\"breadcrumb\":{\"@id\":\"https:\/\/www.lescreationskline.com\/en\/magasiner\/personalized-cake-topper\/personalized-princess-mirada-cake-topper\/#breadcrumb\"},\"inLanguage\":\"en-US\",\"potentialAction\":[{\"@type\":\"ReadAction\",\"target\":[\"https:\/\/www.lescreationskline.com\/en\/magasiner\/personalized-cake-topper\/personalized-princess-mirada-cake-topper\/\"]}]},{\"@type\":\"ImageObject\",\"inLanguage\":\"en-US\",\"@id\":\"https:\/\/www.lescreationskline.com\/en\/magasiner\/personalized-cake-topper\/personalized-princess-mirada-cake-topper\/#primaryimage\",\"url\":\"https:\/\/www.lescreationskline.com\/wp-content\/uploads\/2023\/06\/PRINCESS-MIRDA.png\",\"contentUrl\":\"https:\/\/www.lescreationskline.com\/wp-content\/uploads\/2023\/06\/PRINCESS-MIRDA.png\",\"width\":1080,\"height\":1080,\"caption\":\"Personalized Princess Mirada Cake Topper!\"},{\"@type\":\"BreadcrumbList\",\"@id\":\"https:\/\/www.lescreationskline.com\/en\/magasiner\/personalized-cake-topper\/personalized-princess-mirada-cake-topper\/#breadcrumb\",\"itemListElement\":[{\"@type\":\"ListItem\",\"position\":1,\"name\":\"Accueil\",\"item\":\"https:\/\/www.lescreationskline.com\/en\/reception\/\"},{\"@type\":\"ListItem\",\"position\":2,\"name\":\"Shop\",\"item\":\"https:\/\/www.lescreationskline.com\/en\/shop\/\"},{\"@type\":\"ListItem\",\"position\":3,\"name\":\"Celebrations &amp; Events\",\"item\":\"https:\/\/www.lescreationskline.com\/en\/categorie-produit\/celebrations-events\/\"},{\"@type\":\"ListItem\",\"position\":4,\"name\":\"Personalized Princess Mirada Cake Topper!\"}]},{\"@type\":\"WebSite\",\"@id\":\"https:\/\/www.lescreationskline.com\/en\/#website\",\"url\":\"https:\/\/www.lescreationskline.com\/en\/\",\"name\":\"Les Cr\u00e9ations Kline\",\"description\":\"Fabriqu\u00e9s \u00e0 la main\",\"potentialAction\":[{\"@type\":\"SearchAction\",\"target\":{\"@type\":\"EntryPoint\",\"urlTemplate\":\"https:\/\/www.lescreationskline.com\/en\/?s={search_term_string}\"},\"query-input\":{\"@type\":\"PropertyValueSpecification\",\"valueRequired\":true,\"valueName\":\"search_term_string\"}}],\"inLanguage\":\"en-US\"}]}<\/script>\n<!-- \/ Yoast SEO plugin. -->","yoast_head_json":{"title":"Personalized Princess Mirada Cake Topper! - Les Cr\u00e9ations Kline","description":"\"Add a touch of magic and wonder to your little princess' birthday with our personalized Princess Mirada Cake Topper.","robots":{"index":"index","follow":"follow","max-snippet":"max-snippet:-1","max-image-preview":"max-image-preview:large","max-video-preview":"max-video-preview:-1"},"canonical":"https:\/\/www.lescreationskline.com\/en\/magasiner\/personalized-cake-topper\/personalized-princess-mirada-cake-topper\/","og_locale":"en_US","og_type":"article","og_title":"Personalized Princess Mirada Cake Topper! - Les Cr\u00e9ations Kline","og_description":"\"Add a touch of magic and wonder to your little princess' birthday with our personalized Princess Mirada Cake Topper.","og_url":"https:\/\/www.lescreationskline.com\/en\/magasiner\/personalized-cake-topper\/personalized-princess-mirada-cake-topper\/","og_site_name":"Les Cr\u00e9ations Kline","og_image":[{"width":1080,"height":1080,"url":"https:\/\/www.lescreationskline.com\/wp-content\/uploads\/2023\/06\/PRINCESS-MIRDA.png","type":"image\/png"}],"twitter_misc":{"Est. reading time":"1 minute"},"schema":{"@context":"https:\/\/schema.org","@graph":[{"@type":"WebPage","@id":"https:\/\/www.lescreationskline.com\/en\/magasiner\/personalized-cake-topper\/personalized-princess-mirada-cake-topper\/","url":"https:\/\/www.lescreationskline.com\/en\/magasiner\/personalized-cake-topper\/personalized-princess-mirada-cake-topper\/","name":"Personalized Princess Mirada Cake Topper! - Les Cr\u00e9ations Kline","isPartOf":{"@id":"https:\/\/www.lescreationskline.com\/en\/#website"},"primaryImageOfPage":{"@id":"https:\/\/www.lescreationskline.com\/en\/magasiner\/personalized-cake-topper\/personalized-princess-mirada-cake-topper\/#primaryimage"},"image":{"@id":"https:\/\/www.lescreationskline.com\/en\/magasiner\/personalized-cake-topper\/personalized-princess-mirada-cake-topper\/#primaryimage"},"thumbnailUrl":"https:\/\/www.lescreationskline.com\/wp-content\/uploads\/2023\/06\/PRINCESS-MIRDA.png","datePublished":"2023-07-10T15:48:25+00:00","description":"\"Add a touch of magic and wonder to your little princess' birthday with our personalized Princess Mirada Cake Topper.","breadcrumb":{"@id":"https:\/\/www.lescreationskline.com\/en\/magasiner\/personalized-cake-topper\/personalized-princess-mirada-cake-topper\/#breadcrumb"},"inLanguage":"en-US","potentialAction":[{"@type":"ReadAction","target":["https:\/\/www.lescreationskline.com\/en\/magasiner\/personalized-cake-topper\/personalized-princess-mirada-cake-topper\/"]}]},{"@type":"ImageObject","inLanguage":"en-US","@id":"https:\/\/www.lescreationskline.com\/en\/magasiner\/personalized-cake-topper\/personalized-princess-mirada-cake-topper\/#primaryimage","url":"https:\/\/www.lescreationskline.com\/wp-content\/uploads\/2023\/06\/PRINCESS-MIRDA.png","contentUrl":"https:\/\/www.lescreationskline.com\/wp-content\/uploads\/2023\/06\/PRINCESS-MIRDA.png","width":1080,"height":1080,"caption":"Personalized Princess Mirada Cake Topper!"},{"@type":"BreadcrumbList","@id":"https:\/\/www.lescreationskline.com\/en\/magasiner\/personalized-cake-topper\/personalized-princess-mirada-cake-topper\/#breadcrumb","itemListElement":[{"@type":"ListItem","position":1,"name":"Accueil","item":"https:\/\/www.lescreationskline.com\/en\/reception\/"},{"@type":"ListItem","position":2,"name":"Shop","item":"https:\/\/www.lescreationskline.com\/en\/shop\/"},{"@type":"ListItem","position":3,"name":"Celebrations &amp; Events","item":"https:\/\/www.lescreationskline.com\/en\/categorie-produit\/celebrations-events\/"},{"@type":"ListItem","position":4,"name":"Personalized Princess Mirada Cake Topper!"}]},{"@type":"WebSite","@id":"https:\/\/www.lescreationskline.com\/en\/#website","url":"https:\/\/www.lescreationskline.com\/en\/","name":"Les Cr\u00e9ations Kline","description":"Fabriqu\u00e9s \u00e0 la main","potentialAction":[{"@type":"SearchAction","target":{"@type":"EntryPoint","urlTemplate":"https:\/\/www.lescreationskline.com\/en\/?s={search_term_string}"},"query-input":{"@type":"PropertyValueSpecification","valueRequired":true,"valueName":"search_term_string"}}],"inLanguage":"en-US"}]}},"_links":{"self":[{"href":"https:\/\/www.lescreationskline.com\/en\/wp-json\/wp\/v2\/product\/7995","targetHints":{"allow":["GET"]}}],"collection":[{"href":"https:\/\/www.lescreationskline.com\/en\/wp-json\/wp\/v2\/product"}],"about":[{"href":"https:\/\/www.lescreationskline.com\/en\/wp-json\/wp\/v2\/types\/product"}],"replies":[{"embeddable":true,"href":"https:\/\/www.lescreationskline.com\/en\/wp-json\/wp\/v2\/comments?post=7995"}],"wp:featuredmedia":[{"embeddable":true,"href":"https:\/\/www.lescreationskline.com\/en\/wp-json\/wp\/v2\/media\/7543"}],"wp:attachment":[{"href":"https:\/\/www.lescreationskline.com\/en\/wp-json\/wp\/v2\/media?parent=7995"}],"wp:term":[{"taxonomy":"product_brand","embeddable":true,"href":"https:\/\/www.lescreationskline.com\/en\/wp-json\/wp\/v2\/product_brand?post=7995"},{"taxonomy":"product_cat","embeddable":true,"href":"https:\/\/www.lescreationskline.com\/en\/wp-json\/wp\/v2\/product_cat?post=7995"},{"taxonomy":"product_tag","embeddable":true,"href":"https:\/\/www.lescreationskline.com\/en\/wp-json\/wp\/v2\/product_tag?post=7995"},{"taxonomy":"occasion","embeddable":true,"href":"https:\/\/www.lescreationskline.com\/en\/wp-json\/wp\/v2\/occasion?post=7995"}],"curies":[{"name":"wp","href":"https:\/\/api.w.org\/{rel}","templated":true}]}}