{"id":7984,"date":"2023-06-29T16:51:24","date_gmt":"2023-06-29T20:51:24","guid":{"rendered":"https:\/\/www.lescreationskline.com\/produit\/personalized-princess-mirda-cake-topper\/"},"modified":"2023-06-29T16:51:24","modified_gmt":"2023-06-29T20:51:24","slug":"personalized-princess-mirda-cake-topper","status":"publish","type":"product","link":"https:\/\/www.lescreationskline.com\/en\/magasiner\/personalized-cake-topper\/personalized-princess-mirda-cake-topper\/","title":{"rendered":"Personalized Princess Mirda cake topper"},"content":{"rendered":"<p>Marvel with our personalized Princess Mirada Cake Toppers, a magical collection that will give your birthday cake or any other event a royal and enchanted touch!<\/p>\n<p>Our Cake Toppers are meticulously designed to capture all the elegance and grace of Princess Mirada. Every detail is carefully crafted to create an exceptional decoration that will make the eyes of all guests sparkle. <\/p>\n<p>Personalise your Princess Mirada Cake Topper with the name or age of the special person to be honoured, for a personal touch that will make your cake truly unique. Choose from a variety of colors, styles, and materials to perfectly match your topper to your event aesthetic. <\/p>\n<p>Whether it&#8217;s for a birthday, baby shower, wedding or any other celebration, our personalised Cake Toppers are the perfect way to bring out the magic and elegance of your event.<\/p>\n<p>Order your personalized Princess Mirada Cake Topper today and create an unforgettable moment for you and your guests. Don&#8217;t miss this opportunity to make your cake shine and make your celebration even more special! <\/p>\n","protected":false},"excerpt":{"rendered":"<p>Marvel with our personalized Princess Mirada Cake Toppers, a magical collection that will give your birthday cake or any other event a royal and enchanted touch! Our Cake Toppers are meticulously designed to capture all the elegance and grace of Princess Mirada. Every detail is carefully crafted to create an exceptional decoration that will make [&hellip;]<\/p>\n","protected":false},"featured_media":7543,"comment_status":"open","ping_status":"closed","template":"","meta":{"_et_pb_use_builder":"","_et_pb_old_content":"","_et_gb_content_width":""},"product_brand":[],"product_cat":[1150,1148],"product_tag":[],"occasion":[],"class_list":{"0":"post-7984","1":"product","2":"type-product","3":"status-publish","4":"has-post-thumbnail","6":"product_cat-celebrations-events","7":"product_cat-personalized-cake-topper","9":"first","10":"instock","11":"shipping-taxable","12":"purchasable","13":"product-type-simple"},"yoast_head":"<!-- This site is optimized with the Yoast SEO plugin v27.2 - https:\/\/yoast.com\/product\/yoast-seo-wordpress\/ -->\n<title>Personalized Princess Mirda cake topper - Les Cr\u00e9ations Kline<\/title>\n<meta name=\"description\" content=\"Enhance your cake with our personalized Princess Mirada Cake Topper, a royal and enchanted touch for your celebration!\" \/>\n<meta name=\"robots\" content=\"index, follow, max-snippet:-1, max-image-preview:large, max-video-preview:-1\" \/>\n<link rel=\"canonical\" href=\"https:\/\/www.lescreationskline.com\/en\/magasiner\/personalized-cake-topper\/personalized-princess-mirda-cake-topper\/\" \/>\n<meta property=\"og:locale\" content=\"en_US\" \/>\n<meta property=\"og:type\" content=\"article\" \/>\n<meta property=\"og:title\" content=\"Personalized Princess Mirda cake topper - Les Cr\u00e9ations Kline\" \/>\n<meta property=\"og:description\" content=\"Enhance your cake with our personalized Princess Mirada Cake Topper, a royal and enchanted touch for your celebration!\" \/>\n<meta property=\"og:url\" content=\"https:\/\/www.lescreationskline.com\/en\/magasiner\/personalized-cake-topper\/personalized-princess-mirda-cake-topper\/\" \/>\n<meta property=\"og:site_name\" content=\"Les Cr\u00e9ations Kline\" \/>\n<meta property=\"og:image\" content=\"https:\/\/www.lescreationskline.com\/wp-content\/uploads\/2023\/06\/PRINCESS-MIRDA.png\" \/>\n\t<meta property=\"og:image:width\" content=\"1080\" \/>\n\t<meta property=\"og:image:height\" content=\"1080\" \/>\n\t<meta property=\"og:image:type\" content=\"image\/png\" \/>\n<meta name=\"twitter:label1\" content=\"Est. reading time\" \/>\n\t<meta name=\"twitter:data1\" content=\"1 minute\" \/>\n<script type=\"application\/ld+json\" class=\"yoast-schema-graph\">{\"@context\":\"https:\/\/schema.org\",\"@graph\":[{\"@type\":\"WebPage\",\"@id\":\"https:\/\/www.lescreationskline.com\/en\/magasiner\/personalized-cake-topper\/personalized-princess-mirda-cake-topper\/\",\"url\":\"https:\/\/www.lescreationskline.com\/en\/magasiner\/personalized-cake-topper\/personalized-princess-mirda-cake-topper\/\",\"name\":\"Personalized Princess Mirda cake topper - Les Cr\u00e9ations Kline\",\"isPartOf\":{\"@id\":\"https:\/\/www.lescreationskline.com\/en\/#website\"},\"primaryImageOfPage\":{\"@id\":\"https:\/\/www.lescreationskline.com\/en\/magasiner\/personalized-cake-topper\/personalized-princess-mirda-cake-topper\/#primaryimage\"},\"image\":{\"@id\":\"https:\/\/www.lescreationskline.com\/en\/magasiner\/personalized-cake-topper\/personalized-princess-mirda-cake-topper\/#primaryimage\"},\"thumbnailUrl\":\"https:\/\/www.lescreationskline.com\/wp-content\/uploads\/2023\/06\/PRINCESS-MIRDA.png\",\"datePublished\":\"2023-06-29T20:51:24+00:00\",\"description\":\"Enhance your cake with our personalized Princess Mirada Cake Topper, a royal and enchanted touch for your celebration!\",\"breadcrumb\":{\"@id\":\"https:\/\/www.lescreationskline.com\/en\/magasiner\/personalized-cake-topper\/personalized-princess-mirda-cake-topper\/#breadcrumb\"},\"inLanguage\":\"en-US\",\"potentialAction\":[{\"@type\":\"ReadAction\",\"target\":[\"https:\/\/www.lescreationskline.com\/en\/magasiner\/personalized-cake-topper\/personalized-princess-mirda-cake-topper\/\"]}]},{\"@type\":\"ImageObject\",\"inLanguage\":\"en-US\",\"@id\":\"https:\/\/www.lescreationskline.com\/en\/magasiner\/personalized-cake-topper\/personalized-princess-mirda-cake-topper\/#primaryimage\",\"url\":\"https:\/\/www.lescreationskline.com\/wp-content\/uploads\/2023\/06\/PRINCESS-MIRDA.png\",\"contentUrl\":\"https:\/\/www.lescreationskline.com\/wp-content\/uploads\/2023\/06\/PRINCESS-MIRDA.png\",\"width\":1080,\"height\":1080,\"caption\":\"Personalized Princess Mirada Cake Topper!\"},{\"@type\":\"BreadcrumbList\",\"@id\":\"https:\/\/www.lescreationskline.com\/en\/magasiner\/personalized-cake-topper\/personalized-princess-mirda-cake-topper\/#breadcrumb\",\"itemListElement\":[{\"@type\":\"ListItem\",\"position\":1,\"name\":\"Accueil\",\"item\":\"https:\/\/www.lescreationskline.com\/en\/reception\/\"},{\"@type\":\"ListItem\",\"position\":2,\"name\":\"Shop\",\"item\":\"https:\/\/www.lescreationskline.com\/en\/shop\/\"},{\"@type\":\"ListItem\",\"position\":3,\"name\":\"Celebrations &amp; Events\",\"item\":\"https:\/\/www.lescreationskline.com\/en\/categorie-produit\/celebrations-events\/\"},{\"@type\":\"ListItem\",\"position\":4,\"name\":\"Personalized Princess Mirda cake topper\"}]},{\"@type\":\"WebSite\",\"@id\":\"https:\/\/www.lescreationskline.com\/en\/#website\",\"url\":\"https:\/\/www.lescreationskline.com\/en\/\",\"name\":\"Les Cr\u00e9ations Kline\",\"description\":\"Fabriqu\u00e9s \u00e0 la main\",\"potentialAction\":[{\"@type\":\"SearchAction\",\"target\":{\"@type\":\"EntryPoint\",\"urlTemplate\":\"https:\/\/www.lescreationskline.com\/en\/?s={search_term_string}\"},\"query-input\":{\"@type\":\"PropertyValueSpecification\",\"valueRequired\":true,\"valueName\":\"search_term_string\"}}],\"inLanguage\":\"en-US\"}]}<\/script>\n<!-- \/ Yoast SEO plugin. -->","yoast_head_json":{"title":"Personalized Princess Mirda cake topper - Les Cr\u00e9ations Kline","description":"Enhance your cake with our personalized Princess Mirada Cake Topper, a royal and enchanted touch for your celebration!","robots":{"index":"index","follow":"follow","max-snippet":"max-snippet:-1","max-image-preview":"max-image-preview:large","max-video-preview":"max-video-preview:-1"},"canonical":"https:\/\/www.lescreationskline.com\/en\/magasiner\/personalized-cake-topper\/personalized-princess-mirda-cake-topper\/","og_locale":"en_US","og_type":"article","og_title":"Personalized Princess Mirda cake topper - Les Cr\u00e9ations Kline","og_description":"Enhance your cake with our personalized Princess Mirada Cake Topper, a royal and enchanted touch for your celebration!","og_url":"https:\/\/www.lescreationskline.com\/en\/magasiner\/personalized-cake-topper\/personalized-princess-mirda-cake-topper\/","og_site_name":"Les Cr\u00e9ations Kline","og_image":[{"width":1080,"height":1080,"url":"https:\/\/www.lescreationskline.com\/wp-content\/uploads\/2023\/06\/PRINCESS-MIRDA.png","type":"image\/png"}],"twitter_misc":{"Est. reading time":"1 minute"},"schema":{"@context":"https:\/\/schema.org","@graph":[{"@type":"WebPage","@id":"https:\/\/www.lescreationskline.com\/en\/magasiner\/personalized-cake-topper\/personalized-princess-mirda-cake-topper\/","url":"https:\/\/www.lescreationskline.com\/en\/magasiner\/personalized-cake-topper\/personalized-princess-mirda-cake-topper\/","name":"Personalized Princess Mirda cake topper - Les Cr\u00e9ations Kline","isPartOf":{"@id":"https:\/\/www.lescreationskline.com\/en\/#website"},"primaryImageOfPage":{"@id":"https:\/\/www.lescreationskline.com\/en\/magasiner\/personalized-cake-topper\/personalized-princess-mirda-cake-topper\/#primaryimage"},"image":{"@id":"https:\/\/www.lescreationskline.com\/en\/magasiner\/personalized-cake-topper\/personalized-princess-mirda-cake-topper\/#primaryimage"},"thumbnailUrl":"https:\/\/www.lescreationskline.com\/wp-content\/uploads\/2023\/06\/PRINCESS-MIRDA.png","datePublished":"2023-06-29T20:51:24+00:00","description":"Enhance your cake with our personalized Princess Mirada Cake Topper, a royal and enchanted touch for your celebration!","breadcrumb":{"@id":"https:\/\/www.lescreationskline.com\/en\/magasiner\/personalized-cake-topper\/personalized-princess-mirda-cake-topper\/#breadcrumb"},"inLanguage":"en-US","potentialAction":[{"@type":"ReadAction","target":["https:\/\/www.lescreationskline.com\/en\/magasiner\/personalized-cake-topper\/personalized-princess-mirda-cake-topper\/"]}]},{"@type":"ImageObject","inLanguage":"en-US","@id":"https:\/\/www.lescreationskline.com\/en\/magasiner\/personalized-cake-topper\/personalized-princess-mirda-cake-topper\/#primaryimage","url":"https:\/\/www.lescreationskline.com\/wp-content\/uploads\/2023\/06\/PRINCESS-MIRDA.png","contentUrl":"https:\/\/www.lescreationskline.com\/wp-content\/uploads\/2023\/06\/PRINCESS-MIRDA.png","width":1080,"height":1080,"caption":"Personalized Princess Mirada Cake Topper!"},{"@type":"BreadcrumbList","@id":"https:\/\/www.lescreationskline.com\/en\/magasiner\/personalized-cake-topper\/personalized-princess-mirda-cake-topper\/#breadcrumb","itemListElement":[{"@type":"ListItem","position":1,"name":"Accueil","item":"https:\/\/www.lescreationskline.com\/en\/reception\/"},{"@type":"ListItem","position":2,"name":"Shop","item":"https:\/\/www.lescreationskline.com\/en\/shop\/"},{"@type":"ListItem","position":3,"name":"Celebrations &amp; Events","item":"https:\/\/www.lescreationskline.com\/en\/categorie-produit\/celebrations-events\/"},{"@type":"ListItem","position":4,"name":"Personalized Princess Mirda cake topper"}]},{"@type":"WebSite","@id":"https:\/\/www.lescreationskline.com\/en\/#website","url":"https:\/\/www.lescreationskline.com\/en\/","name":"Les Cr\u00e9ations Kline","description":"Fabriqu\u00e9s \u00e0 la main","potentialAction":[{"@type":"SearchAction","target":{"@type":"EntryPoint","urlTemplate":"https:\/\/www.lescreationskline.com\/en\/?s={search_term_string}"},"query-input":{"@type":"PropertyValueSpecification","valueRequired":true,"valueName":"search_term_string"}}],"inLanguage":"en-US"}]}},"_links":{"self":[{"href":"https:\/\/www.lescreationskline.com\/en\/wp-json\/wp\/v2\/product\/7984","targetHints":{"allow":["GET"]}}],"collection":[{"href":"https:\/\/www.lescreationskline.com\/en\/wp-json\/wp\/v2\/product"}],"about":[{"href":"https:\/\/www.lescreationskline.com\/en\/wp-json\/wp\/v2\/types\/product"}],"replies":[{"embeddable":true,"href":"https:\/\/www.lescreationskline.com\/en\/wp-json\/wp\/v2\/comments?post=7984"}],"wp:featuredmedia":[{"embeddable":true,"href":"https:\/\/www.lescreationskline.com\/en\/wp-json\/wp\/v2\/media\/7543"}],"wp:attachment":[{"href":"https:\/\/www.lescreationskline.com\/en\/wp-json\/wp\/v2\/media?parent=7984"}],"wp:term":[{"taxonomy":"product_brand","embeddable":true,"href":"https:\/\/www.lescreationskline.com\/en\/wp-json\/wp\/v2\/product_brand?post=7984"},{"taxonomy":"product_cat","embeddable":true,"href":"https:\/\/www.lescreationskline.com\/en\/wp-json\/wp\/v2\/product_cat?post=7984"},{"taxonomy":"product_tag","embeddable":true,"href":"https:\/\/www.lescreationskline.com\/en\/wp-json\/wp\/v2\/product_tag?post=7984"},{"taxonomy":"occasion","embeddable":true,"href":"https:\/\/www.lescreationskline.com\/en\/wp-json\/wp\/v2\/occasion?post=7984"}],"curies":[{"name":"wp","href":"https:\/\/api.w.org\/{rel}","templated":true}]}}