{"id":7954,"date":"2025-07-19T14:08:38","date_gmt":"2025-07-19T18:08:38","guid":{"rendered":"https:\/\/www.lescreationskline.com\/produit\/topper-pour-gateaus-en-forme-de-cupcake\/"},"modified":"2025-08-20T11:59:14","modified_gmt":"2025-08-20T15:59:14","slug":"topper-pour-gateaus-en-forme-de-cupcake","status":"publish","type":"product","link":"https:\/\/www.lescreationskline.com\/en\/magasiner\/celebrations-events\/topper-pour-gateaus-en-forme-de-cupcake\/","title":{"rendered":"Topper pour g\u00e2teau en forme de Cupcake"},"content":{"rendered":"<p data-start=\"0\" data-end=\"280\">Topper pour g\u00e2teau en forme de Cupcake<\/p>\n<p data-start=\"0\" data-end=\"280\">\ud83c\udf89 <strong data-start=\"3\" data-end=\"69\">Add a sweet and sparkly touch to your celebrations!<\/strong> \ud83e\uddc1<br data-start=\"72\" data-end=\"75\">Discover our stunning <strong data-start=\"98\" data-end=\"134\">Cupcake-shaped Cake Toppers<\/strong>, completely <strong data-start=\"148\" data-end=\"167\" data-is-only-node=\"\">handmade<\/strong> with love \ud83d\udc96, made of <strong data-start=\"186\" data-end=\"204\">glitter vinyl<\/strong> and <strong data-start=\"208\" data-end=\"230\">rigid foam paper<\/strong> for a shiny, strong and durable finish.<\/p>\n<p data-start=\"282\" data-end=\"413\">\u2728 Available in several vibrant colors<br data-start=\"328\" data-end=\"331\">\ud83c\udf52 Embossed cherry and shiny details<br data-start=\"371\" data-end=\"374\">\ud83c\udfa8 Customizable to your theme<\/p>\n<p data-start=\"415\" data-end=\"572\">Perfect for birthdays, these cake toppers will bring a festive and original touch to your cakes.<br data-start=\"523\" data-end=\"526\">Created with care by <strong data-start=\"546\" data-end=\"569\">Kline Creations<\/strong>.<\/p>\n<p data-start=\"574\" data-end=\"635\">\ud83d\udce9 Contact us to order yours today!<\/p>\n<p data-start=\"637\" data-end=\"773\" data-is-last-node=\"\" data-is-only-node=\"\">\n","protected":false},"excerpt":{"rendered":"<p>Topper pour g\u00e2teau en forme de Cupcake \ud83c\udf89 Add a sweet and sparkly touch to your celebrations! \ud83e\uddc1Discover our stunning Cupcake-shaped Cake Toppers, completely handmade with love \ud83d\udc96, made of glitter vinyl and rigid foam paper for a shiny, strong and durable finish. \u2728 Available in several vibrant colors\ud83c\udf52 Embossed cherry and shiny details\ud83c\udfa8 Customizable [&hellip;]<\/p>\n","protected":false},"featured_media":7522,"comment_status":"open","ping_status":"closed","template":"","meta":{"_et_pb_use_builder":"","_et_pb_old_content":"","_et_gb_content_width":""},"product_brand":[],"product_cat":[1150,1288],"product_tag":[],"occasion":[],"class_list":{"0":"post-7954","1":"product","2":"type-product","3":"status-publish","4":"has-post-thumbnail","6":"product_cat-celebrations-events","7":"product_cat-cake-topper-decoration-en","8":"pa_couleur-gold-en","9":"pa_couleur-mallow","10":"pa_couleur-navy-blue","11":"pa_couleur-rose-en","13":"first","14":"instock","15":"shipping-taxable","16":"purchasable","17":"product-type-variable"},"yoast_head":"<!-- This site is optimized with the Yoast SEO plugin v27.2 - https:\/\/yoast.com\/product\/yoast-seo-wordpress\/ -->\n<title>Topper pour g\u00e2teau en forme de Cupcake - Les Cr\u00e9ations Kline<\/title>\n<meta name=\"description\" content=\"Cupcake toppers add a sweet and sparkly touch to your celebrations! Discover our beautiful Cupcake Toppers\" \/>\n<meta name=\"robots\" content=\"index, follow, max-snippet:-1, max-image-preview:large, max-video-preview:-1\" \/>\n<link rel=\"canonical\" href=\"https:\/\/www.lescreationskline.com\/en\/magasiner\/celebrations-events\/topper-pour-gateaus-en-forme-de-cupcake\/\" \/>\n<meta property=\"og:locale\" content=\"en_US\" \/>\n<meta property=\"og:type\" content=\"article\" \/>\n<meta property=\"og:title\" content=\"Topper pour g\u00e2teau en forme de Cupcake - Les Cr\u00e9ations Kline\" \/>\n<meta property=\"og:description\" content=\"Cupcake toppers add a sweet and sparkly touch to your celebrations! Discover our beautiful Cupcake Toppers\" \/>\n<meta property=\"og:url\" content=\"https:\/\/www.lescreationskline.com\/en\/magasiner\/celebrations-events\/topper-pour-gateaus-en-forme-de-cupcake\/\" \/>\n<meta property=\"og:site_name\" content=\"Les Cr\u00e9ations Kline\" \/>\n<meta property=\"article:modified_time\" content=\"2025-08-20T15:59:14+00:00\" \/>\n<meta property=\"og:image\" content=\"https:\/\/www.lescreationskline.com\/wp-content\/uploads\/2023\/06\/Original-size-Blue-Birthday-party-invitation-Instagram-post-7.png\" \/>\n\t<meta property=\"og:image:width\" content=\"1080\" \/>\n\t<meta property=\"og:image:height\" content=\"1080\" \/>\n\t<meta property=\"og:image:type\" content=\"image\/png\" \/>\n<script type=\"application\/ld+json\" class=\"yoast-schema-graph\">{\"@context\":\"https:\/\/schema.org\",\"@graph\":[{\"@type\":\"WebPage\",\"@id\":\"https:\/\/www.lescreationskline.com\/en\/magasiner\/celebrations-events\/topper-pour-gateaus-en-forme-de-cupcake\/\",\"url\":\"https:\/\/www.lescreationskline.com\/en\/magasiner\/celebrations-events\/topper-pour-gateaus-en-forme-de-cupcake\/\",\"name\":\"Topper pour g\u00e2teau en forme de Cupcake - Les Cr\u00e9ations Kline\",\"isPartOf\":{\"@id\":\"https:\/\/www.lescreationskline.com\/en\/#website\"},\"primaryImageOfPage\":{\"@id\":\"https:\/\/www.lescreationskline.com\/en\/magasiner\/celebrations-events\/topper-pour-gateaus-en-forme-de-cupcake\/#primaryimage\"},\"image\":{\"@id\":\"https:\/\/www.lescreationskline.com\/en\/magasiner\/celebrations-events\/topper-pour-gateaus-en-forme-de-cupcake\/#primaryimage\"},\"thumbnailUrl\":\"https:\/\/www.lescreationskline.com\/wp-content\/uploads\/2023\/06\/Original-size-Blue-Birthday-party-invitation-Instagram-post-7.png\",\"datePublished\":\"2025-07-19T18:08:38+00:00\",\"dateModified\":\"2025-08-20T15:59:14+00:00\",\"description\":\"Cupcake toppers add a sweet and sparkly touch to your celebrations! Discover our beautiful Cupcake Toppers\",\"breadcrumb\":{\"@id\":\"https:\/\/www.lescreationskline.com\/en\/magasiner\/celebrations-events\/topper-pour-gateaus-en-forme-de-cupcake\/#breadcrumb\"},\"inLanguage\":\"en-US\",\"potentialAction\":[{\"@type\":\"ReadAction\",\"target\":[\"https:\/\/www.lescreationskline.com\/en\/magasiner\/celebrations-events\/topper-pour-gateaus-en-forme-de-cupcake\/\"]}]},{\"@type\":\"ImageObject\",\"inLanguage\":\"en-US\",\"@id\":\"https:\/\/www.lescreationskline.com\/en\/magasiner\/celebrations-events\/topper-pour-gateaus-en-forme-de-cupcake\/#primaryimage\",\"url\":\"https:\/\/www.lescreationskline.com\/wp-content\/uploads\/2023\/06\/Original-size-Blue-Birthday-party-invitation-Instagram-post-7.png\",\"contentUrl\":\"https:\/\/www.lescreationskline.com\/wp-content\/uploads\/2023\/06\/Original-size-Blue-Birthday-party-invitation-Instagram-post-7.png\",\"width\":1080,\"height\":1080},{\"@type\":\"BreadcrumbList\",\"@id\":\"https:\/\/www.lescreationskline.com\/en\/magasiner\/celebrations-events\/topper-pour-gateaus-en-forme-de-cupcake\/#breadcrumb\",\"itemListElement\":[{\"@type\":\"ListItem\",\"position\":1,\"name\":\"Accueil\",\"item\":\"https:\/\/www.lescreationskline.com\/en\/reception\/\"},{\"@type\":\"ListItem\",\"position\":2,\"name\":\"Shop\",\"item\":\"https:\/\/www.lescreationskline.com\/en\/shop\/\"},{\"@type\":\"ListItem\",\"position\":3,\"name\":\"Celebrations &amp; Events\",\"item\":\"https:\/\/www.lescreationskline.com\/en\/categorie-produit\/celebrations-events\/\"},{\"@type\":\"ListItem\",\"position\":4,\"name\":\"Topper pour g\u00e2teau en forme de Cupcake\"}]},{\"@type\":\"WebSite\",\"@id\":\"https:\/\/www.lescreationskline.com\/en\/#website\",\"url\":\"https:\/\/www.lescreationskline.com\/en\/\",\"name\":\"Les Cr\u00e9ations Kline\",\"description\":\"Fabriqu\u00e9s \u00e0 la main\",\"potentialAction\":[{\"@type\":\"SearchAction\",\"target\":{\"@type\":\"EntryPoint\",\"urlTemplate\":\"https:\/\/www.lescreationskline.com\/en\/?s={search_term_string}\"},\"query-input\":{\"@type\":\"PropertyValueSpecification\",\"valueRequired\":true,\"valueName\":\"search_term_string\"}}],\"inLanguage\":\"en-US\"}]}<\/script>\n<!-- \/ Yoast SEO plugin. -->","yoast_head_json":{"title":"Topper pour g\u00e2teau en forme de Cupcake - Les Cr\u00e9ations Kline","description":"Cupcake toppers add a sweet and sparkly touch to your celebrations! Discover our beautiful Cupcake Toppers","robots":{"index":"index","follow":"follow","max-snippet":"max-snippet:-1","max-image-preview":"max-image-preview:large","max-video-preview":"max-video-preview:-1"},"canonical":"https:\/\/www.lescreationskline.com\/en\/magasiner\/celebrations-events\/topper-pour-gateaus-en-forme-de-cupcake\/","og_locale":"en_US","og_type":"article","og_title":"Topper pour g\u00e2teau en forme de Cupcake - Les Cr\u00e9ations Kline","og_description":"Cupcake toppers add a sweet and sparkly touch to your celebrations! Discover our beautiful Cupcake Toppers","og_url":"https:\/\/www.lescreationskline.com\/en\/magasiner\/celebrations-events\/topper-pour-gateaus-en-forme-de-cupcake\/","og_site_name":"Les Cr\u00e9ations Kline","article_modified_time":"2025-08-20T15:59:14+00:00","og_image":[{"width":1080,"height":1080,"url":"https:\/\/www.lescreationskline.com\/wp-content\/uploads\/2023\/06\/Original-size-Blue-Birthday-party-invitation-Instagram-post-7.png","type":"image\/png"}],"schema":{"@context":"https:\/\/schema.org","@graph":[{"@type":"WebPage","@id":"https:\/\/www.lescreationskline.com\/en\/magasiner\/celebrations-events\/topper-pour-gateaus-en-forme-de-cupcake\/","url":"https:\/\/www.lescreationskline.com\/en\/magasiner\/celebrations-events\/topper-pour-gateaus-en-forme-de-cupcake\/","name":"Topper pour g\u00e2teau en forme de Cupcake - Les Cr\u00e9ations Kline","isPartOf":{"@id":"https:\/\/www.lescreationskline.com\/en\/#website"},"primaryImageOfPage":{"@id":"https:\/\/www.lescreationskline.com\/en\/magasiner\/celebrations-events\/topper-pour-gateaus-en-forme-de-cupcake\/#primaryimage"},"image":{"@id":"https:\/\/www.lescreationskline.com\/en\/magasiner\/celebrations-events\/topper-pour-gateaus-en-forme-de-cupcake\/#primaryimage"},"thumbnailUrl":"https:\/\/www.lescreationskline.com\/wp-content\/uploads\/2023\/06\/Original-size-Blue-Birthday-party-invitation-Instagram-post-7.png","datePublished":"2025-07-19T18:08:38+00:00","dateModified":"2025-08-20T15:59:14+00:00","description":"Cupcake toppers add a sweet and sparkly touch to your celebrations! Discover our beautiful Cupcake Toppers","breadcrumb":{"@id":"https:\/\/www.lescreationskline.com\/en\/magasiner\/celebrations-events\/topper-pour-gateaus-en-forme-de-cupcake\/#breadcrumb"},"inLanguage":"en-US","potentialAction":[{"@type":"ReadAction","target":["https:\/\/www.lescreationskline.com\/en\/magasiner\/celebrations-events\/topper-pour-gateaus-en-forme-de-cupcake\/"]}]},{"@type":"ImageObject","inLanguage":"en-US","@id":"https:\/\/www.lescreationskline.com\/en\/magasiner\/celebrations-events\/topper-pour-gateaus-en-forme-de-cupcake\/#primaryimage","url":"https:\/\/www.lescreationskline.com\/wp-content\/uploads\/2023\/06\/Original-size-Blue-Birthday-party-invitation-Instagram-post-7.png","contentUrl":"https:\/\/www.lescreationskline.com\/wp-content\/uploads\/2023\/06\/Original-size-Blue-Birthday-party-invitation-Instagram-post-7.png","width":1080,"height":1080},{"@type":"BreadcrumbList","@id":"https:\/\/www.lescreationskline.com\/en\/magasiner\/celebrations-events\/topper-pour-gateaus-en-forme-de-cupcake\/#breadcrumb","itemListElement":[{"@type":"ListItem","position":1,"name":"Accueil","item":"https:\/\/www.lescreationskline.com\/en\/reception\/"},{"@type":"ListItem","position":2,"name":"Shop","item":"https:\/\/www.lescreationskline.com\/en\/shop\/"},{"@type":"ListItem","position":3,"name":"Celebrations &amp; Events","item":"https:\/\/www.lescreationskline.com\/en\/categorie-produit\/celebrations-events\/"},{"@type":"ListItem","position":4,"name":"Topper pour g\u00e2teau en forme de Cupcake"}]},{"@type":"WebSite","@id":"https:\/\/www.lescreationskline.com\/en\/#website","url":"https:\/\/www.lescreationskline.com\/en\/","name":"Les Cr\u00e9ations Kline","description":"Fabriqu\u00e9s \u00e0 la main","potentialAction":[{"@type":"SearchAction","target":{"@type":"EntryPoint","urlTemplate":"https:\/\/www.lescreationskline.com\/en\/?s={search_term_string}"},"query-input":{"@type":"PropertyValueSpecification","valueRequired":true,"valueName":"search_term_string"}}],"inLanguage":"en-US"}]}},"_links":{"self":[{"href":"https:\/\/www.lescreationskline.com\/en\/wp-json\/wp\/v2\/product\/7954","targetHints":{"allow":["GET"]}}],"collection":[{"href":"https:\/\/www.lescreationskline.com\/en\/wp-json\/wp\/v2\/product"}],"about":[{"href":"https:\/\/www.lescreationskline.com\/en\/wp-json\/wp\/v2\/types\/product"}],"replies":[{"embeddable":true,"href":"https:\/\/www.lescreationskline.com\/en\/wp-json\/wp\/v2\/comments?post=7954"}],"wp:featuredmedia":[{"embeddable":true,"href":"https:\/\/www.lescreationskline.com\/en\/wp-json\/wp\/v2\/media\/7522"}],"wp:attachment":[{"href":"https:\/\/www.lescreationskline.com\/en\/wp-json\/wp\/v2\/media?parent=7954"}],"wp:term":[{"taxonomy":"product_brand","embeddable":true,"href":"https:\/\/www.lescreationskline.com\/en\/wp-json\/wp\/v2\/product_brand?post=7954"},{"taxonomy":"product_cat","embeddable":true,"href":"https:\/\/www.lescreationskline.com\/en\/wp-json\/wp\/v2\/product_cat?post=7954"},{"taxonomy":"product_tag","embeddable":true,"href":"https:\/\/www.lescreationskline.com\/en\/wp-json\/wp\/v2\/product_tag?post=7954"},{"taxonomy":"occasion","embeddable":true,"href":"https:\/\/www.lescreationskline.com\/en\/wp-json\/wp\/v2\/occasion?post=7954"}],"curies":[{"name":"wp","href":"https:\/\/api.w.org\/{rel}","templated":true}]}}