{"id":7925,"date":"2025-06-25T17:00:59","date_gmt":"2025-06-25T21:00:59","guid":{"rendered":"https:\/\/www.lescreationskline.com\/produit\/personalized-ocean-inspired-badges\/"},"modified":"2025-08-19T20:56:25","modified_gmt":"2025-08-20T00:56:25","slug":"personalized-ocean-inspired-badges","status":"publish","type":"product","link":"https:\/\/www.lescreationskline.com\/en\/magasiner\/gift-ideas\/accessories\/personalized-ocean-inspired-badges\/","title":{"rendered":"Personalised epoxy resin badges"},"content":{"rendered":"<p data-start=\"73\" data-end=\"132\"> <strong data-start=\"76\" data-end=\"130\"> Personalized Ocean Colors Badges <\/strong><strong data-start=\"76\" data-end=\"130\">!<\/strong><\/p>\n<p data-start=\"134\" data-end=\"391\">Add a unique touch to your style with our <strong data-start=\"183\" data-end=\"233\">handmade badges with epoxy resin<\/strong> ! \ud83d\udc96<br data-start=\"238\" data-end=\"241\">Each badge is carefully crafted with love, creativity, and brilliance. Handmade with epoxy in the colors of the ocean. Perfect for your bags, clothes, uniforms or to give as a gift! \ud83c\udf81<\/p>\n<p data-start=\"393\" data-end=\"488\">\u2714\ufe0f Custom design available<br data-start=\"426\" data-end=\"429\">\u2714\ufe0f Tough and durable<br data-start=\"452\" data-end=\"455\">\u2714\ufe0f Made locally with passion<\/p>\n<p data-start=\"490\" data-end=\"660\">\ud83d\udce9 Contact us to create yours today!<br data-start=\"545\" data-end=\"548\">#BadgeEpoxy #ArtisanatQu\u00e9b\u00e9cois #Cr\u00e9ationUnique #FaitMain #AccessoiresPersonnalis\u00e9s #EpoxyArt #BadgePersonnalis\u00e9<\/p>\n","protected":false},"excerpt":{"rendered":"<p>Personalized Ocean Colors Badges ! Add a unique touch to your style with our handmade badges with epoxy resin ! \ud83d\udc96Each badge is carefully crafted with love, creativity, and brilliance. Handmade with epoxy in the colors of the ocean. Perfect for your bags, clothes, uniforms or to give as a gift! \ud83c\udf81 \u2714\ufe0f Custom design [&hellip;]<\/p>\n","protected":false},"featured_media":7737,"comment_status":"open","ping_status":"closed","template":"","meta":{"_et_pb_use_builder":"","_et_pb_old_content":"","_et_gb_content_width":""},"product_brand":[],"product_cat":[1267],"product_tag":[],"occasion":[],"class_list":{"0":"post-7925","1":"product","2":"type-product","3":"status-publish","4":"has-post-thumbnail","6":"product_cat-accessories","7":"product_shipping_class-cp-standard-free-envelope","9":"first","10":"instock","11":"shipping-taxable","12":"purchasable","13":"product-type-simple"},"yoast_head":"<!-- This site is optimized with the Yoast SEO plugin v27.2 - https:\/\/yoast.com\/product\/yoast-seo-wordpress\/ -->\n<title>Personalised epoxy resin badges - Les Cr\u00e9ations Kline<\/title>\n<meta name=\"description\" content=\"Personalized Ocean Colors Badges! Add a unique touch to your style with our handmade badges with epoxy resin!\" \/>\n<meta name=\"robots\" content=\"index, follow, max-snippet:-1, max-image-preview:large, max-video-preview:-1\" \/>\n<link rel=\"canonical\" href=\"https:\/\/www.lescreationskline.com\/en\/magasiner\/gift-ideas\/accessories\/personalized-ocean-inspired-badges\/\" \/>\n<meta property=\"og:locale\" content=\"en_US\" \/>\n<meta property=\"og:type\" content=\"article\" \/>\n<meta property=\"og:title\" content=\"Personalised epoxy resin badges - Les Cr\u00e9ations Kline\" \/>\n<meta property=\"og:description\" content=\"Personalized Ocean Colors Badges! Add a unique touch to your style with our handmade badges with epoxy resin!\" \/>\n<meta property=\"og:url\" content=\"https:\/\/www.lescreationskline.com\/en\/magasiner\/gift-ideas\/accessories\/personalized-ocean-inspired-badges\/\" \/>\n<meta property=\"og:site_name\" content=\"Les Cr\u00e9ations Kline\" \/>\n<meta property=\"article:modified_time\" content=\"2025-08-20T00:56:25+00:00\" \/>\n<meta property=\"og:image\" content=\"https:\/\/www.lescreationskline.com\/wp-content\/uploads\/2025\/06\/CATALOG-FACEBOOK-PUB-2025-06-25T164900.734.png\" \/>\n\t<meta property=\"og:image:width\" content=\"940\" \/>\n\t<meta property=\"og:image:height\" content=\"788\" \/>\n\t<meta property=\"og:image:type\" content=\"image\/png\" \/>\n<script type=\"application\/ld+json\" class=\"yoast-schema-graph\">{\"@context\":\"https:\/\/schema.org\",\"@graph\":[{\"@type\":\"WebPage\",\"@id\":\"https:\/\/www.lescreationskline.com\/en\/magasiner\/gift-ideas\/accessories\/personalized-ocean-inspired-badges\/\",\"url\":\"https:\/\/www.lescreationskline.com\/en\/magasiner\/gift-ideas\/accessories\/personalized-ocean-inspired-badges\/\",\"name\":\"Personalised epoxy resin badges - Les Cr\u00e9ations Kline\",\"isPartOf\":{\"@id\":\"https:\/\/www.lescreationskline.com\/en\/#website\"},\"primaryImageOfPage\":{\"@id\":\"https:\/\/www.lescreationskline.com\/en\/magasiner\/gift-ideas\/accessories\/personalized-ocean-inspired-badges\/#primaryimage\"},\"image\":{\"@id\":\"https:\/\/www.lescreationskline.com\/en\/magasiner\/gift-ideas\/accessories\/personalized-ocean-inspired-badges\/#primaryimage\"},\"thumbnailUrl\":\"https:\/\/www.lescreationskline.com\/wp-content\/uploads\/2025\/06\/CATALOG-FACEBOOK-PUB-2025-06-25T164900.734.png\",\"datePublished\":\"2025-06-25T21:00:59+00:00\",\"dateModified\":\"2025-08-20T00:56:25+00:00\",\"description\":\"Personalized Ocean Colors Badges! Add a unique touch to your style with our handmade badges with epoxy resin!\",\"breadcrumb\":{\"@id\":\"https:\/\/www.lescreationskline.com\/en\/magasiner\/gift-ideas\/accessories\/personalized-ocean-inspired-badges\/#breadcrumb\"},\"inLanguage\":\"en-US\",\"potentialAction\":[{\"@type\":\"ReadAction\",\"target\":[\"https:\/\/www.lescreationskline.com\/en\/magasiner\/gift-ideas\/accessories\/personalized-ocean-inspired-badges\/\"]}]},{\"@type\":\"ImageObject\",\"inLanguage\":\"en-US\",\"@id\":\"https:\/\/www.lescreationskline.com\/en\/magasiner\/gift-ideas\/accessories\/personalized-ocean-inspired-badges\/#primaryimage\",\"url\":\"https:\/\/www.lescreationskline.com\/wp-content\/uploads\/2025\/06\/CATALOG-FACEBOOK-PUB-2025-06-25T164900.734.png\",\"contentUrl\":\"https:\/\/www.lescreationskline.com\/wp-content\/uploads\/2025\/06\/CATALOG-FACEBOOK-PUB-2025-06-25T164900.734.png\",\"width\":940,\"height\":788,\"caption\":\"Personalised epoxy resin badges\"},{\"@type\":\"BreadcrumbList\",\"@id\":\"https:\/\/www.lescreationskline.com\/en\/magasiner\/gift-ideas\/accessories\/personalized-ocean-inspired-badges\/#breadcrumb\",\"itemListElement\":[{\"@type\":\"ListItem\",\"position\":1,\"name\":\"Accueil\",\"item\":\"https:\/\/www.lescreationskline.com\/en\/reception\/\"},{\"@type\":\"ListItem\",\"position\":2,\"name\":\"Shop\",\"item\":\"https:\/\/www.lescreationskline.com\/en\/shop\/\"},{\"@type\":\"ListItem\",\"position\":3,\"name\":\"Gift ideas\",\"item\":\"https:\/\/www.lescreationskline.com\/en\/categorie-produit\/gift-ideas\/\"},{\"@type\":\"ListItem\",\"position\":4,\"name\":\"Accessories\",\"item\":\"https:\/\/www.lescreationskline.com\/en\/categorie-produit\/gift-ideas\/accessories\/\"},{\"@type\":\"ListItem\",\"position\":5,\"name\":\"Personalised epoxy resin badges\"}]},{\"@type\":\"WebSite\",\"@id\":\"https:\/\/www.lescreationskline.com\/en\/#website\",\"url\":\"https:\/\/www.lescreationskline.com\/en\/\",\"name\":\"Les Cr\u00e9ations Kline\",\"description\":\"Fabriqu\u00e9s \u00e0 la main\",\"potentialAction\":[{\"@type\":\"SearchAction\",\"target\":{\"@type\":\"EntryPoint\",\"urlTemplate\":\"https:\/\/www.lescreationskline.com\/en\/?s={search_term_string}\"},\"query-input\":{\"@type\":\"PropertyValueSpecification\",\"valueRequired\":true,\"valueName\":\"search_term_string\"}}],\"inLanguage\":\"en-US\"}]}<\/script>\n<!-- \/ Yoast SEO plugin. -->","yoast_head_json":{"title":"Personalised epoxy resin badges - Les Cr\u00e9ations Kline","description":"Personalized Ocean Colors Badges! Add a unique touch to your style with our handmade badges with epoxy resin!","robots":{"index":"index","follow":"follow","max-snippet":"max-snippet:-1","max-image-preview":"max-image-preview:large","max-video-preview":"max-video-preview:-1"},"canonical":"https:\/\/www.lescreationskline.com\/en\/magasiner\/gift-ideas\/accessories\/personalized-ocean-inspired-badges\/","og_locale":"en_US","og_type":"article","og_title":"Personalised epoxy resin badges - Les Cr\u00e9ations Kline","og_description":"Personalized Ocean Colors Badges! Add a unique touch to your style with our handmade badges with epoxy resin!","og_url":"https:\/\/www.lescreationskline.com\/en\/magasiner\/gift-ideas\/accessories\/personalized-ocean-inspired-badges\/","og_site_name":"Les Cr\u00e9ations Kline","article_modified_time":"2025-08-20T00:56:25+00:00","og_image":[{"width":940,"height":788,"url":"https:\/\/www.lescreationskline.com\/wp-content\/uploads\/2025\/06\/CATALOG-FACEBOOK-PUB-2025-06-25T164900.734.png","type":"image\/png"}],"schema":{"@context":"https:\/\/schema.org","@graph":[{"@type":"WebPage","@id":"https:\/\/www.lescreationskline.com\/en\/magasiner\/gift-ideas\/accessories\/personalized-ocean-inspired-badges\/","url":"https:\/\/www.lescreationskline.com\/en\/magasiner\/gift-ideas\/accessories\/personalized-ocean-inspired-badges\/","name":"Personalised epoxy resin badges - Les Cr\u00e9ations Kline","isPartOf":{"@id":"https:\/\/www.lescreationskline.com\/en\/#website"},"primaryImageOfPage":{"@id":"https:\/\/www.lescreationskline.com\/en\/magasiner\/gift-ideas\/accessories\/personalized-ocean-inspired-badges\/#primaryimage"},"image":{"@id":"https:\/\/www.lescreationskline.com\/en\/magasiner\/gift-ideas\/accessories\/personalized-ocean-inspired-badges\/#primaryimage"},"thumbnailUrl":"https:\/\/www.lescreationskline.com\/wp-content\/uploads\/2025\/06\/CATALOG-FACEBOOK-PUB-2025-06-25T164900.734.png","datePublished":"2025-06-25T21:00:59+00:00","dateModified":"2025-08-20T00:56:25+00:00","description":"Personalized Ocean Colors Badges! Add a unique touch to your style with our handmade badges with epoxy resin!","breadcrumb":{"@id":"https:\/\/www.lescreationskline.com\/en\/magasiner\/gift-ideas\/accessories\/personalized-ocean-inspired-badges\/#breadcrumb"},"inLanguage":"en-US","potentialAction":[{"@type":"ReadAction","target":["https:\/\/www.lescreationskline.com\/en\/magasiner\/gift-ideas\/accessories\/personalized-ocean-inspired-badges\/"]}]},{"@type":"ImageObject","inLanguage":"en-US","@id":"https:\/\/www.lescreationskline.com\/en\/magasiner\/gift-ideas\/accessories\/personalized-ocean-inspired-badges\/#primaryimage","url":"https:\/\/www.lescreationskline.com\/wp-content\/uploads\/2025\/06\/CATALOG-FACEBOOK-PUB-2025-06-25T164900.734.png","contentUrl":"https:\/\/www.lescreationskline.com\/wp-content\/uploads\/2025\/06\/CATALOG-FACEBOOK-PUB-2025-06-25T164900.734.png","width":940,"height":788,"caption":"Personalised epoxy resin badges"},{"@type":"BreadcrumbList","@id":"https:\/\/www.lescreationskline.com\/en\/magasiner\/gift-ideas\/accessories\/personalized-ocean-inspired-badges\/#breadcrumb","itemListElement":[{"@type":"ListItem","position":1,"name":"Accueil","item":"https:\/\/www.lescreationskline.com\/en\/reception\/"},{"@type":"ListItem","position":2,"name":"Shop","item":"https:\/\/www.lescreationskline.com\/en\/shop\/"},{"@type":"ListItem","position":3,"name":"Gift ideas","item":"https:\/\/www.lescreationskline.com\/en\/categorie-produit\/gift-ideas\/"},{"@type":"ListItem","position":4,"name":"Accessories","item":"https:\/\/www.lescreationskline.com\/en\/categorie-produit\/gift-ideas\/accessories\/"},{"@type":"ListItem","position":5,"name":"Personalised epoxy resin badges"}]},{"@type":"WebSite","@id":"https:\/\/www.lescreationskline.com\/en\/#website","url":"https:\/\/www.lescreationskline.com\/en\/","name":"Les Cr\u00e9ations Kline","description":"Fabriqu\u00e9s \u00e0 la main","potentialAction":[{"@type":"SearchAction","target":{"@type":"EntryPoint","urlTemplate":"https:\/\/www.lescreationskline.com\/en\/?s={search_term_string}"},"query-input":{"@type":"PropertyValueSpecification","valueRequired":true,"valueName":"search_term_string"}}],"inLanguage":"en-US"}]}},"_links":{"self":[{"href":"https:\/\/www.lescreationskline.com\/en\/wp-json\/wp\/v2\/product\/7925","targetHints":{"allow":["GET"]}}],"collection":[{"href":"https:\/\/www.lescreationskline.com\/en\/wp-json\/wp\/v2\/product"}],"about":[{"href":"https:\/\/www.lescreationskline.com\/en\/wp-json\/wp\/v2\/types\/product"}],"replies":[{"embeddable":true,"href":"https:\/\/www.lescreationskline.com\/en\/wp-json\/wp\/v2\/comments?post=7925"}],"wp:featuredmedia":[{"embeddable":true,"href":"https:\/\/www.lescreationskline.com\/en\/wp-json\/wp\/v2\/media\/7737"}],"wp:attachment":[{"href":"https:\/\/www.lescreationskline.com\/en\/wp-json\/wp\/v2\/media?parent=7925"}],"wp:term":[{"taxonomy":"product_brand","embeddable":true,"href":"https:\/\/www.lescreationskline.com\/en\/wp-json\/wp\/v2\/product_brand?post=7925"},{"taxonomy":"product_cat","embeddable":true,"href":"https:\/\/www.lescreationskline.com\/en\/wp-json\/wp\/v2\/product_cat?post=7925"},{"taxonomy":"product_tag","embeddable":true,"href":"https:\/\/www.lescreationskline.com\/en\/wp-json\/wp\/v2\/product_tag?post=7925"},{"taxonomy":"occasion","embeddable":true,"href":"https:\/\/www.lescreationskline.com\/en\/wp-json\/wp\/v2\/occasion?post=7925"}],"curies":[{"name":"wp","href":"https:\/\/api.w.org\/{rel}","templated":true}]}}