{"id":7819,"date":"2025-07-23T20:32:35","date_gmt":"2025-07-24T00:32:35","guid":{"rendered":"https:\/\/www.lescreationskline.com\/produit\/titanic-cake-topper-personalized\/"},"modified":"2025-08-20T21:22:26","modified_gmt":"2025-08-21T01:22:26","slug":"titanic-cake-topper-personalized","status":"publish","type":"product","link":"https:\/\/www.lescreationskline.com\/en\/magasiner\/personalized-cake-topper\/titanic-cake-topper-personalized\/","title":{"rendered":"Titanic Cake Topper Personalized"},"content":{"rendered":"<p data-start=\"74\" data-end=\"398\"><strong data-start=\"77\" data-end=\"152\">Titanic Cake Topper <\/strong><\/p>\n<p data-start=\"74\" data-end=\"398\">\ud83d\udea2 <strong data-start=\"77\" data-end=\"152\">Dive into the world of the Titanic with our personalized Titanic Cake Topper!<\/strong> \ud83c\udf82\u2728<br data-start=\"156\" data-end=\"159\">Add a touch of elegance and nostalgia to your cake with our <strong data-start=\"231\" data-end=\"254\">Titanic Cake Topper,<\/strong> a unique creation inspired by the famous ocean liner. Perfect for fans of this legendary story or for any special themed celebration. <\/p>\n<p data-start=\"400\" data-end=\"545\">\ud83c\udf0a Handmade with care, this 3D topper is designed to capture everyone\u2019s attention and make your cake the centerpiece of the party.<\/p>\n<p data-start=\"547\" data-end=\"774\">\ud83c\udfa8 Personalize it with a name, an age, or a special message to make your event even more memorable.<br data-start=\"659\" data-end=\"662\">\ud83d\udecd\ufe0f Order yours now and support local craftsmanship with a piece handmade with love \ud83d\udc99<\/p>\n<p data-start=\"776\" data-end=\"906\">\n","protected":false},"excerpt":{"rendered":"<p>Titanic Cake Topper \ud83d\udea2 Dive into the world of the Titanic with our personalized Titanic Cake Topper! \ud83c\udf82\u2728Add a touch of elegance and nostalgia to your cake with our Titanic Cake Topper, a unique creation inspired by the famous ocean liner. Perfect for fans of this legendary story or for any special themed celebration. \ud83c\udf0a [&hellip;]<\/p>\n","protected":false},"featured_media":7756,"comment_status":"open","ping_status":"closed","template":"","meta":{"_et_pb_use_builder":"","_et_pb_old_content":"","_et_gb_content_width":""},"product_brand":[],"product_cat":[1150,1148],"product_tag":[],"occasion":[],"class_list":{"0":"post-7819","1":"product","2":"type-product","3":"status-publish","4":"has-post-thumbnail","6":"product_cat-celebrations-events","7":"product_cat-personalized-cake-topper","9":"first","10":"instock","11":"shipping-taxable","12":"purchasable","13":"product-type-simple"},"yoast_head":"<!-- This site is optimized with the Yoast SEO plugin v27.2 - https:\/\/yoast.com\/product\/yoast-seo-wordpress\/ -->\n<title>Titanic Cake Topper Personalized - Les Cr\u00e9ations Kline<\/title>\n<meta name=\"description\" content=\"Titanic Cake Topper, a unique creation inspired by the famous ocean liner. Perfect for fans of this legendary story or for any celebration.\" \/>\n<meta name=\"robots\" content=\"index, follow, max-snippet:-1, max-image-preview:large, max-video-preview:-1\" \/>\n<link rel=\"canonical\" href=\"https:\/\/www.lescreationskline.com\/en\/magasiner\/personalized-cake-topper\/titanic-cake-topper-personalized\/\" \/>\n<meta property=\"og:locale\" content=\"en_US\" \/>\n<meta property=\"og:type\" content=\"article\" \/>\n<meta property=\"og:title\" content=\"Titanic Cake Topper Personalized - Les Cr\u00e9ations Kline\" \/>\n<meta property=\"og:description\" content=\"Titanic Cake Topper, a unique creation inspired by the famous ocean liner. Perfect for fans of this legendary story or for any celebration.\" \/>\n<meta property=\"og:url\" content=\"https:\/\/www.lescreationskline.com\/en\/magasiner\/personalized-cake-topper\/titanic-cake-topper-personalized\/\" \/>\n<meta property=\"og:site_name\" content=\"Les Cr\u00e9ations Kline\" \/>\n<meta property=\"article:modified_time\" content=\"2025-08-21T01:22:26+00:00\" \/>\n<meta property=\"og:image\" content=\"https:\/\/www.lescreationskline.com\/wp-content\/uploads\/2025\/07\/CAKE-TOPPER-12.png\" \/>\n\t<meta property=\"og:image:width\" content=\"1080\" \/>\n\t<meta property=\"og:image:height\" content=\"1080\" \/>\n\t<meta property=\"og:image:type\" content=\"image\/png\" \/>\n<meta name=\"twitter:label1\" content=\"Est. reading time\" \/>\n\t<meta name=\"twitter:data1\" content=\"1 minute\" \/>\n<script type=\"application\/ld+json\" class=\"yoast-schema-graph\">{\"@context\":\"https:\/\/schema.org\",\"@graph\":[{\"@type\":\"WebPage\",\"@id\":\"https:\/\/www.lescreationskline.com\/en\/magasiner\/personalized-cake-topper\/titanic-cake-topper-personalized\/\",\"url\":\"https:\/\/www.lescreationskline.com\/en\/magasiner\/personalized-cake-topper\/titanic-cake-topper-personalized\/\",\"name\":\"Titanic Cake Topper Personalized - Les Cr\u00e9ations Kline\",\"isPartOf\":{\"@id\":\"https:\/\/www.lescreationskline.com\/en\/#website\"},\"primaryImageOfPage\":{\"@id\":\"https:\/\/www.lescreationskline.com\/en\/magasiner\/personalized-cake-topper\/titanic-cake-topper-personalized\/#primaryimage\"},\"image\":{\"@id\":\"https:\/\/www.lescreationskline.com\/en\/magasiner\/personalized-cake-topper\/titanic-cake-topper-personalized\/#primaryimage\"},\"thumbnailUrl\":\"https:\/\/www.lescreationskline.com\/wp-content\/uploads\/2025\/07\/CAKE-TOPPER-12.png\",\"datePublished\":\"2025-07-24T00:32:35+00:00\",\"dateModified\":\"2025-08-21T01:22:26+00:00\",\"description\":\"Titanic Cake Topper, a unique creation inspired by the famous ocean liner. Perfect for fans of this legendary story or for any celebration.\",\"breadcrumb\":{\"@id\":\"https:\/\/www.lescreationskline.com\/en\/magasiner\/personalized-cake-topper\/titanic-cake-topper-personalized\/#breadcrumb\"},\"inLanguage\":\"en-US\",\"potentialAction\":[{\"@type\":\"ReadAction\",\"target\":[\"https:\/\/www.lescreationskline.com\/en\/magasiner\/personalized-cake-topper\/titanic-cake-topper-personalized\/\"]}]},{\"@type\":\"ImageObject\",\"inLanguage\":\"en-US\",\"@id\":\"https:\/\/www.lescreationskline.com\/en\/magasiner\/personalized-cake-topper\/titanic-cake-topper-personalized\/#primaryimage\",\"url\":\"https:\/\/www.lescreationskline.com\/wp-content\/uploads\/2025\/07\/CAKE-TOPPER-12.png\",\"contentUrl\":\"https:\/\/www.lescreationskline.com\/wp-content\/uploads\/2025\/07\/CAKE-TOPPER-12.png\",\"width\":1080,\"height\":1080,\"caption\":\"Personalized Titanic Cake Topper\"},{\"@type\":\"BreadcrumbList\",\"@id\":\"https:\/\/www.lescreationskline.com\/en\/magasiner\/personalized-cake-topper\/titanic-cake-topper-personalized\/#breadcrumb\",\"itemListElement\":[{\"@type\":\"ListItem\",\"position\":1,\"name\":\"Accueil\",\"item\":\"https:\/\/www.lescreationskline.com\/en\/reception\/\"},{\"@type\":\"ListItem\",\"position\":2,\"name\":\"Shop\",\"item\":\"https:\/\/www.lescreationskline.com\/en\/shop\/\"},{\"@type\":\"ListItem\",\"position\":3,\"name\":\"Celebrations &amp; Events\",\"item\":\"https:\/\/www.lescreationskline.com\/en\/categorie-produit\/celebrations-events\/\"},{\"@type\":\"ListItem\",\"position\":4,\"name\":\"Titanic Cake Topper Personalized\"}]},{\"@type\":\"WebSite\",\"@id\":\"https:\/\/www.lescreationskline.com\/en\/#website\",\"url\":\"https:\/\/www.lescreationskline.com\/en\/\",\"name\":\"Les Cr\u00e9ations Kline\",\"description\":\"Fabriqu\u00e9s \u00e0 la main\",\"potentialAction\":[{\"@type\":\"SearchAction\",\"target\":{\"@type\":\"EntryPoint\",\"urlTemplate\":\"https:\/\/www.lescreationskline.com\/en\/?s={search_term_string}\"},\"query-input\":{\"@type\":\"PropertyValueSpecification\",\"valueRequired\":true,\"valueName\":\"search_term_string\"}}],\"inLanguage\":\"en-US\"}]}<\/script>\n<!-- \/ Yoast SEO plugin. -->","yoast_head_json":{"title":"Titanic Cake Topper Personalized - Les Cr\u00e9ations Kline","description":"Titanic Cake Topper, a unique creation inspired by the famous ocean liner. Perfect for fans of this legendary story or for any celebration.","robots":{"index":"index","follow":"follow","max-snippet":"max-snippet:-1","max-image-preview":"max-image-preview:large","max-video-preview":"max-video-preview:-1"},"canonical":"https:\/\/www.lescreationskline.com\/en\/magasiner\/personalized-cake-topper\/titanic-cake-topper-personalized\/","og_locale":"en_US","og_type":"article","og_title":"Titanic Cake Topper Personalized - Les Cr\u00e9ations Kline","og_description":"Titanic Cake Topper, a unique creation inspired by the famous ocean liner. Perfect for fans of this legendary story or for any celebration.","og_url":"https:\/\/www.lescreationskline.com\/en\/magasiner\/personalized-cake-topper\/titanic-cake-topper-personalized\/","og_site_name":"Les Cr\u00e9ations Kline","article_modified_time":"2025-08-21T01:22:26+00:00","og_image":[{"width":1080,"height":1080,"url":"https:\/\/www.lescreationskline.com\/wp-content\/uploads\/2025\/07\/CAKE-TOPPER-12.png","type":"image\/png"}],"twitter_misc":{"Est. reading time":"1 minute"},"schema":{"@context":"https:\/\/schema.org","@graph":[{"@type":"WebPage","@id":"https:\/\/www.lescreationskline.com\/en\/magasiner\/personalized-cake-topper\/titanic-cake-topper-personalized\/","url":"https:\/\/www.lescreationskline.com\/en\/magasiner\/personalized-cake-topper\/titanic-cake-topper-personalized\/","name":"Titanic Cake Topper Personalized - Les Cr\u00e9ations Kline","isPartOf":{"@id":"https:\/\/www.lescreationskline.com\/en\/#website"},"primaryImageOfPage":{"@id":"https:\/\/www.lescreationskline.com\/en\/magasiner\/personalized-cake-topper\/titanic-cake-topper-personalized\/#primaryimage"},"image":{"@id":"https:\/\/www.lescreationskline.com\/en\/magasiner\/personalized-cake-topper\/titanic-cake-topper-personalized\/#primaryimage"},"thumbnailUrl":"https:\/\/www.lescreationskline.com\/wp-content\/uploads\/2025\/07\/CAKE-TOPPER-12.png","datePublished":"2025-07-24T00:32:35+00:00","dateModified":"2025-08-21T01:22:26+00:00","description":"Titanic Cake Topper, a unique creation inspired by the famous ocean liner. Perfect for fans of this legendary story or for any celebration.","breadcrumb":{"@id":"https:\/\/www.lescreationskline.com\/en\/magasiner\/personalized-cake-topper\/titanic-cake-topper-personalized\/#breadcrumb"},"inLanguage":"en-US","potentialAction":[{"@type":"ReadAction","target":["https:\/\/www.lescreationskline.com\/en\/magasiner\/personalized-cake-topper\/titanic-cake-topper-personalized\/"]}]},{"@type":"ImageObject","inLanguage":"en-US","@id":"https:\/\/www.lescreationskline.com\/en\/magasiner\/personalized-cake-topper\/titanic-cake-topper-personalized\/#primaryimage","url":"https:\/\/www.lescreationskline.com\/wp-content\/uploads\/2025\/07\/CAKE-TOPPER-12.png","contentUrl":"https:\/\/www.lescreationskline.com\/wp-content\/uploads\/2025\/07\/CAKE-TOPPER-12.png","width":1080,"height":1080,"caption":"Personalized Titanic Cake Topper"},{"@type":"BreadcrumbList","@id":"https:\/\/www.lescreationskline.com\/en\/magasiner\/personalized-cake-topper\/titanic-cake-topper-personalized\/#breadcrumb","itemListElement":[{"@type":"ListItem","position":1,"name":"Accueil","item":"https:\/\/www.lescreationskline.com\/en\/reception\/"},{"@type":"ListItem","position":2,"name":"Shop","item":"https:\/\/www.lescreationskline.com\/en\/shop\/"},{"@type":"ListItem","position":3,"name":"Celebrations &amp; Events","item":"https:\/\/www.lescreationskline.com\/en\/categorie-produit\/celebrations-events\/"},{"@type":"ListItem","position":4,"name":"Titanic Cake Topper Personalized"}]},{"@type":"WebSite","@id":"https:\/\/www.lescreationskline.com\/en\/#website","url":"https:\/\/www.lescreationskline.com\/en\/","name":"Les Cr\u00e9ations Kline","description":"Fabriqu\u00e9s \u00e0 la main","potentialAction":[{"@type":"SearchAction","target":{"@type":"EntryPoint","urlTemplate":"https:\/\/www.lescreationskline.com\/en\/?s={search_term_string}"},"query-input":{"@type":"PropertyValueSpecification","valueRequired":true,"valueName":"search_term_string"}}],"inLanguage":"en-US"}]}},"_links":{"self":[{"href":"https:\/\/www.lescreationskline.com\/en\/wp-json\/wp\/v2\/product\/7819","targetHints":{"allow":["GET"]}}],"collection":[{"href":"https:\/\/www.lescreationskline.com\/en\/wp-json\/wp\/v2\/product"}],"about":[{"href":"https:\/\/www.lescreationskline.com\/en\/wp-json\/wp\/v2\/types\/product"}],"replies":[{"embeddable":true,"href":"https:\/\/www.lescreationskline.com\/en\/wp-json\/wp\/v2\/comments?post=7819"}],"wp:featuredmedia":[{"embeddable":true,"href":"https:\/\/www.lescreationskline.com\/en\/wp-json\/wp\/v2\/media\/7756"}],"wp:attachment":[{"href":"https:\/\/www.lescreationskline.com\/en\/wp-json\/wp\/v2\/media?parent=7819"}],"wp:term":[{"taxonomy":"product_brand","embeddable":true,"href":"https:\/\/www.lescreationskline.com\/en\/wp-json\/wp\/v2\/product_brand?post=7819"},{"taxonomy":"product_cat","embeddable":true,"href":"https:\/\/www.lescreationskline.com\/en\/wp-json\/wp\/v2\/product_cat?post=7819"},{"taxonomy":"product_tag","embeddable":true,"href":"https:\/\/www.lescreationskline.com\/en\/wp-json\/wp\/v2\/product_tag?post=7819"},{"taxonomy":"occasion","embeddable":true,"href":"https:\/\/www.lescreationskline.com\/en\/wp-json\/wp\/v2\/occasion?post=7819"}],"curies":[{"name":"wp","href":"https:\/\/api.w.org\/{rel}","templated":true}]}}