{"id":5937,"date":"2025-03-30T17:46:40","date_gmt":"2025-03-30T21:46:40","guid":{"rendered":"https:\/\/www.lescreationskline.com\/?post_type=product&#038;p=5937"},"modified":"2026-04-02T18:11:31","modified_gmt":"2026-04-02T22:11:31","slug":"t-shirt-skeleton-friends","status":"publish","type":"product","link":"https:\/\/www.lescreationskline.com\/en\/magasiner\/vetements-pour-toute-la-famille\/vetements-femmes\/t-shirt-skeleton-friends\/","title":{"rendered":"T-Shirt \u2013 Skeleton Friends"},"content":{"rendered":"<p class=\"\" data-start=\"0\" data-end=\"39\">\ud83d\udc55 <strong data-start=\"3\" data-end=\"33\">T-Shirt \u2013 Skeleton Friends<\/strong> \ud83d\udc80\u2728<\/p>\n<p class=\"\" data-start=\"41\" data-end=\"274\">Affichez un style original avec ce t-shirt Skeleton Friends ! Parfait pour les amateurs de squelettes, d\u2019Halloween ou simplement d\u2019un look d\u00e9cal\u00e9 et fun. Confortable et tendance, ce design unique est id\u00e9al pour toutes les saisons !<\/p>\n<p class=\"\" data-start=\"276\" data-end=\"433\">\u2714\ufe0f Impression par sublimation pour des couleurs durables<br data-start=\"332\" data-end=\"335\" \/>\u2714\ufe0f Tissu doux et agr\u00e9able \u00e0 porter<br data-start=\"369\" data-end=\"372\" \/>\u2714\ufe0f Id\u00e9al pour les fans d\u2019esth\u00e9tique gothique et alternative<\/p>\n<p class=\"\" data-start=\"435\" data-end=\"559\">\ud83d\uded2 <strong data-start=\"438\" data-end=\"527\">Commandez d\u00e8s maintenant et ajoutez une touche macabre et styl\u00e9e \u00e0 votre garde-robe !<\/strong> \ud83d\ude9a Livraison rapide disponible.<\/p>\n","protected":false},"excerpt":{"rendered":"<p>\ud83d\udc55 T-Shirt \u2013 Skeleton Friends \ud83d\udc80\u2728 Affichez un style original avec ce t-shirt Skeleton Friends ! Parfait pour les amateurs de squelettes, d\u2019Halloween ou simplement d\u2019un look d\u00e9cal\u00e9 et fun. Confortable et tendance, ce design unique est id\u00e9al pour toutes les saisons ! \u2714\ufe0f Impression par sublimation pour des couleurs durables\u2714\ufe0f Tissu doux et agr\u00e9able [&hellip;]<\/p>\n","protected":false},"featured_media":5871,"comment_status":"open","ping_status":"closed","template":"","meta":{"_et_pb_use_builder":"","_et_pb_old_content":"","_et_gb_content_width":""},"product_brand":[],"product_cat":[1094,1084],"product_tag":[3092],"occasion":[],"class_list":{"0":"post-5937","1":"product","2":"type-product","3":"status-publish","4":"has-post-thumbnail","6":"product_cat-vetements-pour-toute-la-famille","7":"product_cat-vetements-femmes","8":"product_tag-sublimation","9":"product_shipping_class-enveloppe-cp-standard-gratuite","11":"first","12":"instock","13":"shipping-taxable","14":"purchasable","15":"product-type-simple"},"yoast_head":"<!-- This site is optimized with the Yoast SEO plugin v27.2 - https:\/\/yoast.com\/product\/yoast-seo-wordpress\/ -->\n<title>T-Shirt \u2013 Skeleton Friends - Les Cr\u00e9ations Kline<\/title>\n<meta name=\"description\" content=\"t-shirt Skeleton Friends pour les amateurs d\u2019Halloween ou simplement d\u2019un look d\u00e9cal\u00e9 et fun. Design unique est id\u00e9al pour toutes les saisons !\" \/>\n<meta name=\"robots\" content=\"index, follow, max-snippet:-1, max-image-preview:large, max-video-preview:-1\" \/>\n<link rel=\"canonical\" href=\"https:\/\/www.lescreationskline.com\/en\/magasiner\/vetements-pour-toute-la-famille\/vetements-femmes\/t-shirt-skeleton-friends\/\" \/>\n<meta property=\"og:locale\" content=\"en_US\" \/>\n<meta property=\"og:type\" content=\"article\" \/>\n<meta property=\"og:title\" content=\"T-Shirt \u2013 Skeleton Friends - Les Cr\u00e9ations Kline\" \/>\n<meta property=\"og:description\" content=\"t-shirt Skeleton Friends pour les amateurs d\u2019Halloween ou simplement d\u2019un look d\u00e9cal\u00e9 et fun. Design unique est id\u00e9al pour toutes les saisons !\" \/>\n<meta property=\"og:url\" content=\"https:\/\/www.lescreationskline.com\/en\/magasiner\/vetements-pour-toute-la-famille\/vetements-femmes\/t-shirt-skeleton-friends\/\" \/>\n<meta property=\"og:site_name\" content=\"Les Cr\u00e9ations Kline\" \/>\n<meta property=\"article:modified_time\" content=\"2026-04-02T22:11:31+00:00\" \/>\n<meta property=\"og:image\" content=\"https:\/\/www.lescreationskline.com\/wp-content\/uploads\/2025\/03\/CATALOG-FACEBOOK-PUB-51.png\" \/>\n\t<meta property=\"og:image:width\" content=\"940\" \/>\n\t<meta property=\"og:image:height\" content=\"788\" \/>\n\t<meta property=\"og:image:type\" content=\"image\/png\" \/>\n<meta name=\"twitter:label1\" content=\"Est. reading time\" \/>\n\t<meta name=\"twitter:data1\" content=\"1 minute\" \/>\n<script type=\"application\/ld+json\" class=\"yoast-schema-graph\">{\"@context\":\"https:\/\/schema.org\",\"@graph\":[{\"@type\":\"WebPage\",\"@id\":\"https:\/\/www.lescreationskline.com\/en\/magasiner\/vetements-pour-toute-la-famille\/vetements-femmes\/t-shirt-skeleton-friends\/\",\"url\":\"https:\/\/www.lescreationskline.com\/en\/magasiner\/vetements-pour-toute-la-famille\/vetements-femmes\/t-shirt-skeleton-friends\/\",\"name\":\"T-Shirt \u2013 Skeleton Friends - Les Cr\u00e9ations Kline\",\"isPartOf\":{\"@id\":\"https:\/\/www.lescreationskline.com\/en\/#website\"},\"primaryImageOfPage\":{\"@id\":\"https:\/\/www.lescreationskline.com\/en\/magasiner\/vetements-pour-toute-la-famille\/vetements-femmes\/t-shirt-skeleton-friends\/#primaryimage\"},\"image\":{\"@id\":\"https:\/\/www.lescreationskline.com\/en\/magasiner\/vetements-pour-toute-la-famille\/vetements-femmes\/t-shirt-skeleton-friends\/#primaryimage\"},\"thumbnailUrl\":\"https:\/\/www.lescreationskline.com\/wp-content\/uploads\/2025\/03\/CATALOG-FACEBOOK-PUB-51.png\",\"datePublished\":\"2025-03-30T21:46:40+00:00\",\"dateModified\":\"2026-04-02T22:11:31+00:00\",\"description\":\"t-shirt Skeleton Friends pour les amateurs d\u2019Halloween ou simplement d\u2019un look d\u00e9cal\u00e9 et fun. Design unique est id\u00e9al pour toutes les saisons !\",\"breadcrumb\":{\"@id\":\"https:\/\/www.lescreationskline.com\/en\/magasiner\/vetements-pour-toute-la-famille\/vetements-femmes\/t-shirt-skeleton-friends\/#breadcrumb\"},\"inLanguage\":\"en-US\",\"potentialAction\":[{\"@type\":\"ReadAction\",\"target\":[\"https:\/\/www.lescreationskline.com\/en\/magasiner\/vetements-pour-toute-la-famille\/vetements-femmes\/t-shirt-skeleton-friends\/\"]}]},{\"@type\":\"ImageObject\",\"inLanguage\":\"en-US\",\"@id\":\"https:\/\/www.lescreationskline.com\/en\/magasiner\/vetements-pour-toute-la-famille\/vetements-femmes\/t-shirt-skeleton-friends\/#primaryimage\",\"url\":\"https:\/\/www.lescreationskline.com\/wp-content\/uploads\/2025\/03\/CATALOG-FACEBOOK-PUB-51.png\",\"contentUrl\":\"https:\/\/www.lescreationskline.com\/wp-content\/uploads\/2025\/03\/CATALOG-FACEBOOK-PUB-51.png\",\"width\":940,\"height\":788,\"caption\":\"T-Shirt \u2013 Skeleton Friends\"},{\"@type\":\"BreadcrumbList\",\"@id\":\"https:\/\/www.lescreationskline.com\/en\/magasiner\/vetements-pour-toute-la-famille\/vetements-femmes\/t-shirt-skeleton-friends\/#breadcrumb\",\"itemListElement\":[{\"@type\":\"ListItem\",\"position\":1,\"name\":\"Accueil\",\"item\":\"https:\/\/www.lescreationskline.com\/en\/\"},{\"@type\":\"ListItem\",\"position\":2,\"name\":\"Shop\",\"item\":\"https:\/\/www.lescreationskline.com\/en\/?page_id=7758\"},{\"@type\":\"ListItem\",\"position\":3,\"name\":\"Clothing for the whole family\",\"item\":\"https:\/\/www.lescreationskline.com\/en\/categorie-produit\/clothing-for-the-whole-family\/\"},{\"@type\":\"ListItem\",\"position\":4,\"name\":\"Women's Clothing\",\"item\":\"https:\/\/www.lescreationskline.com\/en\/categorie-produit\/shop\/womens-clothing\/\"},{\"@type\":\"ListItem\",\"position\":5,\"name\":\"T-Shirt \u2013 Skeleton Friends\"}]},{\"@type\":\"WebSite\",\"@id\":\"https:\/\/www.lescreationskline.com\/en\/#website\",\"url\":\"https:\/\/www.lescreationskline.com\/en\/\",\"name\":\"Les Cr\u00e9ations Kline\",\"description\":\"Fabriqu\u00e9s \u00e0 la main\",\"potentialAction\":[{\"@type\":\"SearchAction\",\"target\":{\"@type\":\"EntryPoint\",\"urlTemplate\":\"https:\/\/www.lescreationskline.com\/en\/?s={search_term_string}\"},\"query-input\":{\"@type\":\"PropertyValueSpecification\",\"valueRequired\":true,\"valueName\":\"search_term_string\"}}],\"inLanguage\":\"en-US\"}]}<\/script>\n<!-- \/ Yoast SEO plugin. -->","yoast_head_json":{"title":"T-Shirt \u2013 Skeleton Friends - Les Cr\u00e9ations Kline","description":"t-shirt Skeleton Friends pour les amateurs d\u2019Halloween ou simplement d\u2019un look d\u00e9cal\u00e9 et fun. Design unique est id\u00e9al pour toutes les saisons !","robots":{"index":"index","follow":"follow","max-snippet":"max-snippet:-1","max-image-preview":"max-image-preview:large","max-video-preview":"max-video-preview:-1"},"canonical":"https:\/\/www.lescreationskline.com\/en\/magasiner\/vetements-pour-toute-la-famille\/vetements-femmes\/t-shirt-skeleton-friends\/","og_locale":"en_US","og_type":"article","og_title":"T-Shirt \u2013 Skeleton Friends - Les Cr\u00e9ations Kline","og_description":"t-shirt Skeleton Friends pour les amateurs d\u2019Halloween ou simplement d\u2019un look d\u00e9cal\u00e9 et fun. Design unique est id\u00e9al pour toutes les saisons !","og_url":"https:\/\/www.lescreationskline.com\/en\/magasiner\/vetements-pour-toute-la-famille\/vetements-femmes\/t-shirt-skeleton-friends\/","og_site_name":"Les Cr\u00e9ations Kline","article_modified_time":"2026-04-02T22:11:31+00:00","og_image":[{"width":940,"height":788,"url":"https:\/\/www.lescreationskline.com\/wp-content\/uploads\/2025\/03\/CATALOG-FACEBOOK-PUB-51.png","type":"image\/png"}],"twitter_misc":{"Est. reading time":"1 minute"},"schema":{"@context":"https:\/\/schema.org","@graph":[{"@type":"WebPage","@id":"https:\/\/www.lescreationskline.com\/en\/magasiner\/vetements-pour-toute-la-famille\/vetements-femmes\/t-shirt-skeleton-friends\/","url":"https:\/\/www.lescreationskline.com\/en\/magasiner\/vetements-pour-toute-la-famille\/vetements-femmes\/t-shirt-skeleton-friends\/","name":"T-Shirt \u2013 Skeleton Friends - Les Cr\u00e9ations Kline","isPartOf":{"@id":"https:\/\/www.lescreationskline.com\/en\/#website"},"primaryImageOfPage":{"@id":"https:\/\/www.lescreationskline.com\/en\/magasiner\/vetements-pour-toute-la-famille\/vetements-femmes\/t-shirt-skeleton-friends\/#primaryimage"},"image":{"@id":"https:\/\/www.lescreationskline.com\/en\/magasiner\/vetements-pour-toute-la-famille\/vetements-femmes\/t-shirt-skeleton-friends\/#primaryimage"},"thumbnailUrl":"https:\/\/www.lescreationskline.com\/wp-content\/uploads\/2025\/03\/CATALOG-FACEBOOK-PUB-51.png","datePublished":"2025-03-30T21:46:40+00:00","dateModified":"2026-04-02T22:11:31+00:00","description":"t-shirt Skeleton Friends pour les amateurs d\u2019Halloween ou simplement d\u2019un look d\u00e9cal\u00e9 et fun. Design unique est id\u00e9al pour toutes les saisons !","breadcrumb":{"@id":"https:\/\/www.lescreationskline.com\/en\/magasiner\/vetements-pour-toute-la-famille\/vetements-femmes\/t-shirt-skeleton-friends\/#breadcrumb"},"inLanguage":"en-US","potentialAction":[{"@type":"ReadAction","target":["https:\/\/www.lescreationskline.com\/en\/magasiner\/vetements-pour-toute-la-famille\/vetements-femmes\/t-shirt-skeleton-friends\/"]}]},{"@type":"ImageObject","inLanguage":"en-US","@id":"https:\/\/www.lescreationskline.com\/en\/magasiner\/vetements-pour-toute-la-famille\/vetements-femmes\/t-shirt-skeleton-friends\/#primaryimage","url":"https:\/\/www.lescreationskline.com\/wp-content\/uploads\/2025\/03\/CATALOG-FACEBOOK-PUB-51.png","contentUrl":"https:\/\/www.lescreationskline.com\/wp-content\/uploads\/2025\/03\/CATALOG-FACEBOOK-PUB-51.png","width":940,"height":788,"caption":"T-Shirt \u2013 Skeleton Friends"},{"@type":"BreadcrumbList","@id":"https:\/\/www.lescreationskline.com\/en\/magasiner\/vetements-pour-toute-la-famille\/vetements-femmes\/t-shirt-skeleton-friends\/#breadcrumb","itemListElement":[{"@type":"ListItem","position":1,"name":"Accueil","item":"https:\/\/www.lescreationskline.com\/en\/"},{"@type":"ListItem","position":2,"name":"Shop","item":"https:\/\/www.lescreationskline.com\/en\/?page_id=7758"},{"@type":"ListItem","position":3,"name":"Clothing for the whole family","item":"https:\/\/www.lescreationskline.com\/en\/categorie-produit\/clothing-for-the-whole-family\/"},{"@type":"ListItem","position":4,"name":"Women's Clothing","item":"https:\/\/www.lescreationskline.com\/en\/categorie-produit\/shop\/womens-clothing\/"},{"@type":"ListItem","position":5,"name":"T-Shirt \u2013 Skeleton Friends"}]},{"@type":"WebSite","@id":"https:\/\/www.lescreationskline.com\/en\/#website","url":"https:\/\/www.lescreationskline.com\/en\/","name":"Les Cr\u00e9ations Kline","description":"Fabriqu\u00e9s \u00e0 la main","potentialAction":[{"@type":"SearchAction","target":{"@type":"EntryPoint","urlTemplate":"https:\/\/www.lescreationskline.com\/en\/?s={search_term_string}"},"query-input":{"@type":"PropertyValueSpecification","valueRequired":true,"valueName":"search_term_string"}}],"inLanguage":"en-US"}]}},"_links":{"self":[{"href":"https:\/\/www.lescreationskline.com\/en\/wp-json\/wp\/v2\/product\/5937","targetHints":{"allow":["GET"]}}],"collection":[{"href":"https:\/\/www.lescreationskline.com\/en\/wp-json\/wp\/v2\/product"}],"about":[{"href":"https:\/\/www.lescreationskline.com\/en\/wp-json\/wp\/v2\/types\/product"}],"replies":[{"embeddable":true,"href":"https:\/\/www.lescreationskline.com\/en\/wp-json\/wp\/v2\/comments?post=5937"}],"wp:featuredmedia":[{"embeddable":true,"href":"https:\/\/www.lescreationskline.com\/en\/wp-json\/wp\/v2\/media\/5871"}],"wp:attachment":[{"href":"https:\/\/www.lescreationskline.com\/en\/wp-json\/wp\/v2\/media?parent=5937"}],"wp:term":[{"taxonomy":"product_brand","embeddable":true,"href":"https:\/\/www.lescreationskline.com\/en\/wp-json\/wp\/v2\/product_brand?post=5937"},{"taxonomy":"product_cat","embeddable":true,"href":"https:\/\/www.lescreationskline.com\/en\/wp-json\/wp\/v2\/product_cat?post=5937"},{"taxonomy":"product_tag","embeddable":true,"href":"https:\/\/www.lescreationskline.com\/en\/wp-json\/wp\/v2\/product_tag?post=5937"},{"taxonomy":"occasion","embeddable":true,"href":"https:\/\/www.lescreationskline.com\/en\/wp-json\/wp\/v2\/occasion?post=5937"}],"curies":[{"name":"wp","href":"https:\/\/api.w.org\/{rel}","templated":true}]}}