{"id":5936,"date":"2025-03-30T17:38:20","date_gmt":"2025-03-30T21:38:20","guid":{"rendered":"https:\/\/www.lescreationskline.com\/?post_type=product&#038;p=5936"},"modified":"2026-04-02T18:11:37","modified_gmt":"2026-04-02T22:11:37","slug":"t-shirt-drinking-wine-feeling-fine","status":"publish","type":"product","link":"https:\/\/www.lescreationskline.com\/en\/magasiner\/vetements-pour-toute-la-famille\/vetements-femmes\/t-shirt-drinking-wine-feeling-fine\/","title":{"rendered":"T-Shirt \u2013 Drinking Wine &#038; Feeling Fine"},"content":{"rendered":"<p class=\"\" data-start=\"0\" data-end=\"46\">\ud83c\udf77 T-Shirt \u2013 Drinking Wine &amp; Feeling Fine \ud83c\udf77<\/p>\n<p class=\"\" data-start=\"48\" data-end=\"294\">Ajoutez une touche d&#8217;humour et d&#8217;\u00e9l\u00e9gance \u00e0 votre garde-robe avec ce t-shirt parfait pour les amateurs de vin ! Confortable et styl\u00e9, il est id\u00e9al pour vos soir\u00e9es entre amis, vos d\u00e9gustations ou simplement pour afficher votre amour du bon vin.<\/p>\n<p class=\"\" data-start=\"296\" data-end=\"475\">\u2714\ufe0f Impression par sublimation pour des couleurs \u00e9clatantes et durables<br data-start=\"366\" data-end=\"369\" \/>\u2714\ufe0f Tissu doux et confortable pour un port agr\u00e9able<br data-start=\"419\" data-end=\"422\" \/>\u2714\ufe0f Id\u00e9al pour les amateurs de vin et les \u00e9picuriens<\/p>\n<p class=\"\" data-start=\"477\" data-end=\"526\">\ud83c\udf47 Parfait en cadeau ou pour se faire plaisir !<\/p>\n<p class=\"\" data-start=\"528\" data-end=\"638\">\ud83d\udce9 Commandez d\u00e8s maintenant et savourez votre passion pour le vin avec style ! \ud83d\ude9a Livraison rapide disponible.<\/p>\n","protected":false},"excerpt":{"rendered":"<p>\ud83c\udf77 T-Shirt \u2013 Drinking Wine &amp; Feeling Fine \ud83c\udf77 Ajoutez une touche d&#8217;humour et d&#8217;\u00e9l\u00e9gance \u00e0 votre garde-robe avec ce t-shirt parfait pour les amateurs de vin ! Confortable et styl\u00e9, il est id\u00e9al pour vos soir\u00e9es entre amis, vos d\u00e9gustations ou simplement pour afficher votre amour du bon vin. \u2714\ufe0f Impression par sublimation pour [&hellip;]<\/p>\n","protected":false},"featured_media":5872,"comment_status":"open","ping_status":"closed","template":"","meta":{"_et_pb_use_builder":"","_et_pb_old_content":"","_et_gb_content_width":""},"product_brand":[],"product_cat":[1094,1084],"product_tag":[3092],"occasion":[],"class_list":{"0":"post-5936","1":"product","2":"type-product","3":"status-publish","4":"has-post-thumbnail","6":"product_cat-vetements-pour-toute-la-famille","7":"product_cat-vetements-femmes","8":"product_tag-sublimation","9":"product_shipping_class-enveloppe-cp-standard-gratuite","11":"first","12":"instock","13":"shipping-taxable","14":"purchasable","15":"product-type-simple"},"yoast_head":"<!-- This site is optimized with the Yoast SEO plugin v27.2 - https:\/\/yoast.com\/product\/yoast-seo-wordpress\/ -->\n<title>T-Shirt \u2013 Drinking Wine &amp; Feeling Fine - Les Cr\u00e9ations Kline<\/title>\n<meta name=\"description\" content=\"T-shirt Drinking Wine &amp; Feeling Fine ! Id\u00e9al pour vos soir\u00e9es entre amis, vos d\u00e9gustations ou simplement pour afficher votre amour du bon vin.\" \/>\n<meta name=\"robots\" content=\"index, follow, max-snippet:-1, max-image-preview:large, max-video-preview:-1\" \/>\n<link rel=\"canonical\" href=\"https:\/\/www.lescreationskline.com\/en\/magasiner\/vetements-pour-toute-la-famille\/vetements-femmes\/t-shirt-drinking-wine-feeling-fine\/\" \/>\n<meta property=\"og:locale\" content=\"en_US\" \/>\n<meta property=\"og:type\" content=\"article\" \/>\n<meta property=\"og:title\" content=\"T-Shirt \u2013 Drinking Wine &amp; Feeling Fine - Les Cr\u00e9ations Kline\" \/>\n<meta property=\"og:description\" content=\"T-shirt Drinking Wine &amp; Feeling Fine ! Id\u00e9al pour vos soir\u00e9es entre amis, vos d\u00e9gustations ou simplement pour afficher votre amour du bon vin.\" \/>\n<meta property=\"og:url\" content=\"https:\/\/www.lescreationskline.com\/en\/magasiner\/vetements-pour-toute-la-famille\/vetements-femmes\/t-shirt-drinking-wine-feeling-fine\/\" \/>\n<meta property=\"og:site_name\" content=\"Les Cr\u00e9ations Kline\" \/>\n<meta property=\"article:modified_time\" content=\"2026-04-02T22:11:37+00:00\" \/>\n<meta property=\"og:image\" content=\"https:\/\/www.lescreationskline.com\/wp-content\/uploads\/2025\/03\/CATALOG-FACEBOOK-PUB-53.png\" \/>\n\t<meta property=\"og:image:width\" content=\"940\" \/>\n\t<meta property=\"og:image:height\" content=\"788\" \/>\n\t<meta property=\"og:image:type\" content=\"image\/png\" \/>\n<meta name=\"twitter:label1\" content=\"Est. reading time\" \/>\n\t<meta name=\"twitter:data1\" content=\"1 minute\" \/>\n<script type=\"application\/ld+json\" class=\"yoast-schema-graph\">{\"@context\":\"https:\/\/schema.org\",\"@graph\":[{\"@type\":\"WebPage\",\"@id\":\"https:\/\/www.lescreationskline.com\/en\/magasiner\/vetements-pour-toute-la-famille\/vetements-femmes\/t-shirt-drinking-wine-feeling-fine\/\",\"url\":\"https:\/\/www.lescreationskline.com\/en\/magasiner\/vetements-pour-toute-la-famille\/vetements-femmes\/t-shirt-drinking-wine-feeling-fine\/\",\"name\":\"T-Shirt \u2013 Drinking Wine & Feeling Fine - Les Cr\u00e9ations Kline\",\"isPartOf\":{\"@id\":\"https:\/\/www.lescreationskline.com\/en\/#website\"},\"primaryImageOfPage\":{\"@id\":\"https:\/\/www.lescreationskline.com\/en\/magasiner\/vetements-pour-toute-la-famille\/vetements-femmes\/t-shirt-drinking-wine-feeling-fine\/#primaryimage\"},\"image\":{\"@id\":\"https:\/\/www.lescreationskline.com\/en\/magasiner\/vetements-pour-toute-la-famille\/vetements-femmes\/t-shirt-drinking-wine-feeling-fine\/#primaryimage\"},\"thumbnailUrl\":\"https:\/\/www.lescreationskline.com\/wp-content\/uploads\/2025\/03\/CATALOG-FACEBOOK-PUB-53.png\",\"datePublished\":\"2025-03-30T21:38:20+00:00\",\"dateModified\":\"2026-04-02T22:11:37+00:00\",\"description\":\"T-shirt Drinking Wine &amp; Feeling Fine ! Id\u00e9al pour vos soir\u00e9es entre amis, vos d\u00e9gustations ou simplement pour afficher votre amour du bon vin.\",\"breadcrumb\":{\"@id\":\"https:\/\/www.lescreationskline.com\/en\/magasiner\/vetements-pour-toute-la-famille\/vetements-femmes\/t-shirt-drinking-wine-feeling-fine\/#breadcrumb\"},\"inLanguage\":\"en-US\",\"potentialAction\":[{\"@type\":\"ReadAction\",\"target\":[\"https:\/\/www.lescreationskline.com\/en\/magasiner\/vetements-pour-toute-la-famille\/vetements-femmes\/t-shirt-drinking-wine-feeling-fine\/\"]}]},{\"@type\":\"ImageObject\",\"inLanguage\":\"en-US\",\"@id\":\"https:\/\/www.lescreationskline.com\/en\/magasiner\/vetements-pour-toute-la-famille\/vetements-femmes\/t-shirt-drinking-wine-feeling-fine\/#primaryimage\",\"url\":\"https:\/\/www.lescreationskline.com\/wp-content\/uploads\/2025\/03\/CATALOG-FACEBOOK-PUB-53.png\",\"contentUrl\":\"https:\/\/www.lescreationskline.com\/wp-content\/uploads\/2025\/03\/CATALOG-FACEBOOK-PUB-53.png\",\"width\":940,\"height\":788,\"caption\":\"T-Shirt \u2013 Drinking Wine & Feeling Fine\"},{\"@type\":\"BreadcrumbList\",\"@id\":\"https:\/\/www.lescreationskline.com\/en\/magasiner\/vetements-pour-toute-la-famille\/vetements-femmes\/t-shirt-drinking-wine-feeling-fine\/#breadcrumb\",\"itemListElement\":[{\"@type\":\"ListItem\",\"position\":1,\"name\":\"Accueil\",\"item\":\"https:\/\/www.lescreationskline.com\/en\/\"},{\"@type\":\"ListItem\",\"position\":2,\"name\":\"Shop\",\"item\":\"https:\/\/www.lescreationskline.com\/en\/?page_id=7758\"},{\"@type\":\"ListItem\",\"position\":3,\"name\":\"Clothing for the whole family\",\"item\":\"https:\/\/www.lescreationskline.com\/en\/categorie-produit\/clothing-for-the-whole-family\/\"},{\"@type\":\"ListItem\",\"position\":4,\"name\":\"Women's Clothing\",\"item\":\"https:\/\/www.lescreationskline.com\/en\/categorie-produit\/shop\/womens-clothing\/\"},{\"@type\":\"ListItem\",\"position\":5,\"name\":\"T-Shirt \u2013 Drinking Wine &#038; Feeling Fine\"}]},{\"@type\":\"WebSite\",\"@id\":\"https:\/\/www.lescreationskline.com\/en\/#website\",\"url\":\"https:\/\/www.lescreationskline.com\/en\/\",\"name\":\"Les Cr\u00e9ations Kline\",\"description\":\"Fabriqu\u00e9s \u00e0 la main\",\"potentialAction\":[{\"@type\":\"SearchAction\",\"target\":{\"@type\":\"EntryPoint\",\"urlTemplate\":\"https:\/\/www.lescreationskline.com\/en\/?s={search_term_string}\"},\"query-input\":{\"@type\":\"PropertyValueSpecification\",\"valueRequired\":true,\"valueName\":\"search_term_string\"}}],\"inLanguage\":\"en-US\"}]}<\/script>\n<!-- \/ Yoast SEO plugin. -->","yoast_head_json":{"title":"T-Shirt \u2013 Drinking Wine & Feeling Fine - Les Cr\u00e9ations Kline","description":"T-shirt Drinking Wine &amp; Feeling Fine ! Id\u00e9al pour vos soir\u00e9es entre amis, vos d\u00e9gustations ou simplement pour afficher votre amour du bon vin.","robots":{"index":"index","follow":"follow","max-snippet":"max-snippet:-1","max-image-preview":"max-image-preview:large","max-video-preview":"max-video-preview:-1"},"canonical":"https:\/\/www.lescreationskline.com\/en\/magasiner\/vetements-pour-toute-la-famille\/vetements-femmes\/t-shirt-drinking-wine-feeling-fine\/","og_locale":"en_US","og_type":"article","og_title":"T-Shirt \u2013 Drinking Wine & Feeling Fine - Les Cr\u00e9ations Kline","og_description":"T-shirt Drinking Wine &amp; Feeling Fine ! Id\u00e9al pour vos soir\u00e9es entre amis, vos d\u00e9gustations ou simplement pour afficher votre amour du bon vin.","og_url":"https:\/\/www.lescreationskline.com\/en\/magasiner\/vetements-pour-toute-la-famille\/vetements-femmes\/t-shirt-drinking-wine-feeling-fine\/","og_site_name":"Les Cr\u00e9ations Kline","article_modified_time":"2026-04-02T22:11:37+00:00","og_image":[{"width":940,"height":788,"url":"https:\/\/www.lescreationskline.com\/wp-content\/uploads\/2025\/03\/CATALOG-FACEBOOK-PUB-53.png","type":"image\/png"}],"twitter_misc":{"Est. reading time":"1 minute"},"schema":{"@context":"https:\/\/schema.org","@graph":[{"@type":"WebPage","@id":"https:\/\/www.lescreationskline.com\/en\/magasiner\/vetements-pour-toute-la-famille\/vetements-femmes\/t-shirt-drinking-wine-feeling-fine\/","url":"https:\/\/www.lescreationskline.com\/en\/magasiner\/vetements-pour-toute-la-famille\/vetements-femmes\/t-shirt-drinking-wine-feeling-fine\/","name":"T-Shirt \u2013 Drinking Wine & Feeling Fine - Les Cr\u00e9ations Kline","isPartOf":{"@id":"https:\/\/www.lescreationskline.com\/en\/#website"},"primaryImageOfPage":{"@id":"https:\/\/www.lescreationskline.com\/en\/magasiner\/vetements-pour-toute-la-famille\/vetements-femmes\/t-shirt-drinking-wine-feeling-fine\/#primaryimage"},"image":{"@id":"https:\/\/www.lescreationskline.com\/en\/magasiner\/vetements-pour-toute-la-famille\/vetements-femmes\/t-shirt-drinking-wine-feeling-fine\/#primaryimage"},"thumbnailUrl":"https:\/\/www.lescreationskline.com\/wp-content\/uploads\/2025\/03\/CATALOG-FACEBOOK-PUB-53.png","datePublished":"2025-03-30T21:38:20+00:00","dateModified":"2026-04-02T22:11:37+00:00","description":"T-shirt Drinking Wine &amp; Feeling Fine ! Id\u00e9al pour vos soir\u00e9es entre amis, vos d\u00e9gustations ou simplement pour afficher votre amour du bon vin.","breadcrumb":{"@id":"https:\/\/www.lescreationskline.com\/en\/magasiner\/vetements-pour-toute-la-famille\/vetements-femmes\/t-shirt-drinking-wine-feeling-fine\/#breadcrumb"},"inLanguage":"en-US","potentialAction":[{"@type":"ReadAction","target":["https:\/\/www.lescreationskline.com\/en\/magasiner\/vetements-pour-toute-la-famille\/vetements-femmes\/t-shirt-drinking-wine-feeling-fine\/"]}]},{"@type":"ImageObject","inLanguage":"en-US","@id":"https:\/\/www.lescreationskline.com\/en\/magasiner\/vetements-pour-toute-la-famille\/vetements-femmes\/t-shirt-drinking-wine-feeling-fine\/#primaryimage","url":"https:\/\/www.lescreationskline.com\/wp-content\/uploads\/2025\/03\/CATALOG-FACEBOOK-PUB-53.png","contentUrl":"https:\/\/www.lescreationskline.com\/wp-content\/uploads\/2025\/03\/CATALOG-FACEBOOK-PUB-53.png","width":940,"height":788,"caption":"T-Shirt \u2013 Drinking Wine & Feeling Fine"},{"@type":"BreadcrumbList","@id":"https:\/\/www.lescreationskline.com\/en\/magasiner\/vetements-pour-toute-la-famille\/vetements-femmes\/t-shirt-drinking-wine-feeling-fine\/#breadcrumb","itemListElement":[{"@type":"ListItem","position":1,"name":"Accueil","item":"https:\/\/www.lescreationskline.com\/en\/"},{"@type":"ListItem","position":2,"name":"Shop","item":"https:\/\/www.lescreationskline.com\/en\/?page_id=7758"},{"@type":"ListItem","position":3,"name":"Clothing for the whole family","item":"https:\/\/www.lescreationskline.com\/en\/categorie-produit\/clothing-for-the-whole-family\/"},{"@type":"ListItem","position":4,"name":"Women's Clothing","item":"https:\/\/www.lescreationskline.com\/en\/categorie-produit\/shop\/womens-clothing\/"},{"@type":"ListItem","position":5,"name":"T-Shirt \u2013 Drinking Wine &#038; Feeling Fine"}]},{"@type":"WebSite","@id":"https:\/\/www.lescreationskline.com\/en\/#website","url":"https:\/\/www.lescreationskline.com\/en\/","name":"Les Cr\u00e9ations Kline","description":"Fabriqu\u00e9s \u00e0 la main","potentialAction":[{"@type":"SearchAction","target":{"@type":"EntryPoint","urlTemplate":"https:\/\/www.lescreationskline.com\/en\/?s={search_term_string}"},"query-input":{"@type":"PropertyValueSpecification","valueRequired":true,"valueName":"search_term_string"}}],"inLanguage":"en-US"}]}},"_links":{"self":[{"href":"https:\/\/www.lescreationskline.com\/en\/wp-json\/wp\/v2\/product\/5936","targetHints":{"allow":["GET"]}}],"collection":[{"href":"https:\/\/www.lescreationskline.com\/en\/wp-json\/wp\/v2\/product"}],"about":[{"href":"https:\/\/www.lescreationskline.com\/en\/wp-json\/wp\/v2\/types\/product"}],"replies":[{"embeddable":true,"href":"https:\/\/www.lescreationskline.com\/en\/wp-json\/wp\/v2\/comments?post=5936"}],"wp:featuredmedia":[{"embeddable":true,"href":"https:\/\/www.lescreationskline.com\/en\/wp-json\/wp\/v2\/media\/5872"}],"wp:attachment":[{"href":"https:\/\/www.lescreationskline.com\/en\/wp-json\/wp\/v2\/media?parent=5936"}],"wp:term":[{"taxonomy":"product_brand","embeddable":true,"href":"https:\/\/www.lescreationskline.com\/en\/wp-json\/wp\/v2\/product_brand?post=5936"},{"taxonomy":"product_cat","embeddable":true,"href":"https:\/\/www.lescreationskline.com\/en\/wp-json\/wp\/v2\/product_cat?post=5936"},{"taxonomy":"product_tag","embeddable":true,"href":"https:\/\/www.lescreationskline.com\/en\/wp-json\/wp\/v2\/product_tag?post=5936"},{"taxonomy":"occasion","embeddable":true,"href":"https:\/\/www.lescreationskline.com\/en\/wp-json\/wp\/v2\/occasion?post=5936"}],"curies":[{"name":"wp","href":"https:\/\/api.w.org\/{rel}","templated":true}]}}