{"id":11581,"date":"2026-03-27T12:48:27","date_gmt":"2026-03-27T16:48:27","guid":{"rendered":"https:\/\/www.lescreationskline.com\/?post_type=product&#038;p=11581"},"modified":"2026-04-02T17:52:05","modified_gmt":"2026-04-02T21:52:05","slug":"autocollants-pour-vitres-pattes-de-chiens","status":"publish","type":"product","link":"https:\/\/www.lescreationskline.com\/en\/magasiner\/vinyle-logos\/autocollants-voiture-styles\/autocollants-pour-vitres-pattes-de-chiens\/","title":{"rendered":"Autocollants pour vitres \u2013 Pattes de chiens"},"content":{"rendered":"<h2 data-section-id=\"63lehi\" data-start=\"164\" data-end=\"218\">\ud83d\udc3e Autocollants pour vitres \u2013 Pattes de chiens \ud83d\udc3e<\/h2>\n<p data-start=\"220\" data-end=\"416\">Montrez votre amour pour vos compagnons \u00e0 quatre pattes avec nos autocollants vitres <strong data-start=\"305\" data-end=\"325\">pattes de chiens<\/strong>, parfaits pour personnaliser votre voiture et ajouter une touche adorable et originale !<\/p>\n<h3 data-section-id=\"1c7p9x8\" data-start=\"418\" data-end=\"442\">\u2728 Caract\u00e9ristiques :<\/h3>\n<ul data-start=\"443\" data-end=\"708\">\n<li data-section-id=\"1rx6evd\" data-start=\"443\" data-end=\"515\">\n<p data-start=\"445\" data-end=\"515\">Designs <strong data-start=\"453\" data-end=\"477\">mignons et d\u00e9taill\u00e9s<\/strong> : pattes, empreintes, motifs canins<\/p>\n<\/li>\n<li data-section-id=\"1hosbpn\" data-start=\"516\" data-end=\"568\">\n<p data-start=\"518\" data-end=\"568\">Conviennent \u00e0 toutes les vitres de votre voiture<\/p>\n<\/li>\n<li data-section-id=\"dkvdg9\" data-start=\"569\" data-end=\"625\">\n<p data-start=\"571\" data-end=\"625\">Faciles \u00e0 poser et \u00e0 retirer, sans laisser de traces<\/p>\n<\/li>\n<li data-section-id=\"10r1ocg\" data-start=\"626\" data-end=\"708\">\n<p data-start=\"628\" data-end=\"708\">Vinyle <strong data-start=\"635\" data-end=\"665\">de qualit\u00e9 professionnelle<\/strong>\u00a0pour une tenue longue dur\u00e9e<\/p>\n<\/li>\n<\/ul>\n<h3 data-section-id=\"1d0fpc7\" data-start=\"710\" data-end=\"726\">\ud83d\udc96 Options :<\/h3>\n<ul data-start=\"727\" data-end=\"885\">\n<li data-section-id=\"uhb1s1\" data-start=\"727\" data-end=\"823\">\n<p data-start=\"729\" data-end=\"823\"><strong data-start=\"729\" data-end=\"763\">Plusieurs couleurs disponibles<\/strong> : choisissez votre couleur pour un look personnalis\u00e9<\/p>\n<\/li>\n<li data-section-id=\"a00fil\" data-start=\"824\" data-end=\"885\">\n<p data-start=\"826\" data-end=\"885\">Plusieurs tailles pour s\u2019adapter \u00e0 vos vitres ou fen\u00eatres<\/p>\n<\/li>\n<\/ul>\n<h3 data-section-id=\"o1j2wg\" data-start=\"887\" data-end=\"906\">\ud83c\udf81 Id\u00e9al pour :<\/h3>\n<ul data-start=\"907\" data-end=\"1040\">\n<li data-section-id=\"8tm4ll\" data-start=\"907\" data-end=\"973\">\n<p data-start=\"909\" data-end=\"973\">Ajouter une <strong data-start=\"921\" data-end=\"955\">touche d\u00e9corative et originale<\/strong> \u00e0 votre voiture<\/p>\n<\/li>\n<li data-section-id=\"lzlgii\" data-start=\"974\" data-end=\"1040\">\n<p data-start=\"976\" data-end=\"1040\">Offrir en <strong data-start=\"986\" data-end=\"1014\">cadeau unique et cr\u00e9atif<\/strong> aux amoureux des chiens<\/p>\n<\/li>\n<\/ul>\n<p data-start=\"1042\" data-end=\"1179\">\ud83d\udca1 <strong data-start=\"1045\" data-end=\"1057\">Astuce :<\/strong> Combinez vos autocollants pattes de chiens avec nos autres designs pour un style encore plus adorable et personnalis\u00e9 !<\/p>\n","protected":false},"excerpt":{"rendered":"<p>Montrez votre amour pour vos compagnons \u00e0 quatre pattes avec nos autocollants vitres <strong data-start=\"305\" data-end=\"325\">pattes de chiens<\/strong>, parfaits pour personnaliser votre voiture et ajouter une touche adorable et originale !<\/p>\n","protected":false},"featured_media":11658,"comment_status":"open","ping_status":"closed","template":"","meta":{"_et_pb_use_builder":"","_et_pb_old_content":"","_et_gb_content_width":""},"product_brand":[],"product_cat":[486,2902,2906],"product_tag":[3087],"occasion":[],"class_list":{"0":"post-11581","1":"product","2":"type-product","3":"status-publish","4":"has-post-thumbnail","6":"product_cat-accessoires","7":"product_cat-autocollants-voiture-styles","8":"product_cat-autocollants-vitres-pleine-couverture","9":"product_tag-vinyle","10":"pa_grandeur-11-po-x-17-po","11":"pa_grandeur-22-po-x-18-po","12":"pa_grandeur-30-po-x-22-po","14":"first","15":"instock","16":"shipping-taxable","17":"purchasable","18":"product-type-variable"},"yoast_head":"<!-- This site is optimized with the Yoast SEO plugin v27.2 - https:\/\/yoast.com\/product\/yoast-seo-wordpress\/ -->\n<title>Autocollants pour vitres \u2013 Pattes de chiens - Les Cr\u00e9ations Kline<\/title>\n<meta name=\"description\" content=\"Montrez votre amour pour vos compagnons \u00e0 quatre pattes avec nos autocollants vitres pattes de chiens, personnaliser avec une touche adorable !\" \/>\n<meta name=\"robots\" content=\"index, follow, max-snippet:-1, max-image-preview:large, max-video-preview:-1\" \/>\n<link rel=\"canonical\" href=\"https:\/\/www.lescreationskline.com\/en\/magasiner\/vinyle-logos\/autocollants-voiture-styles\/autocollants-pour-vitres-pattes-de-chiens\/\" \/>\n<meta property=\"og:locale\" content=\"en_US\" \/>\n<meta property=\"og:type\" content=\"article\" \/>\n<meta property=\"og:title\" content=\"Autocollants pour vitres \u2013 Pattes de chiens - Les Cr\u00e9ations Kline\" \/>\n<meta property=\"og:description\" content=\"Montrez votre amour pour vos compagnons \u00e0 quatre pattes avec nos autocollants vitres pattes de chiens, personnaliser avec une touche adorable !\" \/>\n<meta property=\"og:url\" content=\"https:\/\/www.lescreationskline.com\/en\/magasiner\/vinyle-logos\/autocollants-voiture-styles\/autocollants-pour-vitres-pattes-de-chiens\/\" \/>\n<meta property=\"og:site_name\" content=\"Les Cr\u00e9ations Kline\" \/>\n<meta property=\"article:modified_time\" content=\"2026-04-02T21:52:05+00:00\" \/>\n<meta property=\"og:image\" content=\"https:\/\/www.lescreationskline.com\/wp-content\/uploads\/2026\/03\/Simple-Professional-LinkedIn-Profile-Picture-15.jpg\" \/>\n\t<meta property=\"og:image:width\" content=\"800\" \/>\n\t<meta property=\"og:image:height\" content=\"800\" \/>\n\t<meta property=\"og:image:type\" content=\"image\/jpeg\" \/>\n<meta name=\"twitter:label1\" content=\"Est. reading time\" \/>\n\t<meta name=\"twitter:data1\" content=\"1 minute\" \/>\n<script type=\"application\/ld+json\" class=\"yoast-schema-graph\">{\"@context\":\"https:\/\/schema.org\",\"@graph\":[{\"@type\":\"WebPage\",\"@id\":\"https:\/\/www.lescreationskline.com\/en\/magasiner\/vinyle-logos\/autocollants-voiture-styles\/autocollants-pour-vitres-pattes-de-chiens\/\",\"url\":\"https:\/\/www.lescreationskline.com\/en\/magasiner\/vinyle-logos\/autocollants-voiture-styles\/autocollants-pour-vitres-pattes-de-chiens\/\",\"name\":\"Autocollants pour vitres \u2013 Pattes de chiens - Les Cr\u00e9ations Kline\",\"isPartOf\":{\"@id\":\"https:\/\/www.lescreationskline.com\/en\/#website\"},\"primaryImageOfPage\":{\"@id\":\"https:\/\/www.lescreationskline.com\/en\/magasiner\/vinyle-logos\/autocollants-voiture-styles\/autocollants-pour-vitres-pattes-de-chiens\/#primaryimage\"},\"image\":{\"@id\":\"https:\/\/www.lescreationskline.com\/en\/magasiner\/vinyle-logos\/autocollants-voiture-styles\/autocollants-pour-vitres-pattes-de-chiens\/#primaryimage\"},\"thumbnailUrl\":\"https:\/\/www.lescreationskline.com\/wp-content\/uploads\/2026\/03\/Simple-Professional-LinkedIn-Profile-Picture-15.jpg\",\"datePublished\":\"2026-03-27T16:48:27+00:00\",\"dateModified\":\"2026-04-02T21:52:05+00:00\",\"description\":\"Montrez votre amour pour vos compagnons \u00e0 quatre pattes avec nos autocollants vitres pattes de chiens, personnaliser avec une touche adorable !\",\"breadcrumb\":{\"@id\":\"https:\/\/www.lescreationskline.com\/en\/magasiner\/vinyle-logos\/autocollants-voiture-styles\/autocollants-pour-vitres-pattes-de-chiens\/#breadcrumb\"},\"inLanguage\":\"en-US\",\"potentialAction\":[{\"@type\":\"ReadAction\",\"target\":[\"https:\/\/www.lescreationskline.com\/en\/magasiner\/vinyle-logos\/autocollants-voiture-styles\/autocollants-pour-vitres-pattes-de-chiens\/\"]}]},{\"@type\":\"ImageObject\",\"inLanguage\":\"en-US\",\"@id\":\"https:\/\/www.lescreationskline.com\/en\/magasiner\/vinyle-logos\/autocollants-voiture-styles\/autocollants-pour-vitres-pattes-de-chiens\/#primaryimage\",\"url\":\"https:\/\/www.lescreationskline.com\/wp-content\/uploads\/2026\/03\/Simple-Professional-LinkedIn-Profile-Picture-15.jpg\",\"contentUrl\":\"https:\/\/www.lescreationskline.com\/wp-content\/uploads\/2026\/03\/Simple-Professional-LinkedIn-Profile-Picture-15.jpg\",\"width\":800,\"height\":800},{\"@type\":\"BreadcrumbList\",\"@id\":\"https:\/\/www.lescreationskline.com\/en\/magasiner\/vinyle-logos\/autocollants-voiture-styles\/autocollants-pour-vitres-pattes-de-chiens\/#breadcrumb\",\"itemListElement\":[{\"@type\":\"ListItem\",\"position\":1,\"name\":\"Accueil\",\"item\":\"https:\/\/www.lescreationskline.com\/en\/reception\/\"},{\"@type\":\"ListItem\",\"position\":2,\"name\":\"Shop\",\"item\":\"https:\/\/www.lescreationskline.com\/en\/shop\/\"},{\"@type\":\"ListItem\",\"position\":3,\"name\":\"Vinyle &amp; logos\",\"item\":\"https:\/\/www.lescreationskline.com\/en\/categorie-produit\/vinyle-logos\/\"},{\"@type\":\"ListItem\",\"position\":4,\"name\":\"Autocollants Voiture Styl\u00e9s\",\"item\":\"https:\/\/www.lescreationskline.com\/en\/categorie-produit\/vinyle-logos\/autocollants-voiture-styles\/\"},{\"@type\":\"ListItem\",\"position\":5,\"name\":\"Autocollants Vitres Pleine Couverture\",\"item\":\"https:\/\/www.lescreationskline.com\/en\/categorie-produit\/vinyle-logos\/autocollants-voiture-styles\/autocollants-vitres-pleine-couverture\/\"},{\"@type\":\"ListItem\",\"position\":6,\"name\":\"Autocollants pour vitres \u2013 Pattes de chiens\"}]},{\"@type\":\"WebSite\",\"@id\":\"https:\/\/www.lescreationskline.com\/en\/#website\",\"url\":\"https:\/\/www.lescreationskline.com\/en\/\",\"name\":\"Les Cr\u00e9ations Kline\",\"description\":\"Fabriqu\u00e9s \u00e0 la main\",\"potentialAction\":[{\"@type\":\"SearchAction\",\"target\":{\"@type\":\"EntryPoint\",\"urlTemplate\":\"https:\/\/www.lescreationskline.com\/en\/?s={search_term_string}\"},\"query-input\":{\"@type\":\"PropertyValueSpecification\",\"valueRequired\":true,\"valueName\":\"search_term_string\"}}],\"inLanguage\":\"en-US\"}]}<\/script>\n<!-- \/ Yoast SEO plugin. -->","yoast_head_json":{"title":"Autocollants pour vitres \u2013 Pattes de chiens - Les Cr\u00e9ations Kline","description":"Montrez votre amour pour vos compagnons \u00e0 quatre pattes avec nos autocollants vitres pattes de chiens, personnaliser avec une touche adorable !","robots":{"index":"index","follow":"follow","max-snippet":"max-snippet:-1","max-image-preview":"max-image-preview:large","max-video-preview":"max-video-preview:-1"},"canonical":"https:\/\/www.lescreationskline.com\/en\/magasiner\/vinyle-logos\/autocollants-voiture-styles\/autocollants-pour-vitres-pattes-de-chiens\/","og_locale":"en_US","og_type":"article","og_title":"Autocollants pour vitres \u2013 Pattes de chiens - Les Cr\u00e9ations Kline","og_description":"Montrez votre amour pour vos compagnons \u00e0 quatre pattes avec nos autocollants vitres pattes de chiens, personnaliser avec une touche adorable !","og_url":"https:\/\/www.lescreationskline.com\/en\/magasiner\/vinyle-logos\/autocollants-voiture-styles\/autocollants-pour-vitres-pattes-de-chiens\/","og_site_name":"Les Cr\u00e9ations Kline","article_modified_time":"2026-04-02T21:52:05+00:00","og_image":[{"width":800,"height":800,"url":"https:\/\/www.lescreationskline.com\/wp-content\/uploads\/2026\/03\/Simple-Professional-LinkedIn-Profile-Picture-15.jpg","type":"image\/jpeg"}],"twitter_misc":{"Est. reading time":"1 minute"},"schema":{"@context":"https:\/\/schema.org","@graph":[{"@type":"WebPage","@id":"https:\/\/www.lescreationskline.com\/en\/magasiner\/vinyle-logos\/autocollants-voiture-styles\/autocollants-pour-vitres-pattes-de-chiens\/","url":"https:\/\/www.lescreationskline.com\/en\/magasiner\/vinyle-logos\/autocollants-voiture-styles\/autocollants-pour-vitres-pattes-de-chiens\/","name":"Autocollants pour vitres \u2013 Pattes de chiens - Les Cr\u00e9ations Kline","isPartOf":{"@id":"https:\/\/www.lescreationskline.com\/en\/#website"},"primaryImageOfPage":{"@id":"https:\/\/www.lescreationskline.com\/en\/magasiner\/vinyle-logos\/autocollants-voiture-styles\/autocollants-pour-vitres-pattes-de-chiens\/#primaryimage"},"image":{"@id":"https:\/\/www.lescreationskline.com\/en\/magasiner\/vinyle-logos\/autocollants-voiture-styles\/autocollants-pour-vitres-pattes-de-chiens\/#primaryimage"},"thumbnailUrl":"https:\/\/www.lescreationskline.com\/wp-content\/uploads\/2026\/03\/Simple-Professional-LinkedIn-Profile-Picture-15.jpg","datePublished":"2026-03-27T16:48:27+00:00","dateModified":"2026-04-02T21:52:05+00:00","description":"Montrez votre amour pour vos compagnons \u00e0 quatre pattes avec nos autocollants vitres pattes de chiens, personnaliser avec une touche adorable !","breadcrumb":{"@id":"https:\/\/www.lescreationskline.com\/en\/magasiner\/vinyle-logos\/autocollants-voiture-styles\/autocollants-pour-vitres-pattes-de-chiens\/#breadcrumb"},"inLanguage":"en-US","potentialAction":[{"@type":"ReadAction","target":["https:\/\/www.lescreationskline.com\/en\/magasiner\/vinyle-logos\/autocollants-voiture-styles\/autocollants-pour-vitres-pattes-de-chiens\/"]}]},{"@type":"ImageObject","inLanguage":"en-US","@id":"https:\/\/www.lescreationskline.com\/en\/magasiner\/vinyle-logos\/autocollants-voiture-styles\/autocollants-pour-vitres-pattes-de-chiens\/#primaryimage","url":"https:\/\/www.lescreationskline.com\/wp-content\/uploads\/2026\/03\/Simple-Professional-LinkedIn-Profile-Picture-15.jpg","contentUrl":"https:\/\/www.lescreationskline.com\/wp-content\/uploads\/2026\/03\/Simple-Professional-LinkedIn-Profile-Picture-15.jpg","width":800,"height":800},{"@type":"BreadcrumbList","@id":"https:\/\/www.lescreationskline.com\/en\/magasiner\/vinyle-logos\/autocollants-voiture-styles\/autocollants-pour-vitres-pattes-de-chiens\/#breadcrumb","itemListElement":[{"@type":"ListItem","position":1,"name":"Accueil","item":"https:\/\/www.lescreationskline.com\/en\/reception\/"},{"@type":"ListItem","position":2,"name":"Shop","item":"https:\/\/www.lescreationskline.com\/en\/shop\/"},{"@type":"ListItem","position":3,"name":"Vinyle &amp; logos","item":"https:\/\/www.lescreationskline.com\/en\/categorie-produit\/vinyle-logos\/"},{"@type":"ListItem","position":4,"name":"Autocollants Voiture Styl\u00e9s","item":"https:\/\/www.lescreationskline.com\/en\/categorie-produit\/vinyle-logos\/autocollants-voiture-styles\/"},{"@type":"ListItem","position":5,"name":"Autocollants Vitres Pleine Couverture","item":"https:\/\/www.lescreationskline.com\/en\/categorie-produit\/vinyle-logos\/autocollants-voiture-styles\/autocollants-vitres-pleine-couverture\/"},{"@type":"ListItem","position":6,"name":"Autocollants pour vitres \u2013 Pattes de chiens"}]},{"@type":"WebSite","@id":"https:\/\/www.lescreationskline.com\/en\/#website","url":"https:\/\/www.lescreationskline.com\/en\/","name":"Les Cr\u00e9ations Kline","description":"Fabriqu\u00e9s \u00e0 la main","potentialAction":[{"@type":"SearchAction","target":{"@type":"EntryPoint","urlTemplate":"https:\/\/www.lescreationskline.com\/en\/?s={search_term_string}"},"query-input":{"@type":"PropertyValueSpecification","valueRequired":true,"valueName":"search_term_string"}}],"inLanguage":"en-US"}]}},"_links":{"self":[{"href":"https:\/\/www.lescreationskline.com\/en\/wp-json\/wp\/v2\/product\/11581","targetHints":{"allow":["GET"]}}],"collection":[{"href":"https:\/\/www.lescreationskline.com\/en\/wp-json\/wp\/v2\/product"}],"about":[{"href":"https:\/\/www.lescreationskline.com\/en\/wp-json\/wp\/v2\/types\/product"}],"replies":[{"embeddable":true,"href":"https:\/\/www.lescreationskline.com\/en\/wp-json\/wp\/v2\/comments?post=11581"}],"wp:featuredmedia":[{"embeddable":true,"href":"https:\/\/www.lescreationskline.com\/en\/wp-json\/wp\/v2\/media\/11658"}],"wp:attachment":[{"href":"https:\/\/www.lescreationskline.com\/en\/wp-json\/wp\/v2\/media?parent=11581"}],"wp:term":[{"taxonomy":"product_brand","embeddable":true,"href":"https:\/\/www.lescreationskline.com\/en\/wp-json\/wp\/v2\/product_brand?post=11581"},{"taxonomy":"product_cat","embeddable":true,"href":"https:\/\/www.lescreationskline.com\/en\/wp-json\/wp\/v2\/product_cat?post=11581"},{"taxonomy":"product_tag","embeddable":true,"href":"https:\/\/www.lescreationskline.com\/en\/wp-json\/wp\/v2\/product_tag?post=11581"},{"taxonomy":"occasion","embeddable":true,"href":"https:\/\/www.lescreationskline.com\/en\/wp-json\/wp\/v2\/occasion?post=11581"}],"curies":[{"name":"wp","href":"https:\/\/api.w.org\/{rel}","templated":true}]}}